{"id":9110,"date":"2024-12-04T02:42:37","date_gmt":"2024-12-04T02:42:37","guid":{"rendered":"https:\/\/fastr.us\/?post_type=product&#038;p=9110"},"modified":"2024-12-11T17:01:15","modified_gmt":"2024-12-11T17:01:15","slug":"google-review-stand","status":"publish","type":"product","link":"https:\/\/fastrlink.com\/sq\/produkt\/google-review-stand\/","title":{"rendered":"Google Stand"},"content":{"rendered":"<p>Produktet tona dixhitale t\u00eb hijshme dhe miq\u00ebsore p\u00ebr p\u00ebrdoruesit inkurajojn\u00eb klient\u00ebt t\u00eb l\u00ebn\u00eb komente pozitive n\u00eb vet\u00ebm disa hapa t\u00eb thjesht\u00eb, duke rritur shikueshm\u00ebrin\u00eb dhe reputacionin tuaj n\u00eb internet. Ideale p\u00ebr bizneset e t\u00eb gjitha llojeve, Fastrlink ju ndihmon t\u00eb forconi biznesin tuaj dhe t\u00eb t\u00ebrheqni m\u00eb shum\u00eb klient\u00eb p\u00ebrmes vler\u00ebsimeve t\u00eb besuara n\u00eb Google.<\/p>","protected":false},"excerpt":{"rendered":"<p>Rriteni biznesin tuaj me Google Review NFC Stand me vler\u00ebsime nga klient\u00ebt tuaj duke krijuar nj\u00eb audienc\u00eb t\u00eb bujshme.<\/p>","protected":false},"featured_media":9111,"template":"","meta":{"content-type":""},"product_brand":[],"product_cat":[75],"product_tag":[],"class_list":{"0":"post-9110","1":"product","2":"type-product","3":"status-publish","4":"has-post-thumbnail","6":"product_cat-stands","7":"eutf-entry-item","9":"first","10":"instock","11":"taxable","12":"shipping-taxable","13":"purchasable","14":"product-type-simple"},"yoast_head":"<!-- This site is optimized with the Yoast SEO Premium plugin v23.9 (Yoast SEO v23.9) - https:\/\/yoast.com\/wordpress\/plugins\/seo\/ -->\n<title>Google Stand - Fastrlink.com<\/title>\n<meta name=\"robots\" content=\"index, follow, max-snippet:-1, max-image-preview:large, max-video-preview:-1\" \/>\n<link rel=\"canonical\" href=\"https:\/\/fastrlink.com\/sq\/produkt\/google-review-stand\/\" \/>\n<meta property=\"og:locale\" content=\"sq_AL\" \/>\n<meta property=\"og:type\" content=\"article\" \/>\n<meta property=\"og:title\" content=\"Google Stand\" \/>\n<meta property=\"og:description\" content=\"Grow your business with our Google Review NFC Stand.\" \/>\n<meta property=\"og:url\" content=\"https:\/\/fastrlink.com\/sq\/produkt\/google-review-stand\/\" \/>\n<meta property=\"og:site_name\" content=\"Fastrlink.com\" \/>\n<meta property=\"article:publisher\" content=\"https:\/\/facebook.com\/fastrlink\" \/>\n<meta property=\"article:modified_time\" content=\"2024-12-11T17:01:15+00:00\" \/>\n<meta property=\"og:image\" content=\"https:\/\/fastrlink.com\/wp-content\/uploads\/2024\/12\/49.jpg\" \/>\n\t<meta property=\"og:image:width\" content=\"1600\" \/>\n\t<meta property=\"og:image:height\" content=\"1601\" \/>\n\t<meta property=\"og:image:type\" content=\"image\/jpeg\" \/>\n<meta name=\"twitter:card\" content=\"summary_large_image\" \/>\n<meta name=\"twitter:label1\" content=\"Est. reading time\" \/>\n\t<meta name=\"twitter:data1\" content=\"1 minut\u00eb\" \/>\n<script type=\"application\/ld+json\" class=\"yoast-schema-graph\">{\"@context\":\"https:\/\/schema.org\",\"@graph\":[{\"@type\":\"WebPage\",\"@id\":\"https:\/\/fastrlink.com\/product\/google-review-stand\/\",\"url\":\"https:\/\/fastrlink.com\/product\/google-review-stand\/\",\"name\":\"Google Stand - Fastrlink.com\",\"isPartOf\":{\"@id\":\"https:\/\/fastrlink.com\/#website\"},\"primaryImageOfPage\":{\"@id\":\"https:\/\/fastrlink.com\/product\/google-review-stand\/#primaryimage\"},\"image\":{\"@id\":\"https:\/\/fastrlink.com\/product\/google-review-stand\/#primaryimage\"},\"thumbnailUrl\":\"https:\/\/fastrlink.com\/wp-content\/uploads\/2024\/12\/49.jpg\",\"datePublished\":\"2024-12-04T02:42:37+00:00\",\"dateModified\":\"2024-12-11T17:01:15+00:00\",\"breadcrumb\":{\"@id\":\"https:\/\/fastrlink.com\/product\/google-review-stand\/#breadcrumb\"},\"inLanguage\":\"sq\",\"potentialAction\":[{\"@type\":\"ReadAction\",\"target\":[\"https:\/\/fastrlink.com\/product\/google-review-stand\/\"]}]},{\"@type\":\"ImageObject\",\"inLanguage\":\"sq\",\"@id\":\"https:\/\/fastrlink.com\/product\/google-review-stand\/#primaryimage\",\"url\":\"https:\/\/fastrlink.com\/wp-content\/uploads\/2024\/12\/49.jpg\",\"contentUrl\":\"https:\/\/fastrlink.com\/wp-content\/uploads\/2024\/12\/49.jpg\",\"width\":1600,\"height\":1601},{\"@type\":\"BreadcrumbList\",\"@id\":\"https:\/\/fastrlink.com\/product\/google-review-stand\/#breadcrumb\",\"itemListElement\":[{\"@type\":\"ListItem\",\"position\":1,\"name\":\"Home\",\"item\":\"https:\/\/fastrlink.com\/\"},{\"@type\":\"ListItem\",\"position\":2,\"name\":\"Shop\",\"item\":\"https:\/\/fastrlink.com\/shop\/\"},{\"@type\":\"ListItem\",\"position\":3,\"name\":\"Google Stand\"}]},{\"@type\":\"WebSite\",\"@id\":\"https:\/\/fastrlink.com\/#website\",\"url\":\"https:\/\/fastrlink.com\/\",\"name\":\"Fastrlink.com\",\"description\":\"Digital Business Cards\",\"publisher\":{\"@id\":\"https:\/\/fastrlink.com\/#organization\"},\"potentialAction\":[{\"@type\":\"SearchAction\",\"target\":{\"@type\":\"EntryPoint\",\"urlTemplate\":\"https:\/\/fastrlink.com\/?s={search_term_string}\"},\"query-input\":{\"@type\":\"PropertyValueSpecification\",\"valueRequired\":true,\"valueName\":\"search_term_string\"}}],\"inLanguage\":\"sq\"},{\"@type\":\"Organization\",\"@id\":\"https:\/\/fastrlink.com\/#organization\",\"name\":\"Fastrlink.com\",\"url\":\"https:\/\/fastrlink.com\/\",\"logo\":{\"@type\":\"ImageObject\",\"inLanguage\":\"sq\",\"@id\":\"https:\/\/fastrlink.com\/#\/schema\/logo\/image\/\",\"url\":\"https:\/\/fastrlink.com\/wp-content\/uploads\/2024\/12\/responsive_logo.svg\",\"contentUrl\":\"https:\/\/fastrlink.com\/wp-content\/uploads\/2024\/12\/responsive_logo.svg\",\"width\":105,\"height\":14,\"caption\":\"Fastrlink.com\"},\"image\":{\"@id\":\"https:\/\/fastrlink.com\/#\/schema\/logo\/image\/\"},\"sameAs\":[\"https:\/\/facebook.com\/fastrlink\",\"https:\/\/instagram.com\/fastrlink\"]}]}<\/script>\n<!-- \/ Yoast SEO Premium plugin. -->","yoast_head_json":{"title":"Google Stand - Fastrlink.com","robots":{"index":"index","follow":"follow","max-snippet":"max-snippet:-1","max-image-preview":"max-image-preview:large","max-video-preview":"max-video-preview:-1"},"canonical":"https:\/\/fastrlink.com\/sq\/produkt\/google-review-stand\/","og_locale":"sq_AL","og_type":"article","og_title":"Google Stand","og_description":"Grow your business with our Google Review NFC Stand.","og_url":"https:\/\/fastrlink.com\/sq\/produkt\/google-review-stand\/","og_site_name":"Fastrlink.com","article_publisher":"https:\/\/facebook.com\/fastrlink","article_modified_time":"2024-12-11T17:01:15+00:00","og_image":[{"width":1600,"height":1601,"url":"https:\/\/fastrlink.com\/wp-content\/uploads\/2024\/12\/49.jpg","type":"image\/jpeg"}],"twitter_card":"summary_large_image","twitter_misc":{"Est. reading time":"1 minut\u00eb"},"schema":{"@context":"https:\/\/schema.org","@graph":[{"@type":"WebPage","@id":"https:\/\/fastrlink.com\/product\/google-review-stand\/","url":"https:\/\/fastrlink.com\/product\/google-review-stand\/","name":"Google Stand - Fastrlink.com","isPartOf":{"@id":"https:\/\/fastrlink.com\/#website"},"primaryImageOfPage":{"@id":"https:\/\/fastrlink.com\/product\/google-review-stand\/#primaryimage"},"image":{"@id":"https:\/\/fastrlink.com\/product\/google-review-stand\/#primaryimage"},"thumbnailUrl":"https:\/\/fastrlink.com\/wp-content\/uploads\/2024\/12\/49.jpg","datePublished":"2024-12-04T02:42:37+00:00","dateModified":"2024-12-11T17:01:15+00:00","breadcrumb":{"@id":"https:\/\/fastrlink.com\/product\/google-review-stand\/#breadcrumb"},"inLanguage":"sq","potentialAction":[{"@type":"ReadAction","target":["https:\/\/fastrlink.com\/product\/google-review-stand\/"]}]},{"@type":"ImageObject","inLanguage":"sq","@id":"https:\/\/fastrlink.com\/product\/google-review-stand\/#primaryimage","url":"https:\/\/fastrlink.com\/wp-content\/uploads\/2024\/12\/49.jpg","contentUrl":"https:\/\/fastrlink.com\/wp-content\/uploads\/2024\/12\/49.jpg","width":1600,"height":1601},{"@type":"BreadcrumbList","@id":"https:\/\/fastrlink.com\/product\/google-review-stand\/#breadcrumb","itemListElement":[{"@type":"ListItem","position":1,"name":"Home","item":"https:\/\/fastrlink.com\/"},{"@type":"ListItem","position":2,"name":"Shop","item":"https:\/\/fastrlink.com\/shop\/"},{"@type":"ListItem","position":3,"name":"Google Stand"}]},{"@type":"WebSite","@id":"https:\/\/fastrlink.com\/#website","url":"https:\/\/fastrlink.com\/","name":"Fastrlink.com","description":"Digital Business Cards","publisher":{"@id":"https:\/\/fastrlink.com\/#organization"},"potentialAction":[{"@type":"SearchAction","target":{"@type":"EntryPoint","urlTemplate":"https:\/\/fastrlink.com\/?s={search_term_string}"},"query-input":{"@type":"PropertyValueSpecification","valueRequired":true,"valueName":"search_term_string"}}],"inLanguage":"sq"},{"@type":"Organization","@id":"https:\/\/fastrlink.com\/#organization","name":"Fastrlink.com","url":"https:\/\/fastrlink.com\/","logo":{"@type":"ImageObject","inLanguage":"sq","@id":"https:\/\/fastrlink.com\/#\/schema\/logo\/image\/","url":"https:\/\/fastrlink.com\/wp-content\/uploads\/2024\/12\/responsive_logo.svg","contentUrl":"https:\/\/fastrlink.com\/wp-content\/uploads\/2024\/12\/responsive_logo.svg","width":105,"height":14,"caption":"Fastrlink.com"},"image":{"@id":"https:\/\/fastrlink.com\/#\/schema\/logo\/image\/"},"sameAs":["https:\/\/facebook.com\/fastrlink","https:\/\/instagram.com\/fastrlink"]}]}},"_links":{"self":[{"href":"https:\/\/fastrlink.com\/sq\/wp-json\/wp\/v2\/product\/9110","targetHints":{"allow":["GET"]}}],"collection":[{"href":"https:\/\/fastrlink.com\/sq\/wp-json\/wp\/v2\/product"}],"about":[{"href":"https:\/\/fastrlink.com\/sq\/wp-json\/wp\/v2\/types\/product"}],"wp:featuredmedia":[{"embeddable":true,"href":"https:\/\/fastrlink.com\/sq\/wp-json\/wp\/v2\/media\/9111"}],"wp:attachment":[{"href":"https:\/\/fastrlink.com\/sq\/wp-json\/wp\/v2\/media?parent=9110"}],"wp:term":[{"taxonomy":"product_brand","embeddable":true,"href":"https:\/\/fastrlink.com\/sq\/wp-json\/wp\/v2\/product_brand?post=9110"},{"taxonomy":"product_cat","embeddable":true,"href":"https:\/\/fastrlink.com\/sq\/wp-json\/wp\/v2\/product_cat?post=9110"},{"taxonomy":"product_tag","embeddable":true,"href":"https:\/\/fastrlink.com\/sq\/wp-json\/wp\/v2\/product_tag?post=9110"}],"curies":[{"name":"wp","href":"https:\/\/api.w.org\/{rel}","templated":true}]}}