{"id":9109,"date":"2024-12-04T02:41:24","date_gmt":"2024-12-04T02:41:24","guid":{"rendered":"https:\/\/fastr.us\/?post_type=product&#038;p=9109"},"modified":"2024-12-09T22:21:10","modified_gmt":"2024-12-09T22:21:10","slug":"customize-business-card","status":"publish","type":"product","link":"https:\/\/fastrlink.com\/sq\/produkt\/customize-business-card\/","title":{"rendered":"Personalizoni kart\u00ebn tuaj"},"content":{"rendered":"<p>Kartat e biznesit NFC t\u00eb personalizueshme t\u00eb Fastrlink. Duke shfaqur teknologjin\u00eb m\u00eb t\u00eb fundit t\u00eb komunikimit n\u00eb terren t\u00eb af\u00ebrt (NFC), kartat tona mund\u00ebsojn\u00eb ndarjen e pand\u00ebrprer\u00eb t\u00eb profilit tuaj dixhital vet\u00ebm me nj\u00eb prekje. Qoft\u00eb p\u00ebr p\u00ebrdorim biznesi apo personal, ju mund t\u00eb personalizoni dizajnin, duke shtuar detajet e kontaktit, portofolin, lidhjet e mediave sociale, faqen e internetit, apo edhe nj\u00eb prezantim video. Thuaj lamtumir\u00eb mbetjeve t\u00eb letr\u00ebs dhe kart\u00ebvizitave t\u00eb vjetruara\u2014kartat NFC t\u00eb Fastrlink jan\u00eb e ardhmja e rrjeteve apo p\u00ebrndryshe (Networking), duke ofruar nj\u00eb m\u00ebnyr\u00eb profesionale, me nj\u00eb teknologji p\u00ebr t\u00eb l\u00ebn\u00eb p\u00ebrshtypje t\u00eb q\u00ebndrueshme. E p\u00ebrkryer p\u00ebr sip\u00ebrmarr\u00ebsit, profesionist\u00ebt ose kushdo q\u00eb k\u00ebrkon t\u00eb p\u00ebrmir\u00ebsoj\u00eb lidhjet e tyre.<\/p>\n<p><strong>Karakteristikat kryesore:<\/strong><br \/>\n\u2013 Dizajn i personalizuesh\u00ebm si p\u00ebr profilet e biznesit ashtu edhe p\u00ebr ato personale<br \/>\n- Ndarje e menj\u00ebhershme e informacionit t\u00eb kontaktit dixhital, portofolit dhe m\u00eb shum\u00eb<br \/>\n\u2013 Alternativ\u00eb eko-miq\u00ebsore dhe t\u00eb q\u00ebndrueshme<\/p>\n<p>B\u00ebjeni \u00e7do bashk\u00ebpunimi t\u00eb paharrueshme me kartat e biznesit NFC t\u00eb Fastrlink!<\/p>","protected":false},"excerpt":{"rendered":"<p>Karta dixhitale t\u00eb biznesit dhe informacionet e profilit tuaj personal t\u00eb dizajnuara p\u00ebr ju me nj\u00eb seleksionim t\u00eb modelit me ngjyr\u00eb t\u00eb bardh\u00eb.<\/p>","protected":false},"featured_media":9108,"template":"","meta":{"content-type":""},"product_brand":[],"product_cat":[74],"product_tag":[],"class_list":{"0":"post-9109","1":"product","2":"type-product","3":"status-publish","4":"has-post-thumbnail","6":"product_cat-cards","7":"eutf-entry-item","9":"first","10":"instock","11":"taxable","12":"shipping-taxable","13":"purchasable","14":"product-type-simple"},"yoast_head":"<!-- This site is optimized with the Yoast SEO Premium plugin v23.9 (Yoast SEO v23.9) - https:\/\/yoast.com\/wordpress\/plugins\/seo\/ -->\n<title>Customize Card - Fastrlink.com<\/title>\n<meta name=\"robots\" content=\"index, follow, max-snippet:-1, max-image-preview:large, max-video-preview:-1\" \/>\n<link rel=\"canonical\" href=\"https:\/\/fastrlink.com\/sq\/produkt\/customize-business-card\/\" \/>\n<meta property=\"og:locale\" content=\"sq_AL\" \/>\n<meta property=\"og:type\" content=\"article\" \/>\n<meta property=\"og:title\" content=\"Customize Card\" \/>\n<meta property=\"og:description\" content=\"Digital business card and personal profile informations designed for you in a white theme selection.\" \/>\n<meta property=\"og:url\" content=\"https:\/\/fastrlink.com\/sq\/produkt\/customize-business-card\/\" \/>\n<meta property=\"og:site_name\" content=\"Fastrlink.com\" \/>\n<meta property=\"article:publisher\" content=\"https:\/\/facebook.com\/fastrlink\" \/>\n<meta property=\"article:modified_time\" content=\"2024-12-09T22:21:10+00:00\" \/>\n<meta property=\"og:image\" content=\"https:\/\/fastrlink.com\/wp-content\/uploads\/2024\/12\/12.png\" \/>\n\t<meta property=\"og:image:width\" content=\"1200\" \/>\n\t<meta property=\"og:image:height\" content=\"1200\" \/>\n\t<meta property=\"og:image:type\" content=\"image\/png\" \/>\n<meta name=\"twitter:card\" content=\"summary_large_image\" \/>\n<meta name=\"twitter:label1\" content=\"Est. reading time\" \/>\n\t<meta name=\"twitter:data1\" content=\"1 minut\u00eb\" \/>\n<script type=\"application\/ld+json\" class=\"yoast-schema-graph\">{\"@context\":\"https:\/\/schema.org\",\"@graph\":[{\"@type\":\"WebPage\",\"@id\":\"https:\/\/fastrlink.com\/product\/customize-business-card\/\",\"url\":\"https:\/\/fastrlink.com\/product\/customize-business-card\/\",\"name\":\"Customize Card - Fastrlink.com\",\"isPartOf\":{\"@id\":\"https:\/\/fastrlink.com\/#website\"},\"primaryImageOfPage\":{\"@id\":\"https:\/\/fastrlink.com\/product\/customize-business-card\/#primaryimage\"},\"image\":{\"@id\":\"https:\/\/fastrlink.com\/product\/customize-business-card\/#primaryimage\"},\"thumbnailUrl\":\"https:\/\/fastrlink.com\/wp-content\/uploads\/2024\/12\/12.png\",\"datePublished\":\"2024-12-04T02:41:24+00:00\",\"dateModified\":\"2024-12-09T22:21:10+00:00\",\"breadcrumb\":{\"@id\":\"https:\/\/fastrlink.com\/product\/customize-business-card\/#breadcrumb\"},\"inLanguage\":\"sq\",\"potentialAction\":[{\"@type\":\"ReadAction\",\"target\":[\"https:\/\/fastrlink.com\/product\/customize-business-card\/\"]}]},{\"@type\":\"ImageObject\",\"inLanguage\":\"sq\",\"@id\":\"https:\/\/fastrlink.com\/product\/customize-business-card\/#primaryimage\",\"url\":\"https:\/\/fastrlink.com\/wp-content\/uploads\/2024\/12\/12.png\",\"contentUrl\":\"https:\/\/fastrlink.com\/wp-content\/uploads\/2024\/12\/12.png\",\"width\":1200,\"height\":1200},{\"@type\":\"BreadcrumbList\",\"@id\":\"https:\/\/fastrlink.com\/product\/customize-business-card\/#breadcrumb\",\"itemListElement\":[{\"@type\":\"ListItem\",\"position\":1,\"name\":\"Home\",\"item\":\"https:\/\/fastrlink.com\/\"},{\"@type\":\"ListItem\",\"position\":2,\"name\":\"Shop\",\"item\":\"https:\/\/fastrlink.com\/shop\/\"},{\"@type\":\"ListItem\",\"position\":3,\"name\":\"Customize Card\"}]},{\"@type\":\"WebSite\",\"@id\":\"https:\/\/fastrlink.com\/#website\",\"url\":\"https:\/\/fastrlink.com\/\",\"name\":\"Fastrlink.com\",\"description\":\"Digital Business Cards\",\"publisher\":{\"@id\":\"https:\/\/fastrlink.com\/#organization\"},\"potentialAction\":[{\"@type\":\"SearchAction\",\"target\":{\"@type\":\"EntryPoint\",\"urlTemplate\":\"https:\/\/fastrlink.com\/?s={search_term_string}\"},\"query-input\":{\"@type\":\"PropertyValueSpecification\",\"valueRequired\":true,\"valueName\":\"search_term_string\"}}],\"inLanguage\":\"sq\"},{\"@type\":\"Organization\",\"@id\":\"https:\/\/fastrlink.com\/#organization\",\"name\":\"Fastrlink.com\",\"url\":\"https:\/\/fastrlink.com\/\",\"logo\":{\"@type\":\"ImageObject\",\"inLanguage\":\"sq\",\"@id\":\"https:\/\/fastrlink.com\/#\/schema\/logo\/image\/\",\"url\":\"https:\/\/fastrlink.com\/wp-content\/uploads\/2024\/12\/responsive_logo.svg\",\"contentUrl\":\"https:\/\/fastrlink.com\/wp-content\/uploads\/2024\/12\/responsive_logo.svg\",\"width\":105,\"height\":14,\"caption\":\"Fastrlink.com\"},\"image\":{\"@id\":\"https:\/\/fastrlink.com\/#\/schema\/logo\/image\/\"},\"sameAs\":[\"https:\/\/facebook.com\/fastrlink\",\"https:\/\/instagram.com\/fastrlink\"]}]}<\/script>\n<!-- \/ Yoast SEO Premium plugin. -->","yoast_head_json":{"title":"Customize Card - Fastrlink.com","robots":{"index":"index","follow":"follow","max-snippet":"max-snippet:-1","max-image-preview":"max-image-preview:large","max-video-preview":"max-video-preview:-1"},"canonical":"https:\/\/fastrlink.com\/sq\/produkt\/customize-business-card\/","og_locale":"sq_AL","og_type":"article","og_title":"Customize Card","og_description":"Digital business card and personal profile informations designed for you in a white theme selection.","og_url":"https:\/\/fastrlink.com\/sq\/produkt\/customize-business-card\/","og_site_name":"Fastrlink.com","article_publisher":"https:\/\/facebook.com\/fastrlink","article_modified_time":"2024-12-09T22:21:10+00:00","og_image":[{"width":1200,"height":1200,"url":"https:\/\/fastrlink.com\/wp-content\/uploads\/2024\/12\/12.png","type":"image\/png"}],"twitter_card":"summary_large_image","twitter_misc":{"Est. reading time":"1 minut\u00eb"},"schema":{"@context":"https:\/\/schema.org","@graph":[{"@type":"WebPage","@id":"https:\/\/fastrlink.com\/product\/customize-business-card\/","url":"https:\/\/fastrlink.com\/product\/customize-business-card\/","name":"Customize Card - Fastrlink.com","isPartOf":{"@id":"https:\/\/fastrlink.com\/#website"},"primaryImageOfPage":{"@id":"https:\/\/fastrlink.com\/product\/customize-business-card\/#primaryimage"},"image":{"@id":"https:\/\/fastrlink.com\/product\/customize-business-card\/#primaryimage"},"thumbnailUrl":"https:\/\/fastrlink.com\/wp-content\/uploads\/2024\/12\/12.png","datePublished":"2024-12-04T02:41:24+00:00","dateModified":"2024-12-09T22:21:10+00:00","breadcrumb":{"@id":"https:\/\/fastrlink.com\/product\/customize-business-card\/#breadcrumb"},"inLanguage":"sq","potentialAction":[{"@type":"ReadAction","target":["https:\/\/fastrlink.com\/product\/customize-business-card\/"]}]},{"@type":"ImageObject","inLanguage":"sq","@id":"https:\/\/fastrlink.com\/product\/customize-business-card\/#primaryimage","url":"https:\/\/fastrlink.com\/wp-content\/uploads\/2024\/12\/12.png","contentUrl":"https:\/\/fastrlink.com\/wp-content\/uploads\/2024\/12\/12.png","width":1200,"height":1200},{"@type":"BreadcrumbList","@id":"https:\/\/fastrlink.com\/product\/customize-business-card\/#breadcrumb","itemListElement":[{"@type":"ListItem","position":1,"name":"Home","item":"https:\/\/fastrlink.com\/"},{"@type":"ListItem","position":2,"name":"Shop","item":"https:\/\/fastrlink.com\/shop\/"},{"@type":"ListItem","position":3,"name":"Customize Card"}]},{"@type":"WebSite","@id":"https:\/\/fastrlink.com\/#website","url":"https:\/\/fastrlink.com\/","name":"Fastrlink.com","description":"Digital Business Cards","publisher":{"@id":"https:\/\/fastrlink.com\/#organization"},"potentialAction":[{"@type":"SearchAction","target":{"@type":"EntryPoint","urlTemplate":"https:\/\/fastrlink.com\/?s={search_term_string}"},"query-input":{"@type":"PropertyValueSpecification","valueRequired":true,"valueName":"search_term_string"}}],"inLanguage":"sq"},{"@type":"Organization","@id":"https:\/\/fastrlink.com\/#organization","name":"Fastrlink.com","url":"https:\/\/fastrlink.com\/","logo":{"@type":"ImageObject","inLanguage":"sq","@id":"https:\/\/fastrlink.com\/#\/schema\/logo\/image\/","url":"https:\/\/fastrlink.com\/wp-content\/uploads\/2024\/12\/responsive_logo.svg","contentUrl":"https:\/\/fastrlink.com\/wp-content\/uploads\/2024\/12\/responsive_logo.svg","width":105,"height":14,"caption":"Fastrlink.com"},"image":{"@id":"https:\/\/fastrlink.com\/#\/schema\/logo\/image\/"},"sameAs":["https:\/\/facebook.com\/fastrlink","https:\/\/instagram.com\/fastrlink"]}]}},"_links":{"self":[{"href":"https:\/\/fastrlink.com\/sq\/wp-json\/wp\/v2\/product\/9109","targetHints":{"allow":["GET"]}}],"collection":[{"href":"https:\/\/fastrlink.com\/sq\/wp-json\/wp\/v2\/product"}],"about":[{"href":"https:\/\/fastrlink.com\/sq\/wp-json\/wp\/v2\/types\/product"}],"wp:featuredmedia":[{"embeddable":true,"href":"https:\/\/fastrlink.com\/sq\/wp-json\/wp\/v2\/media\/9108"}],"wp:attachment":[{"href":"https:\/\/fastrlink.com\/sq\/wp-json\/wp\/v2\/media?parent=9109"}],"wp:term":[{"taxonomy":"product_brand","embeddable":true,"href":"https:\/\/fastrlink.com\/sq\/wp-json\/wp\/v2\/product_brand?post=9109"},{"taxonomy":"product_cat","embeddable":true,"href":"https:\/\/fastrlink.com\/sq\/wp-json\/wp\/v2\/product_cat?post=9109"},{"taxonomy":"product_tag","embeddable":true,"href":"https:\/\/fastrlink.com\/sq\/wp-json\/wp\/v2\/product_tag?post=9109"}],"curies":[{"name":"wp","href":"https:\/\/api.w.org\/{rel}","templated":true}]}}