{"id":9103,"date":"2024-12-04T02:36:53","date_gmt":"2024-12-04T02:36:53","guid":{"rendered":"https:\/\/fastr.us\/?post_type=product&#038;p=9103"},"modified":"2024-12-09T22:22:15","modified_gmt":"2024-12-09T22:22:15","slug":"whatsapp-share-card","status":"publish","type":"product","link":"https:\/\/fastrlink.com\/sq\/produkt\/whatsapp-share-card\/","title":{"rendered":"Karta WhatsApp"},"content":{"rendered":"<p>B\u00ebni lidhjen n\u00eb WhatsApp m\u00eb t\u00eb shpejt\u00eb dhe m\u00eb t\u00eb leht\u00eb me Fastrlink's <strong>WhatsApp NFC Share Card<\/strong>. Kjo kart\u00eb moderne ju lejon t\u00eb ndani menj\u00ebher\u00eb kontaktin tuaj WhatsApp me nj\u00eb prekje t\u00eb thjesht\u00eb n\u00eb \u00e7do pajisje t\u00eb aktivizuar me NFC. Qoft\u00eb p\u00ebr p\u00ebrdorim personal apo biznes, Fastrlink WhatsApp NFC Share Card eliminon telashet e futjes manuale t\u00eb numrave t\u00eb telefonit, duke mund\u00ebsuar lidhje t\u00eb shpejta dhe t\u00eb sigurta me vet\u00ebm nj\u00eb prekje.<\/p>\n<p>Ndani pa mundim detajet tuaja t\u00eb WhatsApp-it me klient\u00ebt , partner\u00ebt ose miqt\u00eb e mundsh\u00ebm, t\u00eb gjitha duke reduktuar mbetjet e letr\u00ebs dhe duke q\u00ebndruar p\u00ebrpara n\u00eb epok\u00ebn dixhitale.<\/p>\n<p><strong>Karakteristikat kryesore:<\/strong><br \/>\n- Ndani menj\u00ebher\u00eb kontaktin tuaj t\u00eb WhatsApp-it me nj\u00eb prekje<br \/>\n\u2013 Lidhje e shpejt\u00eb dhe pa probleme p\u00ebrmes platform\u00ebs s\u00eb sigurt t\u00eb WhatsApp<br \/>\n\u2013 Zgjidhje miq\u00ebsore me mjedisin, pa let\u00ebr p\u00ebr rrjet\u00ebzim (Networking)<br \/>\n\u2013 E p\u00ebrputhshme me t\u00eb gjitha pajisjet me NFC<\/p>\n<p>Me Fastrlink\u2019s <strong>WhatsApp NFC Share Card<\/strong>, lidhja n\u00eb WhatsApp tani \u00ebsht\u00eb m\u00eb e thjesht\u00eb se kurr\u00eb!<\/p>","protected":false},"excerpt":{"rendered":"<p>Ndani WhatsApp-in tuaj n\u00eb m\u00ebnyr\u00ebn m\u00eb t\u00eb shpejt\u00eb me kart\u00ebn NFC t\u00eb Whats App!<\/p>","protected":false},"featured_media":9098,"template":"","meta":{"content-type":""},"product_brand":[],"product_cat":[74],"product_tag":[],"class_list":{"0":"post-9103","1":"product","2":"type-product","3":"status-publish","4":"has-post-thumbnail","6":"product_cat-cards","7":"eutf-entry-item","9":"first","10":"instock","11":"taxable","12":"shipping-taxable","13":"purchasable","14":"product-type-simple"},"yoast_head":"<!-- This site is optimized with the Yoast SEO Premium plugin v23.9 (Yoast SEO v23.9) - https:\/\/yoast.com\/wordpress\/plugins\/seo\/ -->\n<title>WhatsApp Card - Fastrlink.com<\/title>\n<meta name=\"robots\" content=\"index, follow, max-snippet:-1, max-image-preview:large, max-video-preview:-1\" \/>\n<link rel=\"canonical\" href=\"https:\/\/fastrlink.com\/sq\/produkt\/whatsapp-share-card\/\" \/>\n<meta property=\"og:locale\" content=\"sq_AL\" \/>\n<meta property=\"og:type\" content=\"article\" \/>\n<meta property=\"og:title\" content=\"WhatsApp Card\" \/>\n<meta property=\"og:description\" content=\"Share your Whats App instantly with the Whats App NFC Card!\" \/>\n<meta property=\"og:url\" content=\"https:\/\/fastrlink.com\/sq\/produkt\/whatsapp-share-card\/\" \/>\n<meta property=\"og:site_name\" content=\"Fastrlink.com\" \/>\n<meta property=\"article:publisher\" content=\"https:\/\/facebook.com\/fastrlink\" \/>\n<meta property=\"article:modified_time\" content=\"2024-12-09T22:22:15+00:00\" \/>\n<meta property=\"og:image\" content=\"https:\/\/fastrlink.com\/wp-content\/uploads\/2024\/12\/9.png\" \/>\n\t<meta property=\"og:image:width\" content=\"1200\" \/>\n\t<meta property=\"og:image:height\" content=\"1200\" \/>\n\t<meta property=\"og:image:type\" content=\"image\/png\" \/>\n<meta name=\"twitter:card\" content=\"summary_large_image\" \/>\n<meta name=\"twitter:label1\" content=\"Est. reading time\" \/>\n\t<meta name=\"twitter:data1\" content=\"1 minut\u00eb\" \/>\n<script type=\"application\/ld+json\" class=\"yoast-schema-graph\">{\"@context\":\"https:\/\/schema.org\",\"@graph\":[{\"@type\":\"WebPage\",\"@id\":\"https:\/\/fastrlink.com\/product\/whatsapp-share-card\/\",\"url\":\"https:\/\/fastrlink.com\/product\/whatsapp-share-card\/\",\"name\":\"WhatsApp Card - Fastrlink.com\",\"isPartOf\":{\"@id\":\"https:\/\/fastrlink.com\/#website\"},\"primaryImageOfPage\":{\"@id\":\"https:\/\/fastrlink.com\/product\/whatsapp-share-card\/#primaryimage\"},\"image\":{\"@id\":\"https:\/\/fastrlink.com\/product\/whatsapp-share-card\/#primaryimage\"},\"thumbnailUrl\":\"https:\/\/fastrlink.com\/wp-content\/uploads\/2024\/12\/9.png\",\"datePublished\":\"2024-12-04T02:36:53+00:00\",\"dateModified\":\"2024-12-09T22:22:15+00:00\",\"breadcrumb\":{\"@id\":\"https:\/\/fastrlink.com\/product\/whatsapp-share-card\/#breadcrumb\"},\"inLanguage\":\"sq\",\"potentialAction\":[{\"@type\":\"ReadAction\",\"target\":[\"https:\/\/fastrlink.com\/product\/whatsapp-share-card\/\"]}]},{\"@type\":\"ImageObject\",\"inLanguage\":\"sq\",\"@id\":\"https:\/\/fastrlink.com\/product\/whatsapp-share-card\/#primaryimage\",\"url\":\"https:\/\/fastrlink.com\/wp-content\/uploads\/2024\/12\/9.png\",\"contentUrl\":\"https:\/\/fastrlink.com\/wp-content\/uploads\/2024\/12\/9.png\",\"width\":1200,\"height\":1200},{\"@type\":\"BreadcrumbList\",\"@id\":\"https:\/\/fastrlink.com\/product\/whatsapp-share-card\/#breadcrumb\",\"itemListElement\":[{\"@type\":\"ListItem\",\"position\":1,\"name\":\"Home\",\"item\":\"https:\/\/fastrlink.com\/\"},{\"@type\":\"ListItem\",\"position\":2,\"name\":\"Shop\",\"item\":\"https:\/\/fastrlink.com\/shop\/\"},{\"@type\":\"ListItem\",\"position\":3,\"name\":\"WhatsApp Card\"}]},{\"@type\":\"WebSite\",\"@id\":\"https:\/\/fastrlink.com\/#website\",\"url\":\"https:\/\/fastrlink.com\/\",\"name\":\"Fastrlink.com\",\"description\":\"Digital Business Cards\",\"publisher\":{\"@id\":\"https:\/\/fastrlink.com\/#organization\"},\"potentialAction\":[{\"@type\":\"SearchAction\",\"target\":{\"@type\":\"EntryPoint\",\"urlTemplate\":\"https:\/\/fastrlink.com\/?s={search_term_string}\"},\"query-input\":{\"@type\":\"PropertyValueSpecification\",\"valueRequired\":true,\"valueName\":\"search_term_string\"}}],\"inLanguage\":\"sq\"},{\"@type\":\"Organization\",\"@id\":\"https:\/\/fastrlink.com\/#organization\",\"name\":\"Fastrlink.com\",\"url\":\"https:\/\/fastrlink.com\/\",\"logo\":{\"@type\":\"ImageObject\",\"inLanguage\":\"sq\",\"@id\":\"https:\/\/fastrlink.com\/#\/schema\/logo\/image\/\",\"url\":\"https:\/\/fastrlink.com\/wp-content\/uploads\/2024\/12\/responsive_logo.svg\",\"contentUrl\":\"https:\/\/fastrlink.com\/wp-content\/uploads\/2024\/12\/responsive_logo.svg\",\"width\":105,\"height\":14,\"caption\":\"Fastrlink.com\"},\"image\":{\"@id\":\"https:\/\/fastrlink.com\/#\/schema\/logo\/image\/\"},\"sameAs\":[\"https:\/\/facebook.com\/fastrlink\",\"https:\/\/instagram.com\/fastrlink\"]}]}<\/script>\n<!-- \/ Yoast SEO Premium plugin. -->","yoast_head_json":{"title":"WhatsApp Card - Fastrlink.com","robots":{"index":"index","follow":"follow","max-snippet":"max-snippet:-1","max-image-preview":"max-image-preview:large","max-video-preview":"max-video-preview:-1"},"canonical":"https:\/\/fastrlink.com\/sq\/produkt\/whatsapp-share-card\/","og_locale":"sq_AL","og_type":"article","og_title":"WhatsApp Card","og_description":"Share your Whats App instantly with the Whats App NFC Card!","og_url":"https:\/\/fastrlink.com\/sq\/produkt\/whatsapp-share-card\/","og_site_name":"Fastrlink.com","article_publisher":"https:\/\/facebook.com\/fastrlink","article_modified_time":"2024-12-09T22:22:15+00:00","og_image":[{"width":1200,"height":1200,"url":"https:\/\/fastrlink.com\/wp-content\/uploads\/2024\/12\/9.png","type":"image\/png"}],"twitter_card":"summary_large_image","twitter_misc":{"Est. reading time":"1 minut\u00eb"},"schema":{"@context":"https:\/\/schema.org","@graph":[{"@type":"WebPage","@id":"https:\/\/fastrlink.com\/product\/whatsapp-share-card\/","url":"https:\/\/fastrlink.com\/product\/whatsapp-share-card\/","name":"WhatsApp Card - Fastrlink.com","isPartOf":{"@id":"https:\/\/fastrlink.com\/#website"},"primaryImageOfPage":{"@id":"https:\/\/fastrlink.com\/product\/whatsapp-share-card\/#primaryimage"},"image":{"@id":"https:\/\/fastrlink.com\/product\/whatsapp-share-card\/#primaryimage"},"thumbnailUrl":"https:\/\/fastrlink.com\/wp-content\/uploads\/2024\/12\/9.png","datePublished":"2024-12-04T02:36:53+00:00","dateModified":"2024-12-09T22:22:15+00:00","breadcrumb":{"@id":"https:\/\/fastrlink.com\/product\/whatsapp-share-card\/#breadcrumb"},"inLanguage":"sq","potentialAction":[{"@type":"ReadAction","target":["https:\/\/fastrlink.com\/product\/whatsapp-share-card\/"]}]},{"@type":"ImageObject","inLanguage":"sq","@id":"https:\/\/fastrlink.com\/product\/whatsapp-share-card\/#primaryimage","url":"https:\/\/fastrlink.com\/wp-content\/uploads\/2024\/12\/9.png","contentUrl":"https:\/\/fastrlink.com\/wp-content\/uploads\/2024\/12\/9.png","width":1200,"height":1200},{"@type":"BreadcrumbList","@id":"https:\/\/fastrlink.com\/product\/whatsapp-share-card\/#breadcrumb","itemListElement":[{"@type":"ListItem","position":1,"name":"Home","item":"https:\/\/fastrlink.com\/"},{"@type":"ListItem","position":2,"name":"Shop","item":"https:\/\/fastrlink.com\/shop\/"},{"@type":"ListItem","position":3,"name":"WhatsApp Card"}]},{"@type":"WebSite","@id":"https:\/\/fastrlink.com\/#website","url":"https:\/\/fastrlink.com\/","name":"Fastrlink.com","description":"Digital Business Cards","publisher":{"@id":"https:\/\/fastrlink.com\/#organization"},"potentialAction":[{"@type":"SearchAction","target":{"@type":"EntryPoint","urlTemplate":"https:\/\/fastrlink.com\/?s={search_term_string}"},"query-input":{"@type":"PropertyValueSpecification","valueRequired":true,"valueName":"search_term_string"}}],"inLanguage":"sq"},{"@type":"Organization","@id":"https:\/\/fastrlink.com\/#organization","name":"Fastrlink.com","url":"https:\/\/fastrlink.com\/","logo":{"@type":"ImageObject","inLanguage":"sq","@id":"https:\/\/fastrlink.com\/#\/schema\/logo\/image\/","url":"https:\/\/fastrlink.com\/wp-content\/uploads\/2024\/12\/responsive_logo.svg","contentUrl":"https:\/\/fastrlink.com\/wp-content\/uploads\/2024\/12\/responsive_logo.svg","width":105,"height":14,"caption":"Fastrlink.com"},"image":{"@id":"https:\/\/fastrlink.com\/#\/schema\/logo\/image\/"},"sameAs":["https:\/\/facebook.com\/fastrlink","https:\/\/instagram.com\/fastrlink"]}]}},"_links":{"self":[{"href":"https:\/\/fastrlink.com\/sq\/wp-json\/wp\/v2\/product\/9103","targetHints":{"allow":["GET"]}}],"collection":[{"href":"https:\/\/fastrlink.com\/sq\/wp-json\/wp\/v2\/product"}],"about":[{"href":"https:\/\/fastrlink.com\/sq\/wp-json\/wp\/v2\/types\/product"}],"wp:featuredmedia":[{"embeddable":true,"href":"https:\/\/fastrlink.com\/sq\/wp-json\/wp\/v2\/media\/9098"}],"wp:attachment":[{"href":"https:\/\/fastrlink.com\/sq\/wp-json\/wp\/v2\/media?parent=9103"}],"wp:term":[{"taxonomy":"product_brand","embeddable":true,"href":"https:\/\/fastrlink.com\/sq\/wp-json\/wp\/v2\/product_brand?post=9103"},{"taxonomy":"product_cat","embeddable":true,"href":"https:\/\/fastrlink.com\/sq\/wp-json\/wp\/v2\/product_cat?post=9103"},{"taxonomy":"product_tag","embeddable":true,"href":"https:\/\/fastrlink.com\/sq\/wp-json\/wp\/v2\/product_tag?post=9103"}],"curies":[{"name":"wp","href":"https:\/\/api.w.org\/{rel}","templated":true}]}}