{"id":9089,"date":"2024-12-04T02:32:23","date_gmt":"2024-12-04T02:32:23","guid":{"rendered":"https:\/\/fastr.us\/?post_type=product&#038;p=9089"},"modified":"2024-12-09T22:23:28","modified_gmt":"2024-12-09T22:23:28","slug":"airbnb-review-card","status":"publish","type":"product","link":"https:\/\/fastrlink.com\/sq\/produkt\/airbnb-review-card\/","title":{"rendered":"Karta Airbnb"},"content":{"rendered":"<p>P\u00ebrmir\u00ebsoni p\u00ebrvoj\u00ebn tuaj t\u00eb hostit n\u00eb Airbnb me Fastrlink's <strong>Airbnb Review Card<\/strong>. Kjo kart\u00eb e aktivizuar me NFC e b\u00ebn t\u00eb leht\u00eb q\u00eb vizitor\u00ebt t\u00eb l\u00ebn\u00eb komente t\u00eb shk\u00eblqyera pas q\u00ebndrimit t\u00eb tyre vet\u00ebm me nj\u00eb prekje. E krijuar p\u00ebr t\u00eb thjeshtuar procesin e komenteve, Karta e Vler\u00ebsimeve t\u00eb Fastrlink Airbnb ju ndihmon t\u00eb krijoni nj\u00eb reputacion t\u00eb fort\u00eb n\u00eb internet dhe t\u00eb t\u00ebrheqni m\u00eb shum\u00eb rezervime duke inkurajuar komente pozitive n\u00eb koh\u00eb reale n\u00eb Airbnb.<\/p>\n<p>Eko-miq\u00ebsore p\u00ebr p\u00ebrdoruesit, kjo kart\u00eb eliminon nevoj\u00ebn p\u00ebr k\u00ebrkesa p\u00ebr rishikim letre ose udh\u00ebzime t\u00eb nd\u00ebrlikuara, duke krijuar nj\u00eb p\u00ebrvoj\u00eb t\u00eb qet\u00eb si p\u00ebr hostet ashtu edhe p\u00ebr mysafir\u00ebt.<\/p>\n<p><strong>Karakteristikat kryesore:<\/strong><br \/>\n\u2013 Udh\u00ebzoni menj\u00ebher\u00eb mysafir\u00ebt q\u00eb t\u00eb l\u00ebn\u00eb nj\u00eb koment n\u00eb Airbnb me nj\u00eb prekje<br \/>\n\u2013 Inkurajoni reagimet pozitive p\u00ebr t\u00eb rritur vler\u00ebsimet tuaja dhe p\u00ebr t\u00eb t\u00ebrhequr m\u00eb shum\u00eb rezervime<br \/>\n\u2013 Zgjidhje miq\u00ebsore me mjedisin, vet\u00ebm me p\u00ebrdorimin e kart\u00ebs dixhitale p\u00ebr mbledhjen e komenteve<br \/>\n\u2013 E p\u00ebrputhshme me t\u00eb gjitha pajisjet me NFC<\/p>\n<p>Me Fastrlink\u2019s <strong>Airbnb Review Card<\/strong>, mbledhja e komenteve dhe vler\u00ebsimeve t\u00eb t\u00eb ftuarve nuk ka qen\u00eb kurr\u00eb m\u00eb e leht\u00eb apo m\u00eb efikase!<\/p>","protected":false},"excerpt":{"rendered":"<p>Rriteni biznesin tuaj me kart\u00ebn NFC Review AirBnb!<\/p>","protected":false},"featured_media":9090,"template":"","meta":{"content-type":""},"product_brand":[],"product_cat":[74],"product_tag":[],"class_list":{"0":"post-9089","1":"product","2":"type-product","3":"status-publish","4":"has-post-thumbnail","6":"product_cat-cards","7":"eutf-entry-item","9":"first","10":"instock","11":"taxable","12":"shipping-taxable","13":"purchasable","14":"product-type-simple"},"yoast_head":"<!-- This site is optimized with the Yoast SEO Premium plugin v23.9 (Yoast SEO v23.9) - https:\/\/yoast.com\/wordpress\/plugins\/seo\/ -->\n<title>Airbnb Card - Fastrlink.com<\/title>\n<meta name=\"robots\" content=\"index, follow, max-snippet:-1, max-image-preview:large, max-video-preview:-1\" \/>\n<link rel=\"canonical\" href=\"https:\/\/fastrlink.com\/sq\/produkt\/airbnb-review-card\/\" \/>\n<meta property=\"og:locale\" content=\"sq_AL\" \/>\n<meta property=\"og:type\" content=\"article\" \/>\n<meta property=\"og:title\" content=\"Airbnb Card\" \/>\n<meta property=\"og:description\" content=\"Boost your business with the AirBnb Review NFC Card!\" \/>\n<meta property=\"og:url\" content=\"https:\/\/fastrlink.com\/sq\/produkt\/airbnb-review-card\/\" \/>\n<meta property=\"og:site_name\" content=\"Fastrlink.com\" \/>\n<meta property=\"article:publisher\" content=\"https:\/\/facebook.com\/fastrlink\" \/>\n<meta property=\"article:modified_time\" content=\"2024-12-09T22:23:28+00:00\" \/>\n<meta property=\"og:image\" content=\"https:\/\/fastrlink.com\/wp-content\/uploads\/2024\/12\/4.png\" \/>\n\t<meta property=\"og:image:width\" content=\"1200\" \/>\n\t<meta property=\"og:image:height\" content=\"1200\" \/>\n\t<meta property=\"og:image:type\" content=\"image\/png\" \/>\n<meta name=\"twitter:card\" content=\"summary_large_image\" \/>\n<meta name=\"twitter:label1\" content=\"Est. reading time\" \/>\n\t<meta name=\"twitter:data1\" content=\"1 minut\u00eb\" \/>\n<script type=\"application\/ld+json\" class=\"yoast-schema-graph\">{\"@context\":\"https:\/\/schema.org\",\"@graph\":[{\"@type\":\"WebPage\",\"@id\":\"https:\/\/fastrlink.com\/product\/airbnb-review-card\/\",\"url\":\"https:\/\/fastrlink.com\/product\/airbnb-review-card\/\",\"name\":\"Airbnb Card - Fastrlink.com\",\"isPartOf\":{\"@id\":\"https:\/\/fastrlink.com\/#website\"},\"primaryImageOfPage\":{\"@id\":\"https:\/\/fastrlink.com\/product\/airbnb-review-card\/#primaryimage\"},\"image\":{\"@id\":\"https:\/\/fastrlink.com\/product\/airbnb-review-card\/#primaryimage\"},\"thumbnailUrl\":\"https:\/\/fastrlink.com\/wp-content\/uploads\/2024\/12\/4.png\",\"datePublished\":\"2024-12-04T02:32:23+00:00\",\"dateModified\":\"2024-12-09T22:23:28+00:00\",\"breadcrumb\":{\"@id\":\"https:\/\/fastrlink.com\/product\/airbnb-review-card\/#breadcrumb\"},\"inLanguage\":\"sq\",\"potentialAction\":[{\"@type\":\"ReadAction\",\"target\":[\"https:\/\/fastrlink.com\/product\/airbnb-review-card\/\"]}]},{\"@type\":\"ImageObject\",\"inLanguage\":\"sq\",\"@id\":\"https:\/\/fastrlink.com\/product\/airbnb-review-card\/#primaryimage\",\"url\":\"https:\/\/fastrlink.com\/wp-content\/uploads\/2024\/12\/4.png\",\"contentUrl\":\"https:\/\/fastrlink.com\/wp-content\/uploads\/2024\/12\/4.png\",\"width\":1200,\"height\":1200},{\"@type\":\"BreadcrumbList\",\"@id\":\"https:\/\/fastrlink.com\/product\/airbnb-review-card\/#breadcrumb\",\"itemListElement\":[{\"@type\":\"ListItem\",\"position\":1,\"name\":\"Home\",\"item\":\"https:\/\/fastrlink.com\/\"},{\"@type\":\"ListItem\",\"position\":2,\"name\":\"Shop\",\"item\":\"https:\/\/fastrlink.com\/shop\/\"},{\"@type\":\"ListItem\",\"position\":3,\"name\":\"Airbnb Card\"}]},{\"@type\":\"WebSite\",\"@id\":\"https:\/\/fastrlink.com\/#website\",\"url\":\"https:\/\/fastrlink.com\/\",\"name\":\"Fastrlink.com\",\"description\":\"Digital Business Cards\",\"publisher\":{\"@id\":\"https:\/\/fastrlink.com\/#organization\"},\"potentialAction\":[{\"@type\":\"SearchAction\",\"target\":{\"@type\":\"EntryPoint\",\"urlTemplate\":\"https:\/\/fastrlink.com\/?s={search_term_string}\"},\"query-input\":{\"@type\":\"PropertyValueSpecification\",\"valueRequired\":true,\"valueName\":\"search_term_string\"}}],\"inLanguage\":\"sq\"},{\"@type\":\"Organization\",\"@id\":\"https:\/\/fastrlink.com\/#organization\",\"name\":\"Fastrlink.com\",\"url\":\"https:\/\/fastrlink.com\/\",\"logo\":{\"@type\":\"ImageObject\",\"inLanguage\":\"sq\",\"@id\":\"https:\/\/fastrlink.com\/#\/schema\/logo\/image\/\",\"url\":\"https:\/\/fastrlink.com\/wp-content\/uploads\/2024\/12\/responsive_logo.svg\",\"contentUrl\":\"https:\/\/fastrlink.com\/wp-content\/uploads\/2024\/12\/responsive_logo.svg\",\"width\":105,\"height\":14,\"caption\":\"Fastrlink.com\"},\"image\":{\"@id\":\"https:\/\/fastrlink.com\/#\/schema\/logo\/image\/\"},\"sameAs\":[\"https:\/\/facebook.com\/fastrlink\",\"https:\/\/instagram.com\/fastrlink\"]}]}<\/script>\n<!-- \/ Yoast SEO Premium plugin. -->","yoast_head_json":{"title":"Airbnb Card - Fastrlink.com","robots":{"index":"index","follow":"follow","max-snippet":"max-snippet:-1","max-image-preview":"max-image-preview:large","max-video-preview":"max-video-preview:-1"},"canonical":"https:\/\/fastrlink.com\/sq\/produkt\/airbnb-review-card\/","og_locale":"sq_AL","og_type":"article","og_title":"Airbnb Card","og_description":"Boost your business with the AirBnb Review NFC Card!","og_url":"https:\/\/fastrlink.com\/sq\/produkt\/airbnb-review-card\/","og_site_name":"Fastrlink.com","article_publisher":"https:\/\/facebook.com\/fastrlink","article_modified_time":"2024-12-09T22:23:28+00:00","og_image":[{"width":1200,"height":1200,"url":"https:\/\/fastrlink.com\/wp-content\/uploads\/2024\/12\/4.png","type":"image\/png"}],"twitter_card":"summary_large_image","twitter_misc":{"Est. reading time":"1 minut\u00eb"},"schema":{"@context":"https:\/\/schema.org","@graph":[{"@type":"WebPage","@id":"https:\/\/fastrlink.com\/product\/airbnb-review-card\/","url":"https:\/\/fastrlink.com\/product\/airbnb-review-card\/","name":"Airbnb Card - Fastrlink.com","isPartOf":{"@id":"https:\/\/fastrlink.com\/#website"},"primaryImageOfPage":{"@id":"https:\/\/fastrlink.com\/product\/airbnb-review-card\/#primaryimage"},"image":{"@id":"https:\/\/fastrlink.com\/product\/airbnb-review-card\/#primaryimage"},"thumbnailUrl":"https:\/\/fastrlink.com\/wp-content\/uploads\/2024\/12\/4.png","datePublished":"2024-12-04T02:32:23+00:00","dateModified":"2024-12-09T22:23:28+00:00","breadcrumb":{"@id":"https:\/\/fastrlink.com\/product\/airbnb-review-card\/#breadcrumb"},"inLanguage":"sq","potentialAction":[{"@type":"ReadAction","target":["https:\/\/fastrlink.com\/product\/airbnb-review-card\/"]}]},{"@type":"ImageObject","inLanguage":"sq","@id":"https:\/\/fastrlink.com\/product\/airbnb-review-card\/#primaryimage","url":"https:\/\/fastrlink.com\/wp-content\/uploads\/2024\/12\/4.png","contentUrl":"https:\/\/fastrlink.com\/wp-content\/uploads\/2024\/12\/4.png","width":1200,"height":1200},{"@type":"BreadcrumbList","@id":"https:\/\/fastrlink.com\/product\/airbnb-review-card\/#breadcrumb","itemListElement":[{"@type":"ListItem","position":1,"name":"Home","item":"https:\/\/fastrlink.com\/"},{"@type":"ListItem","position":2,"name":"Shop","item":"https:\/\/fastrlink.com\/shop\/"},{"@type":"ListItem","position":3,"name":"Airbnb Card"}]},{"@type":"WebSite","@id":"https:\/\/fastrlink.com\/#website","url":"https:\/\/fastrlink.com\/","name":"Fastrlink.com","description":"Digital Business Cards","publisher":{"@id":"https:\/\/fastrlink.com\/#organization"},"potentialAction":[{"@type":"SearchAction","target":{"@type":"EntryPoint","urlTemplate":"https:\/\/fastrlink.com\/?s={search_term_string}"},"query-input":{"@type":"PropertyValueSpecification","valueRequired":true,"valueName":"search_term_string"}}],"inLanguage":"sq"},{"@type":"Organization","@id":"https:\/\/fastrlink.com\/#organization","name":"Fastrlink.com","url":"https:\/\/fastrlink.com\/","logo":{"@type":"ImageObject","inLanguage":"sq","@id":"https:\/\/fastrlink.com\/#\/schema\/logo\/image\/","url":"https:\/\/fastrlink.com\/wp-content\/uploads\/2024\/12\/responsive_logo.svg","contentUrl":"https:\/\/fastrlink.com\/wp-content\/uploads\/2024\/12\/responsive_logo.svg","width":105,"height":14,"caption":"Fastrlink.com"},"image":{"@id":"https:\/\/fastrlink.com\/#\/schema\/logo\/image\/"},"sameAs":["https:\/\/facebook.com\/fastrlink","https:\/\/instagram.com\/fastrlink"]}]}},"_links":{"self":[{"href":"https:\/\/fastrlink.com\/sq\/wp-json\/wp\/v2\/product\/9089","targetHints":{"allow":["GET"]}}],"collection":[{"href":"https:\/\/fastrlink.com\/sq\/wp-json\/wp\/v2\/product"}],"about":[{"href":"https:\/\/fastrlink.com\/sq\/wp-json\/wp\/v2\/types\/product"}],"wp:featuredmedia":[{"embeddable":true,"href":"https:\/\/fastrlink.com\/sq\/wp-json\/wp\/v2\/media\/9090"}],"wp:attachment":[{"href":"https:\/\/fastrlink.com\/sq\/wp-json\/wp\/v2\/media?parent=9089"}],"wp:term":[{"taxonomy":"product_brand","embeddable":true,"href":"https:\/\/fastrlink.com\/sq\/wp-json\/wp\/v2\/product_brand?post=9089"},{"taxonomy":"product_cat","embeddable":true,"href":"https:\/\/fastrlink.com\/sq\/wp-json\/wp\/v2\/product_cat?post=9089"},{"taxonomy":"product_tag","embeddable":true,"href":"https:\/\/fastrlink.com\/sq\/wp-json\/wp\/v2\/product_tag?post=9089"}],"curies":[{"name":"wp","href":"https:\/\/api.w.org\/{rel}","templated":true}]}}