{"id":9087,"date":"2024-12-04T02:31:48","date_gmt":"2024-12-04T02:31:48","guid":{"rendered":"https:\/\/fastr.us\/?post_type=product&#038;p=9087"},"modified":"2024-12-09T22:23:36","modified_gmt":"2024-12-09T22:23:36","slug":"tripadvisor-review-card","status":"publish","type":"product","link":"https:\/\/fastrlink.com\/sq\/produkt\/tripadvisor-review-card\/","title":{"rendered":"Karta TripAdvisor"},"content":{"rendered":"<p>Forconi pranin\u00eb e biznesit tuaj n\u00eb internet me Fastrlink's <strong>TripAdvisor Review Card<\/strong>. Kjo kart\u00eb e pajisur me NFC i lejon klient\u00ebt t\u00eb l\u00ebn\u00eb komente t\u00eb menj\u00ebhershme pozitive n\u00eb TripAdvisor me nj\u00eb prekje t\u00eb thjesht\u00eb. Pavar\u00ebsisht n\u00ebse jeni duke drejtuar nj\u00eb hotel, restorant ose sh\u00ebrbim turne, Karta e Vler\u00ebsimeve t\u00eb TripAdvisor Fastrlink e b\u00ebn t\u00eb leht\u00eb p\u00ebr mysafir\u00ebt e k\u00ebnaqur t\u00eb ndajn\u00eb p\u00ebrvojat e tyre dhe t'ju ndihmoj\u00eb t\u00eb t\u00ebrheqni m\u00eb shum\u00eb udh\u00ebtar\u00eb.<\/p>\n<p>Eko-miq\u00ebsore dhe e leht\u00eb p\u00ebr t'u p\u00ebrdorur, kjo kart\u00eb eliminon telashet e formular\u00ebve t\u00eb rishikimit n\u00eb let\u00ebr dhe URL-ve t\u00eb nd\u00ebrlikuara, duke ofruar nj\u00eb m\u00ebnyr\u00eb t\u00eb p\u00ebrsosur p\u00ebr t\u00eb rritur vler\u00ebsimet dhe reputacionin tuaj n\u00eb TripAdvisor.<\/p>\n<p><strong>Karakteristikat kryesore:<\/strong><br \/>\n\u2013 Drejtojini klient\u00ebt n\u00eb \u00e7ast n\u00eb faqen tuaj t\u00eb rishikimit t\u00eb TripAdvisor me nj\u00eb prekje<br \/>\n\u2013 Inkurajoni vler\u00ebsime pozitive n\u00eb koh\u00eb reale p\u00ebr t\u00eb rritur reputacionin tuaj<br \/>\n\u2013 Zgjidhje miq\u00ebsore me mjedisin, dhe vet\u00ebm me kart\u00eb dixhitale p\u00ebr mbledhjen e komenteve<br \/>\n\u2013 E p\u00ebrputhshme me t\u00eb gjitha pajisjet me NFC<\/p>\n<p>Me Fastrlink\u2019s <strong>TripAdvisor Review Card<\/strong>, mbledhja e komenteve t\u00eb vlefshme nuk ka qen\u00eb kurr\u00eb m\u00eb e shpejt\u00eb apo m\u00eb e p\u00ebrshtatshme!<\/p>","protected":false},"excerpt":{"rendered":"<p>Rriteni biznesin tuaj me Kart\u00ebn NFC t\u00eb Vler\u00ebsimeve t\u00eb TripAdvisor!<\/p>","protected":false},"featured_media":9088,"template":"","meta":{"content-type":""},"product_brand":[],"product_cat":[74],"product_tag":[],"class_list":{"0":"post-9087","1":"product","2":"type-product","3":"status-publish","4":"has-post-thumbnail","6":"product_cat-cards","7":"eutf-entry-item","9":"first","10":"instock","11":"taxable","12":"shipping-taxable","13":"purchasable","14":"product-type-simple"},"yoast_head":"<!-- This site is optimized with the Yoast SEO Premium plugin v23.9 (Yoast SEO v23.9) - https:\/\/yoast.com\/wordpress\/plugins\/seo\/ -->\n<title>TripAdvisor Card - Fastrlink.com<\/title>\n<meta name=\"robots\" content=\"index, follow, max-snippet:-1, max-image-preview:large, max-video-preview:-1\" \/>\n<link rel=\"canonical\" href=\"https:\/\/fastrlink.com\/sq\/produkt\/tripadvisor-review-card\/\" \/>\n<meta property=\"og:locale\" content=\"sq_AL\" \/>\n<meta property=\"og:type\" content=\"article\" \/>\n<meta property=\"og:title\" content=\"TripAdvisor Card\" \/>\n<meta property=\"og:description\" content=\"Boost your business with the TripAdvisor Review NFC Card!\" \/>\n<meta property=\"og:url\" content=\"https:\/\/fastrlink.com\/sq\/produkt\/tripadvisor-review-card\/\" \/>\n<meta property=\"og:site_name\" content=\"Fastrlink.com\" \/>\n<meta property=\"article:publisher\" content=\"https:\/\/facebook.com\/fastrlink\" \/>\n<meta property=\"article:modified_time\" content=\"2024-12-09T22:23:36+00:00\" \/>\n<meta property=\"og:image\" content=\"https:\/\/fastrlink.com\/wp-content\/uploads\/2024\/12\/2.png\" \/>\n\t<meta property=\"og:image:width\" content=\"1200\" \/>\n\t<meta property=\"og:image:height\" content=\"1200\" \/>\n\t<meta property=\"og:image:type\" content=\"image\/png\" \/>\n<meta name=\"twitter:card\" content=\"summary_large_image\" \/>\n<meta name=\"twitter:label1\" content=\"Est. reading time\" \/>\n\t<meta name=\"twitter:data1\" content=\"1 minut\u00eb\" \/>\n<script type=\"application\/ld+json\" class=\"yoast-schema-graph\">{\"@context\":\"https:\/\/schema.org\",\"@graph\":[{\"@type\":\"WebPage\",\"@id\":\"https:\/\/fastrlink.com\/product\/tripadvisor-review-card\/\",\"url\":\"https:\/\/fastrlink.com\/product\/tripadvisor-review-card\/\",\"name\":\"TripAdvisor Card - Fastrlink.com\",\"isPartOf\":{\"@id\":\"https:\/\/fastrlink.com\/#website\"},\"primaryImageOfPage\":{\"@id\":\"https:\/\/fastrlink.com\/product\/tripadvisor-review-card\/#primaryimage\"},\"image\":{\"@id\":\"https:\/\/fastrlink.com\/product\/tripadvisor-review-card\/#primaryimage\"},\"thumbnailUrl\":\"https:\/\/fastrlink.com\/wp-content\/uploads\/2024\/12\/2.png\",\"datePublished\":\"2024-12-04T02:31:48+00:00\",\"dateModified\":\"2024-12-09T22:23:36+00:00\",\"breadcrumb\":{\"@id\":\"https:\/\/fastrlink.com\/product\/tripadvisor-review-card\/#breadcrumb\"},\"inLanguage\":\"sq\",\"potentialAction\":[{\"@type\":\"ReadAction\",\"target\":[\"https:\/\/fastrlink.com\/product\/tripadvisor-review-card\/\"]}]},{\"@type\":\"ImageObject\",\"inLanguage\":\"sq\",\"@id\":\"https:\/\/fastrlink.com\/product\/tripadvisor-review-card\/#primaryimage\",\"url\":\"https:\/\/fastrlink.com\/wp-content\/uploads\/2024\/12\/2.png\",\"contentUrl\":\"https:\/\/fastrlink.com\/wp-content\/uploads\/2024\/12\/2.png\",\"width\":1200,\"height\":1200},{\"@type\":\"BreadcrumbList\",\"@id\":\"https:\/\/fastrlink.com\/product\/tripadvisor-review-card\/#breadcrumb\",\"itemListElement\":[{\"@type\":\"ListItem\",\"position\":1,\"name\":\"Home\",\"item\":\"https:\/\/fastrlink.com\/\"},{\"@type\":\"ListItem\",\"position\":2,\"name\":\"Shop\",\"item\":\"https:\/\/fastrlink.com\/shop\/\"},{\"@type\":\"ListItem\",\"position\":3,\"name\":\"TripAdvisor Card\"}]},{\"@type\":\"WebSite\",\"@id\":\"https:\/\/fastrlink.com\/#website\",\"url\":\"https:\/\/fastrlink.com\/\",\"name\":\"Fastrlink.com\",\"description\":\"Digital Business Cards\",\"publisher\":{\"@id\":\"https:\/\/fastrlink.com\/#organization\"},\"potentialAction\":[{\"@type\":\"SearchAction\",\"target\":{\"@type\":\"EntryPoint\",\"urlTemplate\":\"https:\/\/fastrlink.com\/?s={search_term_string}\"},\"query-input\":{\"@type\":\"PropertyValueSpecification\",\"valueRequired\":true,\"valueName\":\"search_term_string\"}}],\"inLanguage\":\"sq\"},{\"@type\":\"Organization\",\"@id\":\"https:\/\/fastrlink.com\/#organization\",\"name\":\"Fastrlink.com\",\"url\":\"https:\/\/fastrlink.com\/\",\"logo\":{\"@type\":\"ImageObject\",\"inLanguage\":\"sq\",\"@id\":\"https:\/\/fastrlink.com\/#\/schema\/logo\/image\/\",\"url\":\"https:\/\/fastrlink.com\/wp-content\/uploads\/2024\/12\/responsive_logo.svg\",\"contentUrl\":\"https:\/\/fastrlink.com\/wp-content\/uploads\/2024\/12\/responsive_logo.svg\",\"width\":105,\"height\":14,\"caption\":\"Fastrlink.com\"},\"image\":{\"@id\":\"https:\/\/fastrlink.com\/#\/schema\/logo\/image\/\"},\"sameAs\":[\"https:\/\/facebook.com\/fastrlink\",\"https:\/\/instagram.com\/fastrlink\"]}]}<\/script>\n<!-- \/ Yoast SEO Premium plugin. -->","yoast_head_json":{"title":"TripAdvisor Card - Fastrlink.com","robots":{"index":"index","follow":"follow","max-snippet":"max-snippet:-1","max-image-preview":"max-image-preview:large","max-video-preview":"max-video-preview:-1"},"canonical":"https:\/\/fastrlink.com\/sq\/produkt\/tripadvisor-review-card\/","og_locale":"sq_AL","og_type":"article","og_title":"TripAdvisor Card","og_description":"Boost your business with the TripAdvisor Review NFC Card!","og_url":"https:\/\/fastrlink.com\/sq\/produkt\/tripadvisor-review-card\/","og_site_name":"Fastrlink.com","article_publisher":"https:\/\/facebook.com\/fastrlink","article_modified_time":"2024-12-09T22:23:36+00:00","og_image":[{"width":1200,"height":1200,"url":"https:\/\/fastrlink.com\/wp-content\/uploads\/2024\/12\/2.png","type":"image\/png"}],"twitter_card":"summary_large_image","twitter_misc":{"Est. reading time":"1 minut\u00eb"},"schema":{"@context":"https:\/\/schema.org","@graph":[{"@type":"WebPage","@id":"https:\/\/fastrlink.com\/product\/tripadvisor-review-card\/","url":"https:\/\/fastrlink.com\/product\/tripadvisor-review-card\/","name":"TripAdvisor Card - Fastrlink.com","isPartOf":{"@id":"https:\/\/fastrlink.com\/#website"},"primaryImageOfPage":{"@id":"https:\/\/fastrlink.com\/product\/tripadvisor-review-card\/#primaryimage"},"image":{"@id":"https:\/\/fastrlink.com\/product\/tripadvisor-review-card\/#primaryimage"},"thumbnailUrl":"https:\/\/fastrlink.com\/wp-content\/uploads\/2024\/12\/2.png","datePublished":"2024-12-04T02:31:48+00:00","dateModified":"2024-12-09T22:23:36+00:00","breadcrumb":{"@id":"https:\/\/fastrlink.com\/product\/tripadvisor-review-card\/#breadcrumb"},"inLanguage":"sq","potentialAction":[{"@type":"ReadAction","target":["https:\/\/fastrlink.com\/product\/tripadvisor-review-card\/"]}]},{"@type":"ImageObject","inLanguage":"sq","@id":"https:\/\/fastrlink.com\/product\/tripadvisor-review-card\/#primaryimage","url":"https:\/\/fastrlink.com\/wp-content\/uploads\/2024\/12\/2.png","contentUrl":"https:\/\/fastrlink.com\/wp-content\/uploads\/2024\/12\/2.png","width":1200,"height":1200},{"@type":"BreadcrumbList","@id":"https:\/\/fastrlink.com\/product\/tripadvisor-review-card\/#breadcrumb","itemListElement":[{"@type":"ListItem","position":1,"name":"Home","item":"https:\/\/fastrlink.com\/"},{"@type":"ListItem","position":2,"name":"Shop","item":"https:\/\/fastrlink.com\/shop\/"},{"@type":"ListItem","position":3,"name":"TripAdvisor Card"}]},{"@type":"WebSite","@id":"https:\/\/fastrlink.com\/#website","url":"https:\/\/fastrlink.com\/","name":"Fastrlink.com","description":"Digital Business Cards","publisher":{"@id":"https:\/\/fastrlink.com\/#organization"},"potentialAction":[{"@type":"SearchAction","target":{"@type":"EntryPoint","urlTemplate":"https:\/\/fastrlink.com\/?s={search_term_string}"},"query-input":{"@type":"PropertyValueSpecification","valueRequired":true,"valueName":"search_term_string"}}],"inLanguage":"sq"},{"@type":"Organization","@id":"https:\/\/fastrlink.com\/#organization","name":"Fastrlink.com","url":"https:\/\/fastrlink.com\/","logo":{"@type":"ImageObject","inLanguage":"sq","@id":"https:\/\/fastrlink.com\/#\/schema\/logo\/image\/","url":"https:\/\/fastrlink.com\/wp-content\/uploads\/2024\/12\/responsive_logo.svg","contentUrl":"https:\/\/fastrlink.com\/wp-content\/uploads\/2024\/12\/responsive_logo.svg","width":105,"height":14,"caption":"Fastrlink.com"},"image":{"@id":"https:\/\/fastrlink.com\/#\/schema\/logo\/image\/"},"sameAs":["https:\/\/facebook.com\/fastrlink","https:\/\/instagram.com\/fastrlink"]}]}},"_links":{"self":[{"href":"https:\/\/fastrlink.com\/sq\/wp-json\/wp\/v2\/product\/9087","targetHints":{"allow":["GET"]}}],"collection":[{"href":"https:\/\/fastrlink.com\/sq\/wp-json\/wp\/v2\/product"}],"about":[{"href":"https:\/\/fastrlink.com\/sq\/wp-json\/wp\/v2\/types\/product"}],"wp:featuredmedia":[{"embeddable":true,"href":"https:\/\/fastrlink.com\/sq\/wp-json\/wp\/v2\/media\/9088"}],"wp:attachment":[{"href":"https:\/\/fastrlink.com\/sq\/wp-json\/wp\/v2\/media?parent=9087"}],"wp:term":[{"taxonomy":"product_brand","embeddable":true,"href":"https:\/\/fastrlink.com\/sq\/wp-json\/wp\/v2\/product_brand?post=9087"},{"taxonomy":"product_cat","embeddable":true,"href":"https:\/\/fastrlink.com\/sq\/wp-json\/wp\/v2\/product_cat?post=9087"},{"taxonomy":"product_tag","embeddable":true,"href":"https:\/\/fastrlink.com\/sq\/wp-json\/wp\/v2\/product_tag?post=9087"}],"curies":[{"name":"wp","href":"https:\/\/api.w.org\/{rel}","templated":true}]}}