{"id":9085,"date":"2024-12-04T02:29:51","date_gmt":"2024-12-04T02:29:51","guid":{"rendered":"https:\/\/fastr.us\/?post_type=product&#038;p=9085"},"modified":"2024-12-09T22:23:43","modified_gmt":"2024-12-09T22:23:43","slug":"google-review-card","status":"publish","type":"product","link":"https:\/\/fastrlink.com\/sq\/produkt\/google-review-card\/","title":{"rendered":"Karta Google"},"content":{"rendered":"<p>Rritni reputacionin tuaj online n\u00eb internet pa mundim me Fastrlink's <strong>Karta e vler\u00ebsimeve Google<\/strong>. Kjo kart\u00eb e aktivizuar me NFC i lejon klient\u00ebt t\u00eb l\u00ebn\u00eb nj\u00eb vler\u00ebsim n\u00eb Google me nj\u00eb prekje t\u00eb thjesht\u00eb, duke e b\u00ebr\u00eb m\u00eb t\u00eb leht\u00eb se kurr\u00eb mbledhjen e komenteve. Pavar\u00ebsisht n\u00ebse drejtoni nj\u00eb biznes t\u00eb vog\u00ebl, restorant ose kompani sh\u00ebrbimesh, Karta e Vler\u00ebsimeve t\u00eb Google q\u00eb ofron Fastrlink inkurajon klient\u00ebt e lumtur t\u00eb ndajn\u00eb p\u00ebrvojat e tyre, duke ju ndihmuar t\u00eb t\u00ebrheqni m\u00eb shum\u00eb klient\u00eb potencial\u00eb dhe t\u00eb p\u00ebrmir\u00ebsoni profilin tuaj t\u00eb biznesit.<\/p>\n<p>Me dizajnin e kart\u00ebs dixhitale nga Fastrlink e dizajnuar ne m\u00ebnyr\u00eb miq\u00ebsore ndaj mjedisit dhe pa let\u00ebr, kjo kart\u00eb heq nevoj\u00ebn p\u00ebr formular\u00eb t\u00eb ndrysh\u00ebm , duke ofruar nj\u00eb m\u00ebnyr\u00eb moderne, inovative dhe t\u00eb p\u00ebrshtatshme p\u00ebr t\u00eb rritur vler\u00ebsimet tuaja n\u00eb Google.<\/p>\n<p><strong>Karakteristikat kryesore:<\/strong><br \/>\n\u2013 Drejtojini klient\u00ebt n\u00eb \u00e7ast n\u00eb faqen tuaj t\u00eb vler\u00ebsimeve n\u00eb Google me vet\u00ebm nj\u00eb prekje<br \/>\n\u2013 Inkurajoni reagime pozitive, n\u00eb koh\u00eb reale nga klient\u00ebt e k\u00ebnaqur<br \/>\n\u2013 Alternativ\u00eb miq\u00ebsore p\u00ebr mjedisin pa p\u00ebrdorim t\u00eb letrave apo materialeve t\u00eb d\u00ebmshme e gjitha e dizajnuar n\u00eb nj\u00eb kart\u00eb dixhitale profesionale<br \/>\n\u2013 E p\u00ebrputhshme me t\u00eb gjitha pajisjet me NFC<\/p>\n<p>Me Fastrlink\u2019s <strong>Karta e vler\u00ebsimeve Google<\/strong>, mbledhja e komenteve t\u00eb vlefshme dhe rritja online e pranis\u00eb tuaj n\u00eb internet nuk ka qen\u00eb kurr\u00eb m\u00eb e leht\u00eb!<\/p>","protected":false},"excerpt":{"rendered":"<p>Rriteni biznesin tuaj me Kart\u00ebn ton\u00eb NFC t\u00eb vler\u00ebsimeve n\u00eb Google.<\/p>","protected":false},"featured_media":9086,"template":"","meta":{"content-type":""},"product_brand":[],"product_cat":[74],"product_tag":[],"class_list":{"0":"post-9085","1":"product","2":"type-product","3":"status-publish","4":"has-post-thumbnail","6":"product_cat-cards","7":"eutf-entry-item","9":"first","10":"instock","11":"taxable","12":"shipping-taxable","13":"purchasable","14":"product-type-simple"},"yoast_head":"<!-- This site is optimized with the Yoast SEO Premium plugin v23.9 (Yoast SEO v23.9) - https:\/\/yoast.com\/wordpress\/plugins\/seo\/ -->\n<title>Google Card - Fastrlink.com<\/title>\n<meta name=\"robots\" content=\"index, follow, max-snippet:-1, max-image-preview:large, max-video-preview:-1\" \/>\n<link rel=\"canonical\" href=\"https:\/\/fastrlink.com\/sq\/produkt\/google-review-card\/\" \/>\n<meta property=\"og:locale\" content=\"sq_AL\" \/>\n<meta property=\"og:type\" content=\"article\" \/>\n<meta property=\"og:title\" content=\"Google Card\" \/>\n<meta property=\"og:description\" content=\"Grow your business with our Google Review NFC Card.\" \/>\n<meta property=\"og:url\" content=\"https:\/\/fastrlink.com\/sq\/produkt\/google-review-card\/\" \/>\n<meta property=\"og:site_name\" content=\"Fastrlink.com\" \/>\n<meta property=\"article:publisher\" content=\"https:\/\/facebook.com\/fastrlink\" \/>\n<meta property=\"article:modified_time\" content=\"2024-12-09T22:23:43+00:00\" \/>\n<meta property=\"og:image\" content=\"https:\/\/fastrlink.com\/wp-content\/uploads\/2024\/12\/1.png\" \/>\n\t<meta property=\"og:image:width\" content=\"1200\" \/>\n\t<meta property=\"og:image:height\" content=\"1200\" \/>\n\t<meta property=\"og:image:type\" content=\"image\/png\" \/>\n<meta name=\"twitter:card\" content=\"summary_large_image\" \/>\n<meta name=\"twitter:label1\" content=\"Est. reading time\" \/>\n\t<meta name=\"twitter:data1\" content=\"1 minut\u00eb\" \/>\n<script type=\"application\/ld+json\" class=\"yoast-schema-graph\">{\"@context\":\"https:\/\/schema.org\",\"@graph\":[{\"@type\":\"WebPage\",\"@id\":\"https:\/\/fastrlink.com\/product\/google-review-card\/\",\"url\":\"https:\/\/fastrlink.com\/product\/google-review-card\/\",\"name\":\"Google Card - Fastrlink.com\",\"isPartOf\":{\"@id\":\"https:\/\/fastrlink.com\/#website\"},\"primaryImageOfPage\":{\"@id\":\"https:\/\/fastrlink.com\/product\/google-review-card\/#primaryimage\"},\"image\":{\"@id\":\"https:\/\/fastrlink.com\/product\/google-review-card\/#primaryimage\"},\"thumbnailUrl\":\"https:\/\/fastrlink.com\/wp-content\/uploads\/2024\/12\/1.png\",\"datePublished\":\"2024-12-04T02:29:51+00:00\",\"dateModified\":\"2024-12-09T22:23:43+00:00\",\"breadcrumb\":{\"@id\":\"https:\/\/fastrlink.com\/product\/google-review-card\/#breadcrumb\"},\"inLanguage\":\"sq\",\"potentialAction\":[{\"@type\":\"ReadAction\",\"target\":[\"https:\/\/fastrlink.com\/product\/google-review-card\/\"]}]},{\"@type\":\"ImageObject\",\"inLanguage\":\"sq\",\"@id\":\"https:\/\/fastrlink.com\/product\/google-review-card\/#primaryimage\",\"url\":\"https:\/\/fastrlink.com\/wp-content\/uploads\/2024\/12\/1.png\",\"contentUrl\":\"https:\/\/fastrlink.com\/wp-content\/uploads\/2024\/12\/1.png\",\"width\":1200,\"height\":1200},{\"@type\":\"BreadcrumbList\",\"@id\":\"https:\/\/fastrlink.com\/product\/google-review-card\/#breadcrumb\",\"itemListElement\":[{\"@type\":\"ListItem\",\"position\":1,\"name\":\"Home\",\"item\":\"https:\/\/fastrlink.com\/\"},{\"@type\":\"ListItem\",\"position\":2,\"name\":\"Shop\",\"item\":\"https:\/\/fastrlink.com\/shop\/\"},{\"@type\":\"ListItem\",\"position\":3,\"name\":\"Google Card\"}]},{\"@type\":\"WebSite\",\"@id\":\"https:\/\/fastrlink.com\/#website\",\"url\":\"https:\/\/fastrlink.com\/\",\"name\":\"Fastrlink.com\",\"description\":\"Digital Business Cards\",\"publisher\":{\"@id\":\"https:\/\/fastrlink.com\/#organization\"},\"potentialAction\":[{\"@type\":\"SearchAction\",\"target\":{\"@type\":\"EntryPoint\",\"urlTemplate\":\"https:\/\/fastrlink.com\/?s={search_term_string}\"},\"query-input\":{\"@type\":\"PropertyValueSpecification\",\"valueRequired\":true,\"valueName\":\"search_term_string\"}}],\"inLanguage\":\"sq\"},{\"@type\":\"Organization\",\"@id\":\"https:\/\/fastrlink.com\/#organization\",\"name\":\"Fastrlink.com\",\"url\":\"https:\/\/fastrlink.com\/\",\"logo\":{\"@type\":\"ImageObject\",\"inLanguage\":\"sq\",\"@id\":\"https:\/\/fastrlink.com\/#\/schema\/logo\/image\/\",\"url\":\"https:\/\/fastrlink.com\/wp-content\/uploads\/2024\/12\/responsive_logo.svg\",\"contentUrl\":\"https:\/\/fastrlink.com\/wp-content\/uploads\/2024\/12\/responsive_logo.svg\",\"width\":105,\"height\":14,\"caption\":\"Fastrlink.com\"},\"image\":{\"@id\":\"https:\/\/fastrlink.com\/#\/schema\/logo\/image\/\"},\"sameAs\":[\"https:\/\/facebook.com\/fastrlink\",\"https:\/\/instagram.com\/fastrlink\"]}]}<\/script>\n<!-- \/ Yoast SEO Premium plugin. -->","yoast_head_json":{"title":"Google Card - Fastrlink.com","robots":{"index":"index","follow":"follow","max-snippet":"max-snippet:-1","max-image-preview":"max-image-preview:large","max-video-preview":"max-video-preview:-1"},"canonical":"https:\/\/fastrlink.com\/sq\/produkt\/google-review-card\/","og_locale":"sq_AL","og_type":"article","og_title":"Google Card","og_description":"Grow your business with our Google Review NFC Card.","og_url":"https:\/\/fastrlink.com\/sq\/produkt\/google-review-card\/","og_site_name":"Fastrlink.com","article_publisher":"https:\/\/facebook.com\/fastrlink","article_modified_time":"2024-12-09T22:23:43+00:00","og_image":[{"width":1200,"height":1200,"url":"https:\/\/fastrlink.com\/wp-content\/uploads\/2024\/12\/1.png","type":"image\/png"}],"twitter_card":"summary_large_image","twitter_misc":{"Est. reading time":"1 minut\u00eb"},"schema":{"@context":"https:\/\/schema.org","@graph":[{"@type":"WebPage","@id":"https:\/\/fastrlink.com\/product\/google-review-card\/","url":"https:\/\/fastrlink.com\/product\/google-review-card\/","name":"Google Card - Fastrlink.com","isPartOf":{"@id":"https:\/\/fastrlink.com\/#website"},"primaryImageOfPage":{"@id":"https:\/\/fastrlink.com\/product\/google-review-card\/#primaryimage"},"image":{"@id":"https:\/\/fastrlink.com\/product\/google-review-card\/#primaryimage"},"thumbnailUrl":"https:\/\/fastrlink.com\/wp-content\/uploads\/2024\/12\/1.png","datePublished":"2024-12-04T02:29:51+00:00","dateModified":"2024-12-09T22:23:43+00:00","breadcrumb":{"@id":"https:\/\/fastrlink.com\/product\/google-review-card\/#breadcrumb"},"inLanguage":"sq","potentialAction":[{"@type":"ReadAction","target":["https:\/\/fastrlink.com\/product\/google-review-card\/"]}]},{"@type":"ImageObject","inLanguage":"sq","@id":"https:\/\/fastrlink.com\/product\/google-review-card\/#primaryimage","url":"https:\/\/fastrlink.com\/wp-content\/uploads\/2024\/12\/1.png","contentUrl":"https:\/\/fastrlink.com\/wp-content\/uploads\/2024\/12\/1.png","width":1200,"height":1200},{"@type":"BreadcrumbList","@id":"https:\/\/fastrlink.com\/product\/google-review-card\/#breadcrumb","itemListElement":[{"@type":"ListItem","position":1,"name":"Home","item":"https:\/\/fastrlink.com\/"},{"@type":"ListItem","position":2,"name":"Shop","item":"https:\/\/fastrlink.com\/shop\/"},{"@type":"ListItem","position":3,"name":"Google Card"}]},{"@type":"WebSite","@id":"https:\/\/fastrlink.com\/#website","url":"https:\/\/fastrlink.com\/","name":"Fastrlink.com","description":"Digital Business Cards","publisher":{"@id":"https:\/\/fastrlink.com\/#organization"},"potentialAction":[{"@type":"SearchAction","target":{"@type":"EntryPoint","urlTemplate":"https:\/\/fastrlink.com\/?s={search_term_string}"},"query-input":{"@type":"PropertyValueSpecification","valueRequired":true,"valueName":"search_term_string"}}],"inLanguage":"sq"},{"@type":"Organization","@id":"https:\/\/fastrlink.com\/#organization","name":"Fastrlink.com","url":"https:\/\/fastrlink.com\/","logo":{"@type":"ImageObject","inLanguage":"sq","@id":"https:\/\/fastrlink.com\/#\/schema\/logo\/image\/","url":"https:\/\/fastrlink.com\/wp-content\/uploads\/2024\/12\/responsive_logo.svg","contentUrl":"https:\/\/fastrlink.com\/wp-content\/uploads\/2024\/12\/responsive_logo.svg","width":105,"height":14,"caption":"Fastrlink.com"},"image":{"@id":"https:\/\/fastrlink.com\/#\/schema\/logo\/image\/"},"sameAs":["https:\/\/facebook.com\/fastrlink","https:\/\/instagram.com\/fastrlink"]}]}},"_links":{"self":[{"href":"https:\/\/fastrlink.com\/sq\/wp-json\/wp\/v2\/product\/9085","targetHints":{"allow":["GET"]}}],"collection":[{"href":"https:\/\/fastrlink.com\/sq\/wp-json\/wp\/v2\/product"}],"about":[{"href":"https:\/\/fastrlink.com\/sq\/wp-json\/wp\/v2\/types\/product"}],"wp:featuredmedia":[{"embeddable":true,"href":"https:\/\/fastrlink.com\/sq\/wp-json\/wp\/v2\/media\/9086"}],"wp:attachment":[{"href":"https:\/\/fastrlink.com\/sq\/wp-json\/wp\/v2\/media?parent=9085"}],"wp:term":[{"taxonomy":"product_brand","embeddable":true,"href":"https:\/\/fastrlink.com\/sq\/wp-json\/wp\/v2\/product_brand?post=9085"},{"taxonomy":"product_cat","embeddable":true,"href":"https:\/\/fastrlink.com\/sq\/wp-json\/wp\/v2\/product_cat?post=9085"},{"taxonomy":"product_tag","embeddable":true,"href":"https:\/\/fastrlink.com\/sq\/wp-json\/wp\/v2\/product_tag?post=9085"}],"curies":[{"name":"wp","href":"https:\/\/api.w.org\/{rel}","templated":true}]}}