{"id":9075,"date":"2024-12-04T01:53:49","date_gmt":"2024-12-04T01:53:49","guid":{"rendered":"https:\/\/fastr.us\/?post_type=product&#038;p=9075"},"modified":"2024-12-09T22:32:55","modified_gmt":"2024-12-09T22:32:55","slug":"stay-connected","status":"publish","type":"product","link":"https:\/\/fastrlink.com\/sq\/produkt\/stay-connected\/","title":{"rendered":"Stay Connected"},"content":{"rendered":"<p>Q\u00ebndroni t\u00eb lidhur dhe p\u00ebrmir\u00ebsoni nd\u00ebrveprimet tuaja dixhitale me <strong>Stay Connected<\/strong> Pakoja NFC nga Fastrlink. Kjo pako thelb\u00ebsore p\u00ebrfshin tre karta t\u00eb fuqishme NFC t\u00eb krijuara p\u00ebr t\u00eb p\u00ebrmir\u00ebsuar rrjetet, komunikimin dhe p\u00ebrpjekjet tuaja p\u00ebr t\u00eb nd\u00ebrtuar reputacion. Pavar\u00ebsisht n\u00ebse jeni nj\u00eb profesionist biznesi, ndikues ose sip\u00ebrmarr\u00ebs, k\u00ebto karta sigurojn\u00eb q\u00eb jeni gjithmon\u00eb vet\u00ebm nj\u00eb prekje e leht\u00eb larg lidhjes dhe angazhimit me rrjetin tuaj.<\/p>\n<p><strong>Pakoja p\u00ebrfshin:<\/strong><br \/>\n\u2013 Viber Sharing Card: Ndani menj\u00ebher\u00eb profilin tuaj Viber me nj\u00eb prekje t\u00eb thjesht\u00eb, duke e b\u00ebr\u00eb t\u00eb leht\u00eb lidhjen e sigurt me kontaktet dhe bised\u00ebn n\u00eb l\u00ebvizje.<br \/>\n\u2013 WhatsApp Sharing Card: Ndani kontaktin tuaj WhatsApp menj\u00ebher\u00eb, duke leht\u00ebsuar komunikimin pa probleme si p\u00ebr nd\u00ebrveprimet e biznesit ashtu edhe p\u00ebr ato personale.<br \/>\n\u2013 Google Review Card: Inkurajoni klient\u00ebt e k\u00ebnaqur q\u00eb t\u00eb l\u00ebn\u00eb komente t\u00eb shk\u00eblqyera n\u00eb Google, duke rritur pranin\u00eb tuaj n\u00eb internet dhe duke ndihmuar n\u00eb t\u00ebrheqjen e klient\u00ebve t\u00eb rinj.<\/p>\n<p><strong>Karakteristikat kryesore:<\/strong><br \/>\n\u2013 Ndarja e kontakteve dhe mbledhja e vler\u00ebsimeve p\u00ebrmes NFC<br \/>\n\u2013 Zgjidhje miq\u00ebsore me mjedisin, pa let\u00ebr p\u00ebr rrjetet moderne<br \/>\n\u2013 Lidhje e menj\u00ebhershme n\u00eb Viber, WhatsApp dhe Google Reviews<br \/>\n\u2013 E p\u00ebrputhshme me t\u00eb gjitha pajisjet me NFC<\/p>\n<p>Me <strong>Stay Connected<\/strong> nga Fastrlink, do t\u00eb menaxhoni pa mundim lidhjet tuaja dixhitale dhe do t\u00eb krijoni nj\u00eb prani m\u00eb t\u00eb fort\u00eb n\u00eb internet\u2014t\u00eb gjitha me leht\u00ebsin\u00eb e nj\u00eb prekjeje t\u00eb vetme. E p\u00ebrkryer p\u00ebr bizneset, profesionist\u00ebt dhe k\u00ebdo q\u00eb k\u00ebrkon t\u00eb rris\u00eb rrjetin e tyre n\u00eb nj\u00eb bot\u00eb t\u00eb par\u00eb dixhitale.<\/p>","protected":false},"excerpt":{"rendered":"<p>Rritni ndjek\u00ebsit e biznesit tuaj n\u00ebp\u00ebrmjet kartave tona duke ndihmuar klient\u00ebt t\u00eb kalojn\u00eb menj\u00ebher\u00eb n\u00eb faqen tuaj n\u00eb pak sekonda.<\/p>","protected":false},"featured_media":9070,"template":"","meta":{"content-type":""},"product_brand":[],"product_cat":[85],"product_tag":[],"class_list":{"0":"post-9075","1":"product","2":"type-product","3":"status-publish","4":"has-post-thumbnail","6":"product_cat-essentials-three","7":"eutf-entry-item","9":"first","10":"instock","11":"taxable","12":"shipping-taxable","13":"purchasable","14":"product-type-simple"},"yoast_head":"<!-- This site is optimized with the Yoast SEO Premium plugin v23.9 (Yoast SEO v23.9) - https:\/\/yoast.com\/wordpress\/plugins\/seo\/ -->\n<title>Stay Connected - Fastrlink.com<\/title>\n<meta name=\"robots\" content=\"index, follow, max-snippet:-1, max-image-preview:large, max-video-preview:-1\" \/>\n<link rel=\"canonical\" href=\"https:\/\/fastrlink.com\/sq\/produkt\/stay-connected\/\" \/>\n<meta property=\"og:locale\" content=\"sq_AL\" \/>\n<meta property=\"og:type\" content=\"article\" \/>\n<meta property=\"og:title\" content=\"Stay Connected\" \/>\n<meta property=\"og:description\" content=\"Grow your business followers via our cards helping customers to instantly go to your page in matter of seconds.\" \/>\n<meta property=\"og:url\" content=\"https:\/\/fastrlink.com\/sq\/produkt\/stay-connected\/\" \/>\n<meta property=\"og:site_name\" content=\"Fastrlink.com\" \/>\n<meta property=\"article:publisher\" content=\"https:\/\/facebook.com\/fastrlink\" \/>\n<meta property=\"article:modified_time\" content=\"2024-12-09T22:32:55+00:00\" \/>\n<meta property=\"og:image\" content=\"https:\/\/fastrlink.com\/wp-content\/uploads\/2024\/12\/35.jpg\" \/>\n\t<meta property=\"og:image:width\" content=\"1600\" \/>\n\t<meta property=\"og:image:height\" content=\"1600\" \/>\n\t<meta property=\"og:image:type\" content=\"image\/jpeg\" \/>\n<meta name=\"twitter:card\" content=\"summary_large_image\" \/>\n<meta name=\"twitter:label1\" content=\"Est. reading time\" \/>\n\t<meta name=\"twitter:data1\" content=\"2 minuta\" \/>\n<script type=\"application\/ld+json\" class=\"yoast-schema-graph\">{\"@context\":\"https:\/\/schema.org\",\"@graph\":[{\"@type\":\"WebPage\",\"@id\":\"https:\/\/fastrlink.com\/product\/stay-connected\/\",\"url\":\"https:\/\/fastrlink.com\/product\/stay-connected\/\",\"name\":\"Stay Connected - Fastrlink.com\",\"isPartOf\":{\"@id\":\"https:\/\/fastrlink.com\/#website\"},\"primaryImageOfPage\":{\"@id\":\"https:\/\/fastrlink.com\/product\/stay-connected\/#primaryimage\"},\"image\":{\"@id\":\"https:\/\/fastrlink.com\/product\/stay-connected\/#primaryimage\"},\"thumbnailUrl\":\"https:\/\/fastrlink.com\/wp-content\/uploads\/2024\/12\/35.jpg\",\"datePublished\":\"2024-12-04T01:53:49+00:00\",\"dateModified\":\"2024-12-09T22:32:55+00:00\",\"breadcrumb\":{\"@id\":\"https:\/\/fastrlink.com\/product\/stay-connected\/#breadcrumb\"},\"inLanguage\":\"sq\",\"potentialAction\":[{\"@type\":\"ReadAction\",\"target\":[\"https:\/\/fastrlink.com\/product\/stay-connected\/\"]}]},{\"@type\":\"ImageObject\",\"inLanguage\":\"sq\",\"@id\":\"https:\/\/fastrlink.com\/product\/stay-connected\/#primaryimage\",\"url\":\"https:\/\/fastrlink.com\/wp-content\/uploads\/2024\/12\/35.jpg\",\"contentUrl\":\"https:\/\/fastrlink.com\/wp-content\/uploads\/2024\/12\/35.jpg\",\"width\":1600,\"height\":1600},{\"@type\":\"BreadcrumbList\",\"@id\":\"https:\/\/fastrlink.com\/product\/stay-connected\/#breadcrumb\",\"itemListElement\":[{\"@type\":\"ListItem\",\"position\":1,\"name\":\"Home\",\"item\":\"https:\/\/fastrlink.com\/\"},{\"@type\":\"ListItem\",\"position\":2,\"name\":\"Shop\",\"item\":\"https:\/\/fastrlink.com\/shop\/\"},{\"@type\":\"ListItem\",\"position\":3,\"name\":\"Stay Connected\"}]},{\"@type\":\"WebSite\",\"@id\":\"https:\/\/fastrlink.com\/#website\",\"url\":\"https:\/\/fastrlink.com\/\",\"name\":\"Fastrlink.com\",\"description\":\"Digital Business Cards\",\"publisher\":{\"@id\":\"https:\/\/fastrlink.com\/#organization\"},\"potentialAction\":[{\"@type\":\"SearchAction\",\"target\":{\"@type\":\"EntryPoint\",\"urlTemplate\":\"https:\/\/fastrlink.com\/?s={search_term_string}\"},\"query-input\":{\"@type\":\"PropertyValueSpecification\",\"valueRequired\":true,\"valueName\":\"search_term_string\"}}],\"inLanguage\":\"sq\"},{\"@type\":\"Organization\",\"@id\":\"https:\/\/fastrlink.com\/#organization\",\"name\":\"Fastrlink.com\",\"url\":\"https:\/\/fastrlink.com\/\",\"logo\":{\"@type\":\"ImageObject\",\"inLanguage\":\"sq\",\"@id\":\"https:\/\/fastrlink.com\/#\/schema\/logo\/image\/\",\"url\":\"https:\/\/fastrlink.com\/wp-content\/uploads\/2024\/12\/responsive_logo.svg\",\"contentUrl\":\"https:\/\/fastrlink.com\/wp-content\/uploads\/2024\/12\/responsive_logo.svg\",\"width\":105,\"height\":14,\"caption\":\"Fastrlink.com\"},\"image\":{\"@id\":\"https:\/\/fastrlink.com\/#\/schema\/logo\/image\/\"},\"sameAs\":[\"https:\/\/facebook.com\/fastrlink\",\"https:\/\/instagram.com\/fastrlink\"]}]}<\/script>\n<!-- \/ Yoast SEO Premium plugin. -->","yoast_head_json":{"title":"Stay Connected - Fastrlink.com","robots":{"index":"index","follow":"follow","max-snippet":"max-snippet:-1","max-image-preview":"max-image-preview:large","max-video-preview":"max-video-preview:-1"},"canonical":"https:\/\/fastrlink.com\/sq\/produkt\/stay-connected\/","og_locale":"sq_AL","og_type":"article","og_title":"Stay Connected","og_description":"Grow your business followers via our cards helping customers to instantly go to your page in matter of seconds.","og_url":"https:\/\/fastrlink.com\/sq\/produkt\/stay-connected\/","og_site_name":"Fastrlink.com","article_publisher":"https:\/\/facebook.com\/fastrlink","article_modified_time":"2024-12-09T22:32:55+00:00","og_image":[{"width":1600,"height":1600,"url":"https:\/\/fastrlink.com\/wp-content\/uploads\/2024\/12\/35.jpg","type":"image\/jpeg"}],"twitter_card":"summary_large_image","twitter_misc":{"Est. reading time":"2 minuta"},"schema":{"@context":"https:\/\/schema.org","@graph":[{"@type":"WebPage","@id":"https:\/\/fastrlink.com\/product\/stay-connected\/","url":"https:\/\/fastrlink.com\/product\/stay-connected\/","name":"Stay Connected - Fastrlink.com","isPartOf":{"@id":"https:\/\/fastrlink.com\/#website"},"primaryImageOfPage":{"@id":"https:\/\/fastrlink.com\/product\/stay-connected\/#primaryimage"},"image":{"@id":"https:\/\/fastrlink.com\/product\/stay-connected\/#primaryimage"},"thumbnailUrl":"https:\/\/fastrlink.com\/wp-content\/uploads\/2024\/12\/35.jpg","datePublished":"2024-12-04T01:53:49+00:00","dateModified":"2024-12-09T22:32:55+00:00","breadcrumb":{"@id":"https:\/\/fastrlink.com\/product\/stay-connected\/#breadcrumb"},"inLanguage":"sq","potentialAction":[{"@type":"ReadAction","target":["https:\/\/fastrlink.com\/product\/stay-connected\/"]}]},{"@type":"ImageObject","inLanguage":"sq","@id":"https:\/\/fastrlink.com\/product\/stay-connected\/#primaryimage","url":"https:\/\/fastrlink.com\/wp-content\/uploads\/2024\/12\/35.jpg","contentUrl":"https:\/\/fastrlink.com\/wp-content\/uploads\/2024\/12\/35.jpg","width":1600,"height":1600},{"@type":"BreadcrumbList","@id":"https:\/\/fastrlink.com\/product\/stay-connected\/#breadcrumb","itemListElement":[{"@type":"ListItem","position":1,"name":"Home","item":"https:\/\/fastrlink.com\/"},{"@type":"ListItem","position":2,"name":"Shop","item":"https:\/\/fastrlink.com\/shop\/"},{"@type":"ListItem","position":3,"name":"Stay Connected"}]},{"@type":"WebSite","@id":"https:\/\/fastrlink.com\/#website","url":"https:\/\/fastrlink.com\/","name":"Fastrlink.com","description":"Digital Business Cards","publisher":{"@id":"https:\/\/fastrlink.com\/#organization"},"potentialAction":[{"@type":"SearchAction","target":{"@type":"EntryPoint","urlTemplate":"https:\/\/fastrlink.com\/?s={search_term_string}"},"query-input":{"@type":"PropertyValueSpecification","valueRequired":true,"valueName":"search_term_string"}}],"inLanguage":"sq"},{"@type":"Organization","@id":"https:\/\/fastrlink.com\/#organization","name":"Fastrlink.com","url":"https:\/\/fastrlink.com\/","logo":{"@type":"ImageObject","inLanguage":"sq","@id":"https:\/\/fastrlink.com\/#\/schema\/logo\/image\/","url":"https:\/\/fastrlink.com\/wp-content\/uploads\/2024\/12\/responsive_logo.svg","contentUrl":"https:\/\/fastrlink.com\/wp-content\/uploads\/2024\/12\/responsive_logo.svg","width":105,"height":14,"caption":"Fastrlink.com"},"image":{"@id":"https:\/\/fastrlink.com\/#\/schema\/logo\/image\/"},"sameAs":["https:\/\/facebook.com\/fastrlink","https:\/\/instagram.com\/fastrlink"]}]}},"_links":{"self":[{"href":"https:\/\/fastrlink.com\/sq\/wp-json\/wp\/v2\/product\/9075","targetHints":{"allow":["GET"]}}],"collection":[{"href":"https:\/\/fastrlink.com\/sq\/wp-json\/wp\/v2\/product"}],"about":[{"href":"https:\/\/fastrlink.com\/sq\/wp-json\/wp\/v2\/types\/product"}],"wp:featuredmedia":[{"embeddable":true,"href":"https:\/\/fastrlink.com\/sq\/wp-json\/wp\/v2\/media\/9070"}],"wp:attachment":[{"href":"https:\/\/fastrlink.com\/sq\/wp-json\/wp\/v2\/media?parent=9075"}],"wp:term":[{"taxonomy":"product_brand","embeddable":true,"href":"https:\/\/fastrlink.com\/sq\/wp-json\/wp\/v2\/product_brand?post=9075"},{"taxonomy":"product_cat","embeddable":true,"href":"https:\/\/fastrlink.com\/sq\/wp-json\/wp\/v2\/product_cat?post=9075"},{"taxonomy":"product_tag","embeddable":true,"href":"https:\/\/fastrlink.com\/sq\/wp-json\/wp\/v2\/product_tag?post=9075"}],"curies":[{"name":"wp","href":"https:\/\/api.w.org\/{rel}","templated":true}]}}