{"id":9073,"date":"2024-12-04T01:50:50","date_gmt":"2024-12-04T01:50:50","guid":{"rendered":"https:\/\/fastr.us\/?post_type=product&#038;p=9073"},"modified":"2024-12-09T22:33:03","modified_gmt":"2024-12-09T22:33:03","slug":"growconnect","status":"publish","type":"product","link":"https:\/\/fastrlink.com\/sq\/produkt\/growconnect\/","title":{"rendered":"Pako grow &amp; connect"},"content":{"rendered":"<p>\u00c7ojeni pranin\u00eb tuaj dixhitale n\u00eb nivelin tjet\u00ebr me <strong>Grow &amp; Connect<\/strong> Pakoja NFC nga Fastrlink. Kjo pako thelb\u00ebsore p\u00ebrfshin tre karta t\u00eb fuqishme NFC t\u00eb krijuara p\u00ebr t\u00eb rritur angazhimin tuaj n\u00eb mediat sociale, p\u00ebr t\u00eb thjeshtuar komunikimin dhe p\u00ebr t\u00eb rritur reputacionin tuaj n\u00eb internet. Pavar\u00ebsisht n\u00ebse je biznes, ndikues apo krijues, k\u00ebto karta t\u00eb ndihmojn\u00eb t\u00eb zgjerosh shtrirjen t\u00ebnde dhe t\u00eb nd\u00ebrtosh lidhje dometh\u00ebn\u00ebse vet\u00ebm me nj\u00eb prekje.<\/p>\n<p><strong>Pakoja p\u00ebrfshin:<\/strong><br \/>\n&#8211; Instagram <strong>Grow &amp; Connect Card<\/strong>: Ndani menj\u00ebher\u00eb profilin tuaj n\u00eb Instagram me nj\u00eb prekje, duke e b\u00ebr\u00eb m\u00eb t\u00eb leht\u00eb p\u00ebr t\u00eb tjer\u00ebt ndjekjen, angazhimin dhe zbulimin e p\u00ebrmbajtjes suaj.<br \/>\n&#8211; WhatsApp <strong>Grow &amp; Connect Card<\/strong>: Ndani kontaktin tuaj WhatsApp, duke mund\u00ebsuar komunikim pa probleme dhe lidhje t\u00eb menj\u00ebhershme me audienc\u00ebn, klient\u00ebt ose miqt\u00eb tuaj.<br \/>\n&#8211; Google Review <strong>Grow &amp; Connect Card<\/strong>: Inkurajoni klient\u00ebt ose ndjek\u00ebsit e k\u00ebnaqur q\u00eb t\u00eb l\u00ebn\u00eb komente pozitive n\u00eb Google, duke ndihmuar n\u00eb rritjen e reputacionit tuaj dhe t\u00ebrheqjen e m\u00eb shum\u00eb bizneseve.<\/p>\n<p><strong>Karakteristikat kryesore:<\/strong><br \/>\n\u2013 Ndarje dhe lidhje e menj\u00ebhershme n\u00eb Instagram, WhatsApp dhe Google Reviews<br \/>\n\u2013 Zgjidhje miq\u00ebsore me mjedisin, pa letra vet\u00ebm me karta dixhitale nga Fastrlink<br \/>\n\u2013 Mblidhni pa mund vler\u00ebsime, komente dhe rritni ndjek\u00ebsit tuaj n\u00eb mediat sociale<br \/>\n\u2013 E p\u00ebrputhshme me t\u00eb gjitha pajisjet me NFC<\/p>\n<p>Me <strong>Grow &amp; Connect<\/strong> nga Fastrlink, ju do t\u00eb rrisni pa probleme ndjek\u00ebsit tuaj n\u00eb mediat sociale, do t\u00eb p\u00ebrmir\u00ebsoni komunikimin tuaj dhe do t\u00eb forconi reputacionin tuaj n\u00eb internet - t\u00eb gjitha me leht\u00ebsin\u00eb e nj\u00eb prekje. E p\u00ebrkryer p\u00ebr k\u00ebdo q\u00eb k\u00ebrkon t\u00eb zgjeroj\u00eb gjurm\u00ebn e tyre dixhitale n\u00eb bot\u00ebn e sotme me ritme t\u00eb shpejta dhe t\u00eb lidhura.<\/p>","protected":false},"excerpt":{"rendered":"<p>Rritni ndjek\u00ebsit e biznesit tuaj n\u00ebp\u00ebrmjet kartave tona duke ndihmuar klient\u00ebt t\u00eb kalojn\u00eb menj\u00ebher\u00eb n\u00eb faqen tuaj n\u00eb pak sekonda.<\/p>","protected":false},"featured_media":9071,"template":"","meta":{"content-type":""},"product_brand":[],"product_cat":[85],"product_tag":[],"class_list":{"0":"post-9073","1":"product","2":"type-product","3":"status-publish","4":"has-post-thumbnail","6":"product_cat-essentials-three","7":"eutf-entry-item","9":"first","10":"instock","11":"taxable","12":"shipping-taxable","13":"purchasable","14":"product-type-simple"},"yoast_head":"<!-- This site is optimized with the Yoast SEO Premium plugin v23.9 (Yoast SEO v23.9) - https:\/\/yoast.com\/wordpress\/plugins\/seo\/ -->\n<title>Grow &amp; Connect - Fastrlink.com<\/title>\n<meta name=\"robots\" content=\"index, follow, max-snippet:-1, max-image-preview:large, max-video-preview:-1\" \/>\n<link rel=\"canonical\" href=\"https:\/\/fastrlink.com\/sq\/produkt\/growconnect\/\" \/>\n<meta property=\"og:locale\" content=\"sq_AL\" \/>\n<meta property=\"og:type\" content=\"article\" \/>\n<meta property=\"og:title\" content=\"Grow &amp; Connect\" \/>\n<meta property=\"og:description\" content=\"Grow your business followers via our cards helping customers to instantly go to your page in matter of seconds.\" \/>\n<meta property=\"og:url\" content=\"https:\/\/fastrlink.com\/sq\/produkt\/growconnect\/\" \/>\n<meta property=\"og:site_name\" content=\"Fastrlink.com\" \/>\n<meta property=\"article:publisher\" content=\"https:\/\/facebook.com\/fastrlink\" \/>\n<meta property=\"article:modified_time\" content=\"2024-12-09T22:33:03+00:00\" \/>\n<meta property=\"og:image\" content=\"https:\/\/fastrlink.com\/wp-content\/uploads\/2024\/12\/36.jpg\" \/>\n\t<meta property=\"og:image:width\" content=\"1600\" \/>\n\t<meta property=\"og:image:height\" content=\"1600\" \/>\n\t<meta property=\"og:image:type\" content=\"image\/jpeg\" \/>\n<meta name=\"twitter:card\" content=\"summary_large_image\" \/>\n<meta name=\"twitter:label1\" content=\"Est. reading time\" \/>\n\t<meta name=\"twitter:data1\" content=\"2 minuta\" \/>\n<script type=\"application\/ld+json\" class=\"yoast-schema-graph\">{\"@context\":\"https:\/\/schema.org\",\"@graph\":[{\"@type\":\"WebPage\",\"@id\":\"https:\/\/fastrlink.com\/product\/growconnect\/\",\"url\":\"https:\/\/fastrlink.com\/product\/growconnect\/\",\"name\":\"Grow & Connect - Fastrlink.com\",\"isPartOf\":{\"@id\":\"https:\/\/fastrlink.com\/#website\"},\"primaryImageOfPage\":{\"@id\":\"https:\/\/fastrlink.com\/product\/growconnect\/#primaryimage\"},\"image\":{\"@id\":\"https:\/\/fastrlink.com\/product\/growconnect\/#primaryimage\"},\"thumbnailUrl\":\"https:\/\/fastrlink.com\/wp-content\/uploads\/2024\/12\/36.jpg\",\"datePublished\":\"2024-12-04T01:50:50+00:00\",\"dateModified\":\"2024-12-09T22:33:03+00:00\",\"breadcrumb\":{\"@id\":\"https:\/\/fastrlink.com\/product\/growconnect\/#breadcrumb\"},\"inLanguage\":\"sq\",\"potentialAction\":[{\"@type\":\"ReadAction\",\"target\":[\"https:\/\/fastrlink.com\/product\/growconnect\/\"]}]},{\"@type\":\"ImageObject\",\"inLanguage\":\"sq\",\"@id\":\"https:\/\/fastrlink.com\/product\/growconnect\/#primaryimage\",\"url\":\"https:\/\/fastrlink.com\/wp-content\/uploads\/2024\/12\/36.jpg\",\"contentUrl\":\"https:\/\/fastrlink.com\/wp-content\/uploads\/2024\/12\/36.jpg\",\"width\":1600,\"height\":1600},{\"@type\":\"BreadcrumbList\",\"@id\":\"https:\/\/fastrlink.com\/product\/growconnect\/#breadcrumb\",\"itemListElement\":[{\"@type\":\"ListItem\",\"position\":1,\"name\":\"Home\",\"item\":\"https:\/\/fastrlink.com\/\"},{\"@type\":\"ListItem\",\"position\":2,\"name\":\"Shop\",\"item\":\"https:\/\/fastrlink.com\/shop\/\"},{\"@type\":\"ListItem\",\"position\":3,\"name\":\"Grow &#038; Connect\"}]},{\"@type\":\"WebSite\",\"@id\":\"https:\/\/fastrlink.com\/#website\",\"url\":\"https:\/\/fastrlink.com\/\",\"name\":\"Fastrlink.com\",\"description\":\"Digital Business Cards\",\"publisher\":{\"@id\":\"https:\/\/fastrlink.com\/#organization\"},\"potentialAction\":[{\"@type\":\"SearchAction\",\"target\":{\"@type\":\"EntryPoint\",\"urlTemplate\":\"https:\/\/fastrlink.com\/?s={search_term_string}\"},\"query-input\":{\"@type\":\"PropertyValueSpecification\",\"valueRequired\":true,\"valueName\":\"search_term_string\"}}],\"inLanguage\":\"sq\"},{\"@type\":\"Organization\",\"@id\":\"https:\/\/fastrlink.com\/#organization\",\"name\":\"Fastrlink.com\",\"url\":\"https:\/\/fastrlink.com\/\",\"logo\":{\"@type\":\"ImageObject\",\"inLanguage\":\"sq\",\"@id\":\"https:\/\/fastrlink.com\/#\/schema\/logo\/image\/\",\"url\":\"https:\/\/fastrlink.com\/wp-content\/uploads\/2024\/12\/responsive_logo.svg\",\"contentUrl\":\"https:\/\/fastrlink.com\/wp-content\/uploads\/2024\/12\/responsive_logo.svg\",\"width\":105,\"height\":14,\"caption\":\"Fastrlink.com\"},\"image\":{\"@id\":\"https:\/\/fastrlink.com\/#\/schema\/logo\/image\/\"},\"sameAs\":[\"https:\/\/facebook.com\/fastrlink\",\"https:\/\/instagram.com\/fastrlink\"]}]}<\/script>\n<!-- \/ Yoast SEO Premium plugin. -->","yoast_head_json":{"title":"Grow & Connect - Fastrlink.com","robots":{"index":"index","follow":"follow","max-snippet":"max-snippet:-1","max-image-preview":"max-image-preview:large","max-video-preview":"max-video-preview:-1"},"canonical":"https:\/\/fastrlink.com\/sq\/produkt\/growconnect\/","og_locale":"sq_AL","og_type":"article","og_title":"Grow & Connect","og_description":"Grow your business followers via our cards helping customers to instantly go to your page in matter of seconds.","og_url":"https:\/\/fastrlink.com\/sq\/produkt\/growconnect\/","og_site_name":"Fastrlink.com","article_publisher":"https:\/\/facebook.com\/fastrlink","article_modified_time":"2024-12-09T22:33:03+00:00","og_image":[{"width":1600,"height":1600,"url":"https:\/\/fastrlink.com\/wp-content\/uploads\/2024\/12\/36.jpg","type":"image\/jpeg"}],"twitter_card":"summary_large_image","twitter_misc":{"Est. reading time":"2 minuta"},"schema":{"@context":"https:\/\/schema.org","@graph":[{"@type":"WebPage","@id":"https:\/\/fastrlink.com\/product\/growconnect\/","url":"https:\/\/fastrlink.com\/product\/growconnect\/","name":"Grow & Connect - Fastrlink.com","isPartOf":{"@id":"https:\/\/fastrlink.com\/#website"},"primaryImageOfPage":{"@id":"https:\/\/fastrlink.com\/product\/growconnect\/#primaryimage"},"image":{"@id":"https:\/\/fastrlink.com\/product\/growconnect\/#primaryimage"},"thumbnailUrl":"https:\/\/fastrlink.com\/wp-content\/uploads\/2024\/12\/36.jpg","datePublished":"2024-12-04T01:50:50+00:00","dateModified":"2024-12-09T22:33:03+00:00","breadcrumb":{"@id":"https:\/\/fastrlink.com\/product\/growconnect\/#breadcrumb"},"inLanguage":"sq","potentialAction":[{"@type":"ReadAction","target":["https:\/\/fastrlink.com\/product\/growconnect\/"]}]},{"@type":"ImageObject","inLanguage":"sq","@id":"https:\/\/fastrlink.com\/product\/growconnect\/#primaryimage","url":"https:\/\/fastrlink.com\/wp-content\/uploads\/2024\/12\/36.jpg","contentUrl":"https:\/\/fastrlink.com\/wp-content\/uploads\/2024\/12\/36.jpg","width":1600,"height":1600},{"@type":"BreadcrumbList","@id":"https:\/\/fastrlink.com\/product\/growconnect\/#breadcrumb","itemListElement":[{"@type":"ListItem","position":1,"name":"Home","item":"https:\/\/fastrlink.com\/"},{"@type":"ListItem","position":2,"name":"Shop","item":"https:\/\/fastrlink.com\/shop\/"},{"@type":"ListItem","position":3,"name":"Grow &#038; Connect"}]},{"@type":"WebSite","@id":"https:\/\/fastrlink.com\/#website","url":"https:\/\/fastrlink.com\/","name":"Fastrlink.com","description":"Digital Business Cards","publisher":{"@id":"https:\/\/fastrlink.com\/#organization"},"potentialAction":[{"@type":"SearchAction","target":{"@type":"EntryPoint","urlTemplate":"https:\/\/fastrlink.com\/?s={search_term_string}"},"query-input":{"@type":"PropertyValueSpecification","valueRequired":true,"valueName":"search_term_string"}}],"inLanguage":"sq"},{"@type":"Organization","@id":"https:\/\/fastrlink.com\/#organization","name":"Fastrlink.com","url":"https:\/\/fastrlink.com\/","logo":{"@type":"ImageObject","inLanguage":"sq","@id":"https:\/\/fastrlink.com\/#\/schema\/logo\/image\/","url":"https:\/\/fastrlink.com\/wp-content\/uploads\/2024\/12\/responsive_logo.svg","contentUrl":"https:\/\/fastrlink.com\/wp-content\/uploads\/2024\/12\/responsive_logo.svg","width":105,"height":14,"caption":"Fastrlink.com"},"image":{"@id":"https:\/\/fastrlink.com\/#\/schema\/logo\/image\/"},"sameAs":["https:\/\/facebook.com\/fastrlink","https:\/\/instagram.com\/fastrlink"]}]}},"_links":{"self":[{"href":"https:\/\/fastrlink.com\/sq\/wp-json\/wp\/v2\/product\/9073","targetHints":{"allow":["GET"]}}],"collection":[{"href":"https:\/\/fastrlink.com\/sq\/wp-json\/wp\/v2\/product"}],"about":[{"href":"https:\/\/fastrlink.com\/sq\/wp-json\/wp\/v2\/types\/product"}],"wp:featuredmedia":[{"embeddable":true,"href":"https:\/\/fastrlink.com\/sq\/wp-json\/wp\/v2\/media\/9071"}],"wp:attachment":[{"href":"https:\/\/fastrlink.com\/sq\/wp-json\/wp\/v2\/media?parent=9073"}],"wp:term":[{"taxonomy":"product_brand","embeddable":true,"href":"https:\/\/fastrlink.com\/sq\/wp-json\/wp\/v2\/product_brand?post=9073"},{"taxonomy":"product_cat","embeddable":true,"href":"https:\/\/fastrlink.com\/sq\/wp-json\/wp\/v2\/product_cat?post=9073"},{"taxonomy":"product_tag","embeddable":true,"href":"https:\/\/fastrlink.com\/sq\/wp-json\/wp\/v2\/product_tag?post=9073"}],"curies":[{"name":"wp","href":"https:\/\/api.w.org\/{rel}","templated":true}]}}