{"id":9072,"date":"2024-12-04T01:47:50","date_gmt":"2024-12-04T01:47:50","guid":{"rendered":"https:\/\/fastr.us\/?post_type=product&#038;p=9072"},"modified":"2024-12-09T22:33:19","modified_gmt":"2024-12-09T22:33:19","slug":"networking-bundle","status":"publish","type":"product","link":"https:\/\/fastrlink.com\/sq\/produkt\/networking-bundle\/","title":{"rendered":"Pako networking"},"content":{"rendered":"<p>Ngritni lidhjet tuaja profesionale me Fastrlink's <strong>Pako networking<\/strong>. Kjo paket\u00eb thelb\u00ebsore e kartave NFC \u00ebsht\u00eb krijuar p\u00ebr t\u00eb p\u00ebrmir\u00ebsuar p\u00ebrvoj\u00ebn tuaj n\u00eb rrjet dhe p\u00ebr t\u00eb l\u00ebn\u00eb nj\u00eb p\u00ebrshtypje t\u00eb q\u00ebndrueshme. Pavar\u00ebsisht n\u00ebse jeni duke marr\u00eb pjes\u00eb n\u00eb ngjarje, duke takuar klient\u00eb t\u00eb rinj ose duke zgjeruar rrethin tuaj profesional, k\u00ebto tre karta t\u00eb fuqishme NFC ju sigurojn\u00eb q\u00eb t\u00eb dalloheni dhe t\u00eb q\u00ebndroni t\u00eb lidhur pa mundim.<\/p>\n<p><strong>Pakoja p\u00ebrfshin:<\/strong><br \/>\n&#8211; LinkedIn <strong>Networking Card<\/strong>: Ndani menj\u00ebher\u00eb profilin tuaj n\u00eb LinkedIn me nj\u00eb prekje, duke e b\u00ebr\u00eb t\u00eb leht\u00eb p\u00ebr lidhjet e mundshme, koleg\u00ebt ose klient\u00ebt t'ju ndjekin dhe t\u00eb zgjerojn\u00eb rrjetin tuaj profesional.<br \/>\n\u2013 Fastr Business Card: Karta juaj dixhitale e biznesit, e rip\u00ebrcaktuar. Ndani informacionin tuaj t\u00eb kontaktit, portofolin dhe m\u00eb shum\u00eb, t\u00eb gjitha me nj\u00eb prekje t\u00eb leht\u00eb.<br \/>\n\u2013 Karta e personalizuar e logos: Personalizoni kart\u00ebn tuaj NFC me logon dhe mark\u00ebn tuaj unike. E p\u00ebrkryer p\u00ebr t\u00eb ekspozuar biznesin ose mark\u00ebn tuaj personale, kjo kart\u00eb ju siguron t\u00eb b\u00ebni nj\u00eb deklarat\u00eb profesionale kudo q\u00eb t\u00eb shkoni.<\/p>\n<p><strong>Karakteristikat kryesore:<\/strong><br \/>\n\u2013 Ndarje t\u00eb profileve t\u00eb LinkedIn, detajeve t\u00eb biznesit dhe mark\u00ebs me porosi p\u00ebrmes NFC<br \/>\n\u2013 Nj\u00eb alternativ\u00eb miq\u00ebsore me mjedisin, dizajnuar me karta dixhitale p\u00ebr biznese<br \/>\n\u2013 Kart\u00eb me logo plot\u00ebsisht e personalizueshme p\u00ebr p\u00ebrdorime personale<br \/>\n\u2013 E p\u00ebrputhshme me t\u00eb gjitha pajisjet me NFC<\/p>\n<p>Me <strong>Pako networking<\/strong> nga Fastrlink, do t\u00eb q\u00ebndroni p\u00ebrpara, do t\u00eb krijoni lidhje t\u00eb vlefshme dhe do t\u00eb promovoni mark\u00ebn tuaj profesionale\u2014t\u00eb gjitha vet\u00ebm me nj\u00eb prekje. E p\u00ebrkryer p\u00ebr profesionist\u00ebt, sip\u00ebrmarr\u00ebsit dhe bizneset q\u00eb k\u00ebrkojn\u00eb t\u00eb p\u00ebrmir\u00ebsojn\u00eb rrjetet sociale n\u00eb epok\u00ebn dixhitale.<\/p>","protected":false},"excerpt":{"rendered":"<p>Rritni ndjek\u00ebsit e biznesit tuaj n\u00ebp\u00ebrmjet kartave tona duke ndihmuar klient\u00ebt t\u00eb kalojn\u00eb menj\u00ebher\u00eb n\u00eb faqen tuaj n\u00eb pak sekonda.<\/p>","protected":false},"featured_media":9069,"template":"","meta":{"content-type":""},"product_brand":[],"product_cat":[85],"product_tag":[],"class_list":{"0":"post-9072","1":"product","2":"type-product","3":"status-publish","4":"has-post-thumbnail","6":"product_cat-essentials-three","7":"eutf-entry-item","9":"first","10":"instock","11":"taxable","12":"shipping-taxable","13":"purchasable","14":"product-type-simple"},"yoast_head":"<!-- This site is optimized with the Yoast SEO Premium plugin v23.9 (Yoast SEO v23.9) - https:\/\/yoast.com\/wordpress\/plugins\/seo\/ -->\n<title>Networking Bundle - Fastrlink.com<\/title>\n<meta name=\"robots\" content=\"index, follow, max-snippet:-1, max-image-preview:large, max-video-preview:-1\" \/>\n<link rel=\"canonical\" href=\"https:\/\/fastrlink.com\/sq\/produkt\/networking-bundle\/\" \/>\n<meta property=\"og:locale\" content=\"sq_AL\" \/>\n<meta property=\"og:type\" content=\"article\" \/>\n<meta property=\"og:title\" content=\"Networking Bundle\" \/>\n<meta property=\"og:description\" content=\"Grow your business followers via our cards helping customers to instantly go to your page in matter of seconds.\" \/>\n<meta property=\"og:url\" content=\"https:\/\/fastrlink.com\/sq\/produkt\/networking-bundle\/\" \/>\n<meta property=\"og:site_name\" content=\"Fastrlink.com\" \/>\n<meta property=\"article:publisher\" content=\"https:\/\/facebook.com\/fastrlink\" \/>\n<meta property=\"article:modified_time\" content=\"2024-12-09T22:33:19+00:00\" \/>\n<meta property=\"og:image\" content=\"https:\/\/fastrlink.com\/wp-content\/uploads\/2024\/12\/34.jpg\" \/>\n\t<meta property=\"og:image:width\" content=\"1600\" \/>\n\t<meta property=\"og:image:height\" content=\"1600\" \/>\n\t<meta property=\"og:image:type\" content=\"image\/jpeg\" \/>\n<meta name=\"twitter:card\" content=\"summary_large_image\" \/>\n<meta name=\"twitter:label1\" content=\"Est. reading time\" \/>\n\t<meta name=\"twitter:data1\" content=\"2 minuta\" \/>\n<script type=\"application\/ld+json\" class=\"yoast-schema-graph\">{\"@context\":\"https:\/\/schema.org\",\"@graph\":[{\"@type\":\"WebPage\",\"@id\":\"https:\/\/fastrlink.com\/product\/networking-bundle\/\",\"url\":\"https:\/\/fastrlink.com\/product\/networking-bundle\/\",\"name\":\"Networking Bundle - Fastrlink.com\",\"isPartOf\":{\"@id\":\"https:\/\/fastrlink.com\/#website\"},\"primaryImageOfPage\":{\"@id\":\"https:\/\/fastrlink.com\/product\/networking-bundle\/#primaryimage\"},\"image\":{\"@id\":\"https:\/\/fastrlink.com\/product\/networking-bundle\/#primaryimage\"},\"thumbnailUrl\":\"https:\/\/fastrlink.com\/wp-content\/uploads\/2024\/12\/34.jpg\",\"datePublished\":\"2024-12-04T01:47:50+00:00\",\"dateModified\":\"2024-12-09T22:33:19+00:00\",\"breadcrumb\":{\"@id\":\"https:\/\/fastrlink.com\/product\/networking-bundle\/#breadcrumb\"},\"inLanguage\":\"sq\",\"potentialAction\":[{\"@type\":\"ReadAction\",\"target\":[\"https:\/\/fastrlink.com\/product\/networking-bundle\/\"]}]},{\"@type\":\"ImageObject\",\"inLanguage\":\"sq\",\"@id\":\"https:\/\/fastrlink.com\/product\/networking-bundle\/#primaryimage\",\"url\":\"https:\/\/fastrlink.com\/wp-content\/uploads\/2024\/12\/34.jpg\",\"contentUrl\":\"https:\/\/fastrlink.com\/wp-content\/uploads\/2024\/12\/34.jpg\",\"width\":1600,\"height\":1600},{\"@type\":\"BreadcrumbList\",\"@id\":\"https:\/\/fastrlink.com\/product\/networking-bundle\/#breadcrumb\",\"itemListElement\":[{\"@type\":\"ListItem\",\"position\":1,\"name\":\"Home\",\"item\":\"https:\/\/fastrlink.com\/\"},{\"@type\":\"ListItem\",\"position\":2,\"name\":\"Shop\",\"item\":\"https:\/\/fastrlink.com\/shop\/\"},{\"@type\":\"ListItem\",\"position\":3,\"name\":\"Networking Bundle\"}]},{\"@type\":\"WebSite\",\"@id\":\"https:\/\/fastrlink.com\/#website\",\"url\":\"https:\/\/fastrlink.com\/\",\"name\":\"Fastrlink.com\",\"description\":\"Digital Business Cards\",\"publisher\":{\"@id\":\"https:\/\/fastrlink.com\/#organization\"},\"potentialAction\":[{\"@type\":\"SearchAction\",\"target\":{\"@type\":\"EntryPoint\",\"urlTemplate\":\"https:\/\/fastrlink.com\/?s={search_term_string}\"},\"query-input\":{\"@type\":\"PropertyValueSpecification\",\"valueRequired\":true,\"valueName\":\"search_term_string\"}}],\"inLanguage\":\"sq\"},{\"@type\":\"Organization\",\"@id\":\"https:\/\/fastrlink.com\/#organization\",\"name\":\"Fastrlink.com\",\"url\":\"https:\/\/fastrlink.com\/\",\"logo\":{\"@type\":\"ImageObject\",\"inLanguage\":\"sq\",\"@id\":\"https:\/\/fastrlink.com\/#\/schema\/logo\/image\/\",\"url\":\"https:\/\/fastrlink.com\/wp-content\/uploads\/2024\/12\/responsive_logo.svg\",\"contentUrl\":\"https:\/\/fastrlink.com\/wp-content\/uploads\/2024\/12\/responsive_logo.svg\",\"width\":105,\"height\":14,\"caption\":\"Fastrlink.com\"},\"image\":{\"@id\":\"https:\/\/fastrlink.com\/#\/schema\/logo\/image\/\"},\"sameAs\":[\"https:\/\/facebook.com\/fastrlink\",\"https:\/\/instagram.com\/fastrlink\"]}]}<\/script>\n<!-- \/ Yoast SEO Premium plugin. -->","yoast_head_json":{"title":"Networking Bundle - Fastrlink.com","robots":{"index":"index","follow":"follow","max-snippet":"max-snippet:-1","max-image-preview":"max-image-preview:large","max-video-preview":"max-video-preview:-1"},"canonical":"https:\/\/fastrlink.com\/sq\/produkt\/networking-bundle\/","og_locale":"sq_AL","og_type":"article","og_title":"Networking Bundle","og_description":"Grow your business followers via our cards helping customers to instantly go to your page in matter of seconds.","og_url":"https:\/\/fastrlink.com\/sq\/produkt\/networking-bundle\/","og_site_name":"Fastrlink.com","article_publisher":"https:\/\/facebook.com\/fastrlink","article_modified_time":"2024-12-09T22:33:19+00:00","og_image":[{"width":1600,"height":1600,"url":"https:\/\/fastrlink.com\/wp-content\/uploads\/2024\/12\/34.jpg","type":"image\/jpeg"}],"twitter_card":"summary_large_image","twitter_misc":{"Est. reading time":"2 minuta"},"schema":{"@context":"https:\/\/schema.org","@graph":[{"@type":"WebPage","@id":"https:\/\/fastrlink.com\/product\/networking-bundle\/","url":"https:\/\/fastrlink.com\/product\/networking-bundle\/","name":"Networking Bundle - Fastrlink.com","isPartOf":{"@id":"https:\/\/fastrlink.com\/#website"},"primaryImageOfPage":{"@id":"https:\/\/fastrlink.com\/product\/networking-bundle\/#primaryimage"},"image":{"@id":"https:\/\/fastrlink.com\/product\/networking-bundle\/#primaryimage"},"thumbnailUrl":"https:\/\/fastrlink.com\/wp-content\/uploads\/2024\/12\/34.jpg","datePublished":"2024-12-04T01:47:50+00:00","dateModified":"2024-12-09T22:33:19+00:00","breadcrumb":{"@id":"https:\/\/fastrlink.com\/product\/networking-bundle\/#breadcrumb"},"inLanguage":"sq","potentialAction":[{"@type":"ReadAction","target":["https:\/\/fastrlink.com\/product\/networking-bundle\/"]}]},{"@type":"ImageObject","inLanguage":"sq","@id":"https:\/\/fastrlink.com\/product\/networking-bundle\/#primaryimage","url":"https:\/\/fastrlink.com\/wp-content\/uploads\/2024\/12\/34.jpg","contentUrl":"https:\/\/fastrlink.com\/wp-content\/uploads\/2024\/12\/34.jpg","width":1600,"height":1600},{"@type":"BreadcrumbList","@id":"https:\/\/fastrlink.com\/product\/networking-bundle\/#breadcrumb","itemListElement":[{"@type":"ListItem","position":1,"name":"Home","item":"https:\/\/fastrlink.com\/"},{"@type":"ListItem","position":2,"name":"Shop","item":"https:\/\/fastrlink.com\/shop\/"},{"@type":"ListItem","position":3,"name":"Networking Bundle"}]},{"@type":"WebSite","@id":"https:\/\/fastrlink.com\/#website","url":"https:\/\/fastrlink.com\/","name":"Fastrlink.com","description":"Digital Business Cards","publisher":{"@id":"https:\/\/fastrlink.com\/#organization"},"potentialAction":[{"@type":"SearchAction","target":{"@type":"EntryPoint","urlTemplate":"https:\/\/fastrlink.com\/?s={search_term_string}"},"query-input":{"@type":"PropertyValueSpecification","valueRequired":true,"valueName":"search_term_string"}}],"inLanguage":"sq"},{"@type":"Organization","@id":"https:\/\/fastrlink.com\/#organization","name":"Fastrlink.com","url":"https:\/\/fastrlink.com\/","logo":{"@type":"ImageObject","inLanguage":"sq","@id":"https:\/\/fastrlink.com\/#\/schema\/logo\/image\/","url":"https:\/\/fastrlink.com\/wp-content\/uploads\/2024\/12\/responsive_logo.svg","contentUrl":"https:\/\/fastrlink.com\/wp-content\/uploads\/2024\/12\/responsive_logo.svg","width":105,"height":14,"caption":"Fastrlink.com"},"image":{"@id":"https:\/\/fastrlink.com\/#\/schema\/logo\/image\/"},"sameAs":["https:\/\/facebook.com\/fastrlink","https:\/\/instagram.com\/fastrlink"]}]}},"_links":{"self":[{"href":"https:\/\/fastrlink.com\/sq\/wp-json\/wp\/v2\/product\/9072","targetHints":{"allow":["GET"]}}],"collection":[{"href":"https:\/\/fastrlink.com\/sq\/wp-json\/wp\/v2\/product"}],"about":[{"href":"https:\/\/fastrlink.com\/sq\/wp-json\/wp\/v2\/types\/product"}],"wp:featuredmedia":[{"embeddable":true,"href":"https:\/\/fastrlink.com\/sq\/wp-json\/wp\/v2\/media\/9069"}],"wp:attachment":[{"href":"https:\/\/fastrlink.com\/sq\/wp-json\/wp\/v2\/media?parent=9072"}],"wp:term":[{"taxonomy":"product_brand","embeddable":true,"href":"https:\/\/fastrlink.com\/sq\/wp-json\/wp\/v2\/product_brand?post=9072"},{"taxonomy":"product_cat","embeddable":true,"href":"https:\/\/fastrlink.com\/sq\/wp-json\/wp\/v2\/product_cat?post=9072"},{"taxonomy":"product_tag","embeddable":true,"href":"https:\/\/fastrlink.com\/sq\/wp-json\/wp\/v2\/product_tag?post=9072"}],"curies":[{"name":"wp","href":"https:\/\/api.w.org\/{rel}","templated":true}]}}