{"id":9067,"date":"2024-12-04T01:39:32","date_gmt":"2024-12-04T01:39:32","guid":{"rendered":"https:\/\/fastr.us\/?post_type=product&#038;p=9067"},"modified":"2024-12-09T22:33:31","modified_gmt":"2024-12-09T22:33:31","slug":"essential-three","status":"publish","type":"product","link":"https:\/\/fastrlink.com\/sq\/produkt\/essential-three\/","title":{"rendered":"Pako essential three"},"content":{"rendered":"<p>Rritni pranin\u00eb tuaj n\u00eb internet dhe riorganizoni nd\u00ebrveprimet tuaja me klient\u00ebt <strong>Pako essential three<\/strong> Pakoja NFC nga Fastrlink. Kjo pako e fuqishme p\u00ebrfshin tre karta NFC, secila e printuar me mark\u00ebn tuaj p\u00ebr Google Reviews, Instagram dhe Facebook, duke e b\u00ebr\u00eb t\u00eb leht\u00eb mbledhjen e komenteve, rritjen e ndjek\u00ebsve n\u00eb rrjetet sociale dhe angazhimin me audienc\u00ebn tuaj - t\u00eb gjitha me nj\u00eb prekje t\u00eb thjesht\u00eb.<\/p>\n<p><strong>Pakoja p\u00ebrfshin:<\/strong><br \/>\n\u2013 Google Review Card: Inkurajoni klient\u00ebt e k\u00ebnaqur q\u00eb t\u00eb l\u00ebn\u00eb reagime t\u00eb menj\u00ebhershme n\u00eb Google, duke ndihmuar n\u00eb nd\u00ebrtimin e reputacionit tuaj n\u00eb internet dhe t\u00ebrheqjen e klient\u00ebve t\u00eb rinj.<br \/>\n\u2013 Instagram Branding Card: Ndani menj\u00ebher\u00eb profilin tuaj n\u00eb Instagram me nj\u00eb trokitje, duke lejuar t\u00eb tjer\u00ebt t'ju ndjekin, t\u00eb angazhohen me postimet tuaja dhe t\u00eb zbulojn\u00eb p\u00ebrmbajtjen tuaj.<br \/>\n\u2013 Facebook Branding Card: B\u00ebni t\u00eb leht\u00eb q\u00eb njer\u00ebzit t\u00eb lidhen me faqen ose profilin tuaj n\u00eb Facebook, duke rritur shtrirjen tuaj dhe duke rritur komunitetin tuaj n\u00eb internet.<\/p>\n<p><strong>Karakteristikat kryesore:<\/strong>:<br \/>\n\u2013 Ndarje dhe angazhim n\u00eb Google Reviews, Instagram dhe Facebook<br \/>\n\u2013 Zgjidhje miq\u00ebsore me mjedisin, pa letra vet\u00ebm me karta dixhitale nga Fastrlink<br \/>\n\u2013 Shtypur me mark\u00ebn tuaj p\u00ebr t\u00eb rritur njohjen dhe profesionalizmin<br \/>\n\u2013 E p\u00ebrputhshme me t\u00eb gjitha pajisjet me NFC<\/p>\n<p>Me <strong>Pako essential three<\/strong> Pakoja NFC nga Fastrlink, do t\u00eb jeni n\u00eb gjendje t\u00eb lidheni, t\u00eb rriteni dhe t\u00eb angazhoheni me audienc\u00ebn tuaj si kurr\u00eb m\u00eb par\u00eb - t\u00eb gjitha me leht\u00ebsin\u00eb e nj\u00eb prekjeje. E p\u00ebrkryer p\u00ebr bizneset, ndikuesit dhe k\u00ebdo q\u00eb k\u00ebrkon t\u00eb rris\u00eb gjurm\u00ebn e tyre dixhitale n\u00eb platformat kryesore sociale.<\/p>","protected":false},"excerpt":{"rendered":"<p>Rritni ndjek\u00ebsit e biznesit tuaj n\u00ebp\u00ebrmjet kartave tona duke ndihmuar klient\u00ebt t\u00eb kalojn\u00eb menj\u00ebher\u00eb n\u00eb faqen tuaj n\u00eb pak sekonda.<\/p>","protected":false},"featured_media":9068,"template":"","meta":{"content-type":""},"product_brand":[],"product_cat":[85],"product_tag":[],"class_list":{"0":"post-9067","1":"product","2":"type-product","3":"status-publish","4":"has-post-thumbnail","6":"product_cat-essentials-three","7":"eutf-entry-item","9":"first","10":"instock","11":"taxable","12":"shipping-taxable","13":"purchasable","14":"product-type-simple"},"yoast_head":"<!-- This site is optimized with the Yoast SEO Premium plugin v23.9 (Yoast SEO v23.9) - https:\/\/yoast.com\/wordpress\/plugins\/seo\/ -->\n<title>Essential Three - Fastrlink.com<\/title>\n<meta name=\"robots\" content=\"index, follow, max-snippet:-1, max-image-preview:large, max-video-preview:-1\" \/>\n<link rel=\"canonical\" href=\"https:\/\/fastrlink.com\/sq\/produkt\/essential-three\/\" \/>\n<meta property=\"og:locale\" content=\"sq_AL\" \/>\n<meta property=\"og:type\" content=\"article\" \/>\n<meta property=\"og:title\" content=\"Essential Three\" \/>\n<meta property=\"og:description\" content=\"Grow your business followers via our cards helping customers to instantly go to your page in matter of seconds.\" \/>\n<meta property=\"og:url\" content=\"https:\/\/fastrlink.com\/sq\/produkt\/essential-three\/\" \/>\n<meta property=\"og:site_name\" content=\"Fastrlink.com\" \/>\n<meta property=\"article:publisher\" content=\"https:\/\/facebook.com\/fastrlink\" \/>\n<meta property=\"article:modified_time\" content=\"2024-12-09T22:33:31+00:00\" \/>\n<meta property=\"og:image\" content=\"https:\/\/fastrlink.com\/wp-content\/uploads\/2024\/12\/33.jpg\" \/>\n\t<meta property=\"og:image:width\" content=\"1600\" \/>\n\t<meta property=\"og:image:height\" content=\"1600\" \/>\n\t<meta property=\"og:image:type\" content=\"image\/jpeg\" \/>\n<meta name=\"twitter:card\" content=\"summary_large_image\" \/>\n<meta name=\"twitter:label1\" content=\"Est. reading time\" \/>\n\t<meta name=\"twitter:data1\" content=\"2 minuta\" \/>\n<script type=\"application\/ld+json\" class=\"yoast-schema-graph\">{\"@context\":\"https:\/\/schema.org\",\"@graph\":[{\"@type\":\"WebPage\",\"@id\":\"https:\/\/fastrlink.com\/product\/essential-three\/\",\"url\":\"https:\/\/fastrlink.com\/product\/essential-three\/\",\"name\":\"Essential Three - Fastrlink.com\",\"isPartOf\":{\"@id\":\"https:\/\/fastrlink.com\/#website\"},\"primaryImageOfPage\":{\"@id\":\"https:\/\/fastrlink.com\/product\/essential-three\/#primaryimage\"},\"image\":{\"@id\":\"https:\/\/fastrlink.com\/product\/essential-three\/#primaryimage\"},\"thumbnailUrl\":\"https:\/\/fastrlink.com\/wp-content\/uploads\/2024\/12\/33.jpg\",\"datePublished\":\"2024-12-04T01:39:32+00:00\",\"dateModified\":\"2024-12-09T22:33:31+00:00\",\"breadcrumb\":{\"@id\":\"https:\/\/fastrlink.com\/product\/essential-three\/#breadcrumb\"},\"inLanguage\":\"sq\",\"potentialAction\":[{\"@type\":\"ReadAction\",\"target\":[\"https:\/\/fastrlink.com\/product\/essential-three\/\"]}]},{\"@type\":\"ImageObject\",\"inLanguage\":\"sq\",\"@id\":\"https:\/\/fastrlink.com\/product\/essential-three\/#primaryimage\",\"url\":\"https:\/\/fastrlink.com\/wp-content\/uploads\/2024\/12\/33.jpg\",\"contentUrl\":\"https:\/\/fastrlink.com\/wp-content\/uploads\/2024\/12\/33.jpg\",\"width\":1600,\"height\":1600},{\"@type\":\"BreadcrumbList\",\"@id\":\"https:\/\/fastrlink.com\/product\/essential-three\/#breadcrumb\",\"itemListElement\":[{\"@type\":\"ListItem\",\"position\":1,\"name\":\"Home\",\"item\":\"https:\/\/fastrlink.com\/\"},{\"@type\":\"ListItem\",\"position\":2,\"name\":\"Shop\",\"item\":\"https:\/\/fastrlink.com\/shop\/\"},{\"@type\":\"ListItem\",\"position\":3,\"name\":\"Essential Three\"}]},{\"@type\":\"WebSite\",\"@id\":\"https:\/\/fastrlink.com\/#website\",\"url\":\"https:\/\/fastrlink.com\/\",\"name\":\"Fastrlink.com\",\"description\":\"Digital Business Cards\",\"publisher\":{\"@id\":\"https:\/\/fastrlink.com\/#organization\"},\"potentialAction\":[{\"@type\":\"SearchAction\",\"target\":{\"@type\":\"EntryPoint\",\"urlTemplate\":\"https:\/\/fastrlink.com\/?s={search_term_string}\"},\"query-input\":{\"@type\":\"PropertyValueSpecification\",\"valueRequired\":true,\"valueName\":\"search_term_string\"}}],\"inLanguage\":\"sq\"},{\"@type\":\"Organization\",\"@id\":\"https:\/\/fastrlink.com\/#organization\",\"name\":\"Fastrlink.com\",\"url\":\"https:\/\/fastrlink.com\/\",\"logo\":{\"@type\":\"ImageObject\",\"inLanguage\":\"sq\",\"@id\":\"https:\/\/fastrlink.com\/#\/schema\/logo\/image\/\",\"url\":\"https:\/\/fastrlink.com\/wp-content\/uploads\/2024\/12\/responsive_logo.svg\",\"contentUrl\":\"https:\/\/fastrlink.com\/wp-content\/uploads\/2024\/12\/responsive_logo.svg\",\"width\":105,\"height\":14,\"caption\":\"Fastrlink.com\"},\"image\":{\"@id\":\"https:\/\/fastrlink.com\/#\/schema\/logo\/image\/\"},\"sameAs\":[\"https:\/\/facebook.com\/fastrlink\",\"https:\/\/instagram.com\/fastrlink\"]}]}<\/script>\n<!-- \/ Yoast SEO Premium plugin. -->","yoast_head_json":{"title":"Essential Three - Fastrlink.com","robots":{"index":"index","follow":"follow","max-snippet":"max-snippet:-1","max-image-preview":"max-image-preview:large","max-video-preview":"max-video-preview:-1"},"canonical":"https:\/\/fastrlink.com\/sq\/produkt\/essential-three\/","og_locale":"sq_AL","og_type":"article","og_title":"Essential Three","og_description":"Grow your business followers via our cards helping customers to instantly go to your page in matter of seconds.","og_url":"https:\/\/fastrlink.com\/sq\/produkt\/essential-three\/","og_site_name":"Fastrlink.com","article_publisher":"https:\/\/facebook.com\/fastrlink","article_modified_time":"2024-12-09T22:33:31+00:00","og_image":[{"width":1600,"height":1600,"url":"https:\/\/fastrlink.com\/wp-content\/uploads\/2024\/12\/33.jpg","type":"image\/jpeg"}],"twitter_card":"summary_large_image","twitter_misc":{"Est. reading time":"2 minuta"},"schema":{"@context":"https:\/\/schema.org","@graph":[{"@type":"WebPage","@id":"https:\/\/fastrlink.com\/product\/essential-three\/","url":"https:\/\/fastrlink.com\/product\/essential-three\/","name":"Essential Three - Fastrlink.com","isPartOf":{"@id":"https:\/\/fastrlink.com\/#website"},"primaryImageOfPage":{"@id":"https:\/\/fastrlink.com\/product\/essential-three\/#primaryimage"},"image":{"@id":"https:\/\/fastrlink.com\/product\/essential-three\/#primaryimage"},"thumbnailUrl":"https:\/\/fastrlink.com\/wp-content\/uploads\/2024\/12\/33.jpg","datePublished":"2024-12-04T01:39:32+00:00","dateModified":"2024-12-09T22:33:31+00:00","breadcrumb":{"@id":"https:\/\/fastrlink.com\/product\/essential-three\/#breadcrumb"},"inLanguage":"sq","potentialAction":[{"@type":"ReadAction","target":["https:\/\/fastrlink.com\/product\/essential-three\/"]}]},{"@type":"ImageObject","inLanguage":"sq","@id":"https:\/\/fastrlink.com\/product\/essential-three\/#primaryimage","url":"https:\/\/fastrlink.com\/wp-content\/uploads\/2024\/12\/33.jpg","contentUrl":"https:\/\/fastrlink.com\/wp-content\/uploads\/2024\/12\/33.jpg","width":1600,"height":1600},{"@type":"BreadcrumbList","@id":"https:\/\/fastrlink.com\/product\/essential-three\/#breadcrumb","itemListElement":[{"@type":"ListItem","position":1,"name":"Home","item":"https:\/\/fastrlink.com\/"},{"@type":"ListItem","position":2,"name":"Shop","item":"https:\/\/fastrlink.com\/shop\/"},{"@type":"ListItem","position":3,"name":"Essential Three"}]},{"@type":"WebSite","@id":"https:\/\/fastrlink.com\/#website","url":"https:\/\/fastrlink.com\/","name":"Fastrlink.com","description":"Digital Business Cards","publisher":{"@id":"https:\/\/fastrlink.com\/#organization"},"potentialAction":[{"@type":"SearchAction","target":{"@type":"EntryPoint","urlTemplate":"https:\/\/fastrlink.com\/?s={search_term_string}"},"query-input":{"@type":"PropertyValueSpecification","valueRequired":true,"valueName":"search_term_string"}}],"inLanguage":"sq"},{"@type":"Organization","@id":"https:\/\/fastrlink.com\/#organization","name":"Fastrlink.com","url":"https:\/\/fastrlink.com\/","logo":{"@type":"ImageObject","inLanguage":"sq","@id":"https:\/\/fastrlink.com\/#\/schema\/logo\/image\/","url":"https:\/\/fastrlink.com\/wp-content\/uploads\/2024\/12\/responsive_logo.svg","contentUrl":"https:\/\/fastrlink.com\/wp-content\/uploads\/2024\/12\/responsive_logo.svg","width":105,"height":14,"caption":"Fastrlink.com"},"image":{"@id":"https:\/\/fastrlink.com\/#\/schema\/logo\/image\/"},"sameAs":["https:\/\/facebook.com\/fastrlink","https:\/\/instagram.com\/fastrlink"]}]}},"_links":{"self":[{"href":"https:\/\/fastrlink.com\/sq\/wp-json\/wp\/v2\/product\/9067","targetHints":{"allow":["GET"]}}],"collection":[{"href":"https:\/\/fastrlink.com\/sq\/wp-json\/wp\/v2\/product"}],"about":[{"href":"https:\/\/fastrlink.com\/sq\/wp-json\/wp\/v2\/types\/product"}],"wp:featuredmedia":[{"embeddable":true,"href":"https:\/\/fastrlink.com\/sq\/wp-json\/wp\/v2\/media\/9068"}],"wp:attachment":[{"href":"https:\/\/fastrlink.com\/sq\/wp-json\/wp\/v2\/media?parent=9067"}],"wp:term":[{"taxonomy":"product_brand","embeddable":true,"href":"https:\/\/fastrlink.com\/sq\/wp-json\/wp\/v2\/product_brand?post=9067"},{"taxonomy":"product_cat","embeddable":true,"href":"https:\/\/fastrlink.com\/sq\/wp-json\/wp\/v2\/product_cat?post=9067"},{"taxonomy":"product_tag","embeddable":true,"href":"https:\/\/fastrlink.com\/sq\/wp-json\/wp\/v2\/product_tag?post=9067"}],"curies":[{"name":"wp","href":"https:\/\/api.w.org\/{rel}","templated":true}]}}