{"id":9064,"date":"2024-12-04T01:36:38","date_gmt":"2024-12-04T01:36:38","guid":{"rendered":"https:\/\/fastr.us\/?post_type=product&#038;p=9064"},"modified":"2025-04-27T23:50:05","modified_gmt":"2025-04-27T23:50:05","slug":"business-pack","status":"publish","type":"product","link":"https:\/\/fastrlink.com\/sq\/produkt\/business-pack\/","title":{"rendered":"Pako Biznesi"},"content":{"rendered":"<p>Mbushni pranin\u00eb dixhitale t\u00eb biznesit tuaj me <strong>Pako Biznesi<\/strong> Kartat NFC nga Fastrlink. Kjo paket\u00eb premium p\u00ebrfshin kat\u00ebr karta thelb\u00ebsore NFC, secila e printuar me mark\u00eb p\u00ebr Google Reviews, Instagram, Facebook dhe TikTok. T\u00eb krijuara p\u00ebr t\u00eb ndihmuar bizneset e t\u00eb gjitha madh\u00ebsive t\u00eb mbledhin pa mundim komente, t\u00eb rrisin ndjek\u00ebsit e tyre n\u00eb rrjetet sociale dhe t\u00eb rrisin angazhimin e klient\u00ebve, k\u00ebto karta ofrojn\u00eb nj\u00eb m\u00ebnyr\u00eb t\u00eb thjesht\u00eb dhe pa kontakt p\u00ebr t'u lidhur me audienc\u00ebn tuaj.<\/p>\n<p><strong>Pakoja e Biznesit p\u00ebrfshin:<\/strong><br \/>\n\u2013 Karta e Vler\u00ebsimeve t\u00eb Google: Drejtojini menj\u00ebher\u00eb klient\u00ebt e lumtur q\u00eb t\u00eb l\u00ebn\u00eb komente t\u00eb shk\u00eblqyera n\u00eb Google, duke rritur reputacionin tuaj n\u00eb internet dhe duke t\u00ebrhequr biznese t\u00eb reja.<br \/>\n\u2013 Karta e mark\u00ebs n\u00eb Instagram: Ndani profilin tuaj n\u00eb Instagram me nj\u00eb prekje, duke e b\u00ebr\u00eb t\u00eb leht\u00eb p\u00ebr klient\u00ebt dhe ndjek\u00ebsit t\u00eb lidhen me p\u00ebrmbajtjen tuaj dhe t\u00eb q\u00ebndrojn\u00eb t\u00eb angazhuar apo aktiv.<br \/>\n\u2013 Karta e mark\u00ebs n\u00eb Facebook: Ndani pa mundim faqen ose profilin tuaj n\u00eb Facebook, duke inkurajuar klient\u00ebt t\u00eb p\u00eblqejn\u00eb, ndjekin dhe nd\u00ebrveprojn\u00eb me biznesin tuaj.<br \/>\n\u2013 Karta e mark\u00ebs TikTok: Ndani profilin tuaj n\u00eb TikTok menj\u00ebher\u00eb, duke ju ndihmuar t\u00eb rritni audienc\u00ebn tuaj dhe t\u00eb angazhoheni me ndjek\u00ebsit n\u00eb nj\u00eb nga platformat me rritjen m\u00eb t\u00eb shpejt\u00eb.<\/p>\n<p><strong>Karakteristikat kryesore:<\/strong><br \/>\n\u2013 Ndarje e menj\u00ebhershme e profileve tuaja t\u00eb Google Review, Instagram, Facebook dhe TikTok me nj\u00eb prekje t\u00eb thjesht\u00eb<br \/>\n\u2013 Zgjidhje miq\u00ebsore me mjedisin, me karta dixhitale p\u00ebr nd\u00ebrtimin e pranis\u00eb tuaj n\u00eb internet dhe marr\u00ebdh\u00ebnieve me klient\u00ebt<br \/>\n\u2013 Shtypur me mark\u00ebn tuaj p\u00ebr t\u00eb rritur dukshm\u00ebrin\u00eb dhe njohjen<br \/>\n\u2013 E p\u00ebrputhshme me t\u00eb gjitha pajisjet me NFC<\/p>\n<p>Me <strong>Pako Biznesi<\/strong> Kartat NFC nga Fastrlink, ju do t\u00eb thjeshtoni p\u00ebrpjekjet tuaja t\u00eb marketingut dixhital, do t\u00eb rritni ndjek\u00ebsit tuaj n\u00eb rrjetet sociale dhe do t\u00eb grumbulloni komente t\u00eb vlefshme t\u00eb klient\u00ebve \u2013 t\u00eb gjitha p\u00ebrmes nj\u00eb p\u00ebrvoje t\u00eb qet\u00eb dhe pa kontakt. E p\u00ebrkryer p\u00ebr bizneset q\u00eb k\u00ebrkojn\u00eb t\u00eb zgjerojn\u00eb shtrirjen e tyre, t\u00eb rrisin angazhimin dhe t\u00eb ken\u00eb nj\u00eb ndikim t\u00eb q\u00ebndruesh\u00ebm n\u00eb bot\u00ebn dixhitale.<\/p>","protected":false},"excerpt":{"rendered":"<p>Rritni ndjek\u00ebsit e biznesit tuaj n\u00ebp\u00ebrmjet kartave tona duke ndihmuar klient\u00ebt t\u00eb kalojn\u00eb menj\u00ebher\u00eb n\u00eb faqen tuaj n\u00eb pak sekonda.<\/p>","protected":false},"featured_media":9060,"template":"","meta":{"content-type":""},"product_brand":[],"product_cat":[76],"product_tag":[],"class_list":{"0":"post-9064","1":"product","2":"type-product","3":"status-publish","4":"has-post-thumbnail","6":"product_cat-bundles","7":"eutf-entry-item","9":"first","10":"instock","11":"sale","12":"taxable","13":"shipping-taxable","14":"purchasable","15":"product-type-simple"},"yoast_head":"<!-- This site is optimized with the Yoast SEO Premium plugin v23.9 (Yoast SEO v23.9) - https:\/\/yoast.com\/wordpress\/plugins\/seo\/ -->\n<title>Business Pack - Fastrlink.com<\/title>\n<meta name=\"robots\" content=\"index, follow, max-snippet:-1, max-image-preview:large, max-video-preview:-1\" \/>\n<link rel=\"canonical\" href=\"https:\/\/fastrlink.com\/sq\/produkt\/business-pack\/\" \/>\n<meta property=\"og:locale\" content=\"sq_AL\" \/>\n<meta property=\"og:type\" content=\"article\" \/>\n<meta property=\"og:title\" content=\"Business Pack\" \/>\n<meta property=\"og:description\" content=\"Grow your business followers via our cards helping customers to instantly go to your page in matter of seconds.\" \/>\n<meta property=\"og:url\" content=\"https:\/\/fastrlink.com\/sq\/produkt\/business-pack\/\" \/>\n<meta property=\"og:site_name\" content=\"Fastrlink.com\" \/>\n<meta property=\"article:publisher\" content=\"https:\/\/facebook.com\/fastrlink\" \/>\n<meta property=\"article:modified_time\" content=\"2025-04-27T23:50:05+00:00\" \/>\n<meta property=\"og:image\" content=\"https:\/\/fastrlink.com\/wp-content\/uploads\/2024\/12\/8.jpg\" \/>\n\t<meta property=\"og:image:width\" content=\"1600\" \/>\n\t<meta property=\"og:image:height\" content=\"1600\" \/>\n\t<meta property=\"og:image:type\" content=\"image\/jpeg\" \/>\n<meta name=\"twitter:card\" content=\"summary_large_image\" \/>\n<meta name=\"twitter:label1\" content=\"Est. reading time\" \/>\n\t<meta name=\"twitter:data1\" content=\"2 minuta\" \/>\n<script type=\"application\/ld+json\" class=\"yoast-schema-graph\">{\"@context\":\"https:\/\/schema.org\",\"@graph\":[{\"@type\":\"WebPage\",\"@id\":\"https:\/\/fastrlink.com\/product\/business-pack\/\",\"url\":\"https:\/\/fastrlink.com\/product\/business-pack\/\",\"name\":\"Business Pack - Fastrlink.com\",\"isPartOf\":{\"@id\":\"https:\/\/fastrlink.com\/#website\"},\"primaryImageOfPage\":{\"@id\":\"https:\/\/fastrlink.com\/product\/business-pack\/#primaryimage\"},\"image\":{\"@id\":\"https:\/\/fastrlink.com\/product\/business-pack\/#primaryimage\"},\"thumbnailUrl\":\"https:\/\/fastrlink.com\/wp-content\/uploads\/2024\/12\/8.jpg\",\"datePublished\":\"2024-12-04T01:36:38+00:00\",\"dateModified\":\"2025-04-27T23:50:05+00:00\",\"breadcrumb\":{\"@id\":\"https:\/\/fastrlink.com\/product\/business-pack\/#breadcrumb\"},\"inLanguage\":\"sq\",\"potentialAction\":[{\"@type\":\"ReadAction\",\"target\":[\"https:\/\/fastrlink.com\/product\/business-pack\/\"]}]},{\"@type\":\"ImageObject\",\"inLanguage\":\"sq\",\"@id\":\"https:\/\/fastrlink.com\/product\/business-pack\/#primaryimage\",\"url\":\"https:\/\/fastrlink.com\/wp-content\/uploads\/2024\/12\/8.jpg\",\"contentUrl\":\"https:\/\/fastrlink.com\/wp-content\/uploads\/2024\/12\/8.jpg\",\"width\":1600,\"height\":1600},{\"@type\":\"BreadcrumbList\",\"@id\":\"https:\/\/fastrlink.com\/product\/business-pack\/#breadcrumb\",\"itemListElement\":[{\"@type\":\"ListItem\",\"position\":1,\"name\":\"Home\",\"item\":\"https:\/\/fastrlink.com\/\"},{\"@type\":\"ListItem\",\"position\":2,\"name\":\"Shop\",\"item\":\"https:\/\/fastrlink.com\/shop\/\"},{\"@type\":\"ListItem\",\"position\":3,\"name\":\"Business Pack\"}]},{\"@type\":\"WebSite\",\"@id\":\"https:\/\/fastrlink.com\/#website\",\"url\":\"https:\/\/fastrlink.com\/\",\"name\":\"Fastrlink.com\",\"description\":\"Digital Business Cards\",\"publisher\":{\"@id\":\"https:\/\/fastrlink.com\/#organization\"},\"potentialAction\":[{\"@type\":\"SearchAction\",\"target\":{\"@type\":\"EntryPoint\",\"urlTemplate\":\"https:\/\/fastrlink.com\/?s={search_term_string}\"},\"query-input\":{\"@type\":\"PropertyValueSpecification\",\"valueRequired\":true,\"valueName\":\"search_term_string\"}}],\"inLanguage\":\"sq\"},{\"@type\":\"Organization\",\"@id\":\"https:\/\/fastrlink.com\/#organization\",\"name\":\"Fastrlink.com\",\"url\":\"https:\/\/fastrlink.com\/\",\"logo\":{\"@type\":\"ImageObject\",\"inLanguage\":\"sq\",\"@id\":\"https:\/\/fastrlink.com\/#\/schema\/logo\/image\/\",\"url\":\"https:\/\/fastrlink.com\/wp-content\/uploads\/2024\/12\/responsive_logo.svg\",\"contentUrl\":\"https:\/\/fastrlink.com\/wp-content\/uploads\/2024\/12\/responsive_logo.svg\",\"width\":105,\"height\":14,\"caption\":\"Fastrlink.com\"},\"image\":{\"@id\":\"https:\/\/fastrlink.com\/#\/schema\/logo\/image\/\"},\"sameAs\":[\"https:\/\/facebook.com\/fastrlink\",\"https:\/\/instagram.com\/fastrlink\"]}]}<\/script>\n<!-- \/ Yoast SEO Premium plugin. -->","yoast_head_json":{"title":"Business Pack - Fastrlink.com","robots":{"index":"index","follow":"follow","max-snippet":"max-snippet:-1","max-image-preview":"max-image-preview:large","max-video-preview":"max-video-preview:-1"},"canonical":"https:\/\/fastrlink.com\/sq\/produkt\/business-pack\/","og_locale":"sq_AL","og_type":"article","og_title":"Business Pack","og_description":"Grow your business followers via our cards helping customers to instantly go to your page in matter of seconds.","og_url":"https:\/\/fastrlink.com\/sq\/produkt\/business-pack\/","og_site_name":"Fastrlink.com","article_publisher":"https:\/\/facebook.com\/fastrlink","article_modified_time":"2025-04-27T23:50:05+00:00","og_image":[{"width":1600,"height":1600,"url":"https:\/\/fastrlink.com\/wp-content\/uploads\/2024\/12\/8.jpg","type":"image\/jpeg"}],"twitter_card":"summary_large_image","twitter_misc":{"Est. reading time":"2 minuta"},"schema":{"@context":"https:\/\/schema.org","@graph":[{"@type":"WebPage","@id":"https:\/\/fastrlink.com\/product\/business-pack\/","url":"https:\/\/fastrlink.com\/product\/business-pack\/","name":"Business Pack - Fastrlink.com","isPartOf":{"@id":"https:\/\/fastrlink.com\/#website"},"primaryImageOfPage":{"@id":"https:\/\/fastrlink.com\/product\/business-pack\/#primaryimage"},"image":{"@id":"https:\/\/fastrlink.com\/product\/business-pack\/#primaryimage"},"thumbnailUrl":"https:\/\/fastrlink.com\/wp-content\/uploads\/2024\/12\/8.jpg","datePublished":"2024-12-04T01:36:38+00:00","dateModified":"2025-04-27T23:50:05+00:00","breadcrumb":{"@id":"https:\/\/fastrlink.com\/product\/business-pack\/#breadcrumb"},"inLanguage":"sq","potentialAction":[{"@type":"ReadAction","target":["https:\/\/fastrlink.com\/product\/business-pack\/"]}]},{"@type":"ImageObject","inLanguage":"sq","@id":"https:\/\/fastrlink.com\/product\/business-pack\/#primaryimage","url":"https:\/\/fastrlink.com\/wp-content\/uploads\/2024\/12\/8.jpg","contentUrl":"https:\/\/fastrlink.com\/wp-content\/uploads\/2024\/12\/8.jpg","width":1600,"height":1600},{"@type":"BreadcrumbList","@id":"https:\/\/fastrlink.com\/product\/business-pack\/#breadcrumb","itemListElement":[{"@type":"ListItem","position":1,"name":"Home","item":"https:\/\/fastrlink.com\/"},{"@type":"ListItem","position":2,"name":"Shop","item":"https:\/\/fastrlink.com\/shop\/"},{"@type":"ListItem","position":3,"name":"Business Pack"}]},{"@type":"WebSite","@id":"https:\/\/fastrlink.com\/#website","url":"https:\/\/fastrlink.com\/","name":"Fastrlink.com","description":"Digital Business Cards","publisher":{"@id":"https:\/\/fastrlink.com\/#organization"},"potentialAction":[{"@type":"SearchAction","target":{"@type":"EntryPoint","urlTemplate":"https:\/\/fastrlink.com\/?s={search_term_string}"},"query-input":{"@type":"PropertyValueSpecification","valueRequired":true,"valueName":"search_term_string"}}],"inLanguage":"sq"},{"@type":"Organization","@id":"https:\/\/fastrlink.com\/#organization","name":"Fastrlink.com","url":"https:\/\/fastrlink.com\/","logo":{"@type":"ImageObject","inLanguage":"sq","@id":"https:\/\/fastrlink.com\/#\/schema\/logo\/image\/","url":"https:\/\/fastrlink.com\/wp-content\/uploads\/2024\/12\/responsive_logo.svg","contentUrl":"https:\/\/fastrlink.com\/wp-content\/uploads\/2024\/12\/responsive_logo.svg","width":105,"height":14,"caption":"Fastrlink.com"},"image":{"@id":"https:\/\/fastrlink.com\/#\/schema\/logo\/image\/"},"sameAs":["https:\/\/facebook.com\/fastrlink","https:\/\/instagram.com\/fastrlink"]}]}},"_links":{"self":[{"href":"https:\/\/fastrlink.com\/sq\/wp-json\/wp\/v2\/product\/9064","targetHints":{"allow":["GET"]}}],"collection":[{"href":"https:\/\/fastrlink.com\/sq\/wp-json\/wp\/v2\/product"}],"about":[{"href":"https:\/\/fastrlink.com\/sq\/wp-json\/wp\/v2\/types\/product"}],"wp:featuredmedia":[{"embeddable":true,"href":"https:\/\/fastrlink.com\/sq\/wp-json\/wp\/v2\/media\/9060"}],"wp:attachment":[{"href":"https:\/\/fastrlink.com\/sq\/wp-json\/wp\/v2\/media?parent=9064"}],"wp:term":[{"taxonomy":"product_brand","embeddable":true,"href":"https:\/\/fastrlink.com\/sq\/wp-json\/wp\/v2\/product_brand?post=9064"},{"taxonomy":"product_cat","embeddable":true,"href":"https:\/\/fastrlink.com\/sq\/wp-json\/wp\/v2\/product_cat?post=9064"},{"taxonomy":"product_tag","embeddable":true,"href":"https:\/\/fastrlink.com\/sq\/wp-json\/wp\/v2\/product_tag?post=9064"}],"curies":[{"name":"wp","href":"https:\/\/api.w.org\/{rel}","templated":true}]}}