{"id":9063,"date":"2024-12-04T01:33:42","date_gmt":"2024-12-04T01:33:42","guid":{"rendered":"https:\/\/fastr.us\/?post_type=product&#038;p=9063"},"modified":"2024-12-09T22:33:57","modified_gmt":"2024-12-09T22:33:57","slug":"professional-pack","status":"publish","type":"product","link":"https:\/\/fastrlink.com\/sq\/produkt\/professional-pack\/","title":{"rendered":"Pako Profesionale"},"content":{"rendered":"<p>P\u00ebrmir\u00ebsoni lidhjet tuaja profesionale dhe komunikimin me <strong>Pako Profesionale<\/strong> Kartat NFC nga Fastrlink. Kjo paket\u00eb premium \u00ebsht\u00eb krijuar p\u00ebr bizneset dhe individ\u00ebt q\u00eb duan t\u00eb thjeshtojn\u00eb rrjet\u00ebzimin apo (networking), t\u00eb rrisin nd\u00ebrveprimet me klient\u00ebt dhe t\u00eb krijojn\u00eb nj\u00eb p\u00ebrshtypje t\u00eb q\u00ebndrueshme. Me karta t\u00eb aktivizuara me NFC t\u00eb printuara me ndarjen e menj\u00ebhershme t\u00eb WhatsApp, Viber, nj\u00eb kart\u00eb biznesi dixhitale apo logon tuaj t\u00eb personalizuar, ku kjo paket\u00eb ju ndihmon t\u00eb q\u00ebndroni aktiv apo t\u00eb lidhur dhe t\u00eb organizuar\u2014pa mundim.<\/p>\n<p><strong>Paketa Profesionale P\u00ebrfshin:<\/strong><br \/>\n\u2013 Karta e ndarjes s\u00eb menj\u00ebhershme t\u00eb WhatsApp: Ndani kontaktin tuaj t\u00eb WhatsApp-it me nj\u00eb prekje, duke lejuar komunikim pa probleme me koleg\u00ebt ose klient\u00ebt.<br \/>\n\u2013 Karta Viber: Lidhuni menj\u00ebher\u00eb n\u00eb Viber, duke e b\u00ebr\u00eb t\u00eb leht\u00eb bised\u00ebn e sigurt dhe profesionale me rrjetin tuaj.<br \/>\n\u2013 Fastr Business Card: Karta juaj dixhitale e biznesit, e b\u00ebr\u00eb me profesionalitet dhe me zgjidhje efikase. Ku ndani t\u00eb dh\u00ebnat tuaja t\u00eb kontaktit, portofolin dhe m\u00eb shum\u00eb me vet\u00ebm nj\u00eb prekje - jo m\u00eb karta letre.<br \/>\n\u2013 Karta me logo t\u00eb mark\u00ebs t\u00eb personalizuar: Personalizoni kart\u00ebn tuaj NFC me logon tuaj unike, duke b\u00ebr\u00eb nj\u00eb deklarat\u00eb profesionale q\u00eb p\u00ebrputhet me mark\u00ebn apo biznesin tuaj.<\/p>\n<p><strong>Karakteristikat kryesore:<\/strong><br \/>\n\u2013 Ndarja e menj\u00ebhershme e WhatsApp, Viber, detajet dixhitale t\u00eb biznesit si dhe porosi me mark\u00ebn apo brendin tuaj p\u00ebrmes NFC<br \/>\n\u2013 Zgjidhje miq\u00ebsore me mjedisin, p\u00ebr rrjete dhe komunikim modern me Karta dixhitale<br \/>\n\u2013 Plot\u00ebsisht i personalizuesh\u00ebm me logon dhe mark\u00ebn tuaj p\u00ebr t\u00eb p\u00ebrmir\u00ebsuar imazhin tuaj profesional<br \/>\n\u2013 E p\u00ebrputhshme me t\u00eb gjitha pajisjet me NFC<\/p>\n<p>Me <strong>Pako Profesionale<\/strong> Kartat NFC nga Fastrlink, ku b\u00ebni m\u00eb t\u00eb thjesht\u00eb rrjet\u00ebzimin (Networking), do t\u00eb p\u00ebrmir\u00ebsoni angazhimin e klientit dhe do t\u00eb projektoni nj\u00eb imazh profesional\u2014t\u00eb gjitha k\u00ebto me leht\u00ebsin\u00eb e nj\u00eb prekjeje. E p\u00ebrkryer p\u00ebr pronar\u00ebt e bizneseve, profesionist\u00ebt dhe sip\u00ebrmarr\u00ebsit q\u00eb duan t\u00eb q\u00ebndrojn\u00eb aktiv si dhe t\u00eb lidhur dhe t\u00eb ken\u00eb nj\u00eb ndikim pozitivisht t\u00eb q\u00ebndruesh\u00ebm.<\/p>","protected":false},"excerpt":{"rendered":"<p>Rritni ndjek\u00ebsit e biznesit tuaj n\u00ebp\u00ebrmjet kartave tona duke ndihmuar klient\u00ebt t\u00eb kalojn\u00eb menj\u00ebher\u00eb n\u00eb faqen tuaj n\u00eb pak sekonda.<\/p>","protected":false},"featured_media":9059,"template":"","meta":{"content-type":""},"product_brand":[],"product_cat":[76],"product_tag":[],"class_list":{"0":"post-9063","1":"product","2":"type-product","3":"status-publish","4":"has-post-thumbnail","6":"product_cat-bundles","7":"eutf-entry-item","9":"first","10":"instock","11":"taxable","12":"shipping-taxable","13":"purchasable","14":"product-type-simple"},"yoast_head":"<!-- This site is optimized with the Yoast SEO Premium plugin v23.9 (Yoast SEO v23.9) - https:\/\/yoast.com\/wordpress\/plugins\/seo\/ -->\n<title>Professional Pack - Fastrlink.com<\/title>\n<meta name=\"robots\" content=\"index, follow, max-snippet:-1, max-image-preview:large, max-video-preview:-1\" \/>\n<link rel=\"canonical\" href=\"https:\/\/fastrlink.com\/sq\/produkt\/professional-pack\/\" \/>\n<meta property=\"og:locale\" content=\"sq_AL\" \/>\n<meta property=\"og:type\" content=\"article\" \/>\n<meta property=\"og:title\" content=\"Professional Pack\" \/>\n<meta property=\"og:description\" content=\"Grow your business followers via our cards helping customers to instantly go to your page in matter of seconds.\" \/>\n<meta property=\"og:url\" content=\"https:\/\/fastrlink.com\/sq\/produkt\/professional-pack\/\" \/>\n<meta property=\"og:site_name\" content=\"Fastrlink.com\" \/>\n<meta property=\"article:publisher\" content=\"https:\/\/facebook.com\/fastrlink\" \/>\n<meta property=\"article:modified_time\" content=\"2024-12-09T22:33:57+00:00\" \/>\n<meta property=\"og:image\" content=\"https:\/\/fastrlink.com\/wp-content\/uploads\/2024\/12\/7.jpg\" \/>\n\t<meta property=\"og:image:width\" content=\"1600\" \/>\n\t<meta property=\"og:image:height\" content=\"1600\" \/>\n\t<meta property=\"og:image:type\" content=\"image\/jpeg\" \/>\n<meta name=\"twitter:card\" content=\"summary_large_image\" \/>\n<meta name=\"twitter:label1\" content=\"Est. reading time\" \/>\n\t<meta name=\"twitter:data1\" content=\"2 minuta\" \/>\n<script type=\"application\/ld+json\" class=\"yoast-schema-graph\">{\"@context\":\"https:\/\/schema.org\",\"@graph\":[{\"@type\":\"WebPage\",\"@id\":\"https:\/\/fastrlink.com\/product\/professional-pack\/\",\"url\":\"https:\/\/fastrlink.com\/product\/professional-pack\/\",\"name\":\"Professional Pack - Fastrlink.com\",\"isPartOf\":{\"@id\":\"https:\/\/fastrlink.com\/#website\"},\"primaryImageOfPage\":{\"@id\":\"https:\/\/fastrlink.com\/product\/professional-pack\/#primaryimage\"},\"image\":{\"@id\":\"https:\/\/fastrlink.com\/product\/professional-pack\/#primaryimage\"},\"thumbnailUrl\":\"https:\/\/fastrlink.com\/wp-content\/uploads\/2024\/12\/7.jpg\",\"datePublished\":\"2024-12-04T01:33:42+00:00\",\"dateModified\":\"2024-12-09T22:33:57+00:00\",\"breadcrumb\":{\"@id\":\"https:\/\/fastrlink.com\/product\/professional-pack\/#breadcrumb\"},\"inLanguage\":\"sq\",\"potentialAction\":[{\"@type\":\"ReadAction\",\"target\":[\"https:\/\/fastrlink.com\/product\/professional-pack\/\"]}]},{\"@type\":\"ImageObject\",\"inLanguage\":\"sq\",\"@id\":\"https:\/\/fastrlink.com\/product\/professional-pack\/#primaryimage\",\"url\":\"https:\/\/fastrlink.com\/wp-content\/uploads\/2024\/12\/7.jpg\",\"contentUrl\":\"https:\/\/fastrlink.com\/wp-content\/uploads\/2024\/12\/7.jpg\",\"width\":1600,\"height\":1600},{\"@type\":\"BreadcrumbList\",\"@id\":\"https:\/\/fastrlink.com\/product\/professional-pack\/#breadcrumb\",\"itemListElement\":[{\"@type\":\"ListItem\",\"position\":1,\"name\":\"Home\",\"item\":\"https:\/\/fastrlink.com\/\"},{\"@type\":\"ListItem\",\"position\":2,\"name\":\"Shop\",\"item\":\"https:\/\/fastrlink.com\/shop\/\"},{\"@type\":\"ListItem\",\"position\":3,\"name\":\"Professional Pack\"}]},{\"@type\":\"WebSite\",\"@id\":\"https:\/\/fastrlink.com\/#website\",\"url\":\"https:\/\/fastrlink.com\/\",\"name\":\"Fastrlink.com\",\"description\":\"Digital Business Cards\",\"publisher\":{\"@id\":\"https:\/\/fastrlink.com\/#organization\"},\"potentialAction\":[{\"@type\":\"SearchAction\",\"target\":{\"@type\":\"EntryPoint\",\"urlTemplate\":\"https:\/\/fastrlink.com\/?s={search_term_string}\"},\"query-input\":{\"@type\":\"PropertyValueSpecification\",\"valueRequired\":true,\"valueName\":\"search_term_string\"}}],\"inLanguage\":\"sq\"},{\"@type\":\"Organization\",\"@id\":\"https:\/\/fastrlink.com\/#organization\",\"name\":\"Fastrlink.com\",\"url\":\"https:\/\/fastrlink.com\/\",\"logo\":{\"@type\":\"ImageObject\",\"inLanguage\":\"sq\",\"@id\":\"https:\/\/fastrlink.com\/#\/schema\/logo\/image\/\",\"url\":\"https:\/\/fastrlink.com\/wp-content\/uploads\/2024\/12\/responsive_logo.svg\",\"contentUrl\":\"https:\/\/fastrlink.com\/wp-content\/uploads\/2024\/12\/responsive_logo.svg\",\"width\":105,\"height\":14,\"caption\":\"Fastrlink.com\"},\"image\":{\"@id\":\"https:\/\/fastrlink.com\/#\/schema\/logo\/image\/\"},\"sameAs\":[\"https:\/\/facebook.com\/fastrlink\",\"https:\/\/instagram.com\/fastrlink\"]}]}<\/script>\n<!-- \/ Yoast SEO Premium plugin. -->","yoast_head_json":{"title":"Professional Pack - Fastrlink.com","robots":{"index":"index","follow":"follow","max-snippet":"max-snippet:-1","max-image-preview":"max-image-preview:large","max-video-preview":"max-video-preview:-1"},"canonical":"https:\/\/fastrlink.com\/sq\/produkt\/professional-pack\/","og_locale":"sq_AL","og_type":"article","og_title":"Professional Pack","og_description":"Grow your business followers via our cards helping customers to instantly go to your page in matter of seconds.","og_url":"https:\/\/fastrlink.com\/sq\/produkt\/professional-pack\/","og_site_name":"Fastrlink.com","article_publisher":"https:\/\/facebook.com\/fastrlink","article_modified_time":"2024-12-09T22:33:57+00:00","og_image":[{"width":1600,"height":1600,"url":"https:\/\/fastrlink.com\/wp-content\/uploads\/2024\/12\/7.jpg","type":"image\/jpeg"}],"twitter_card":"summary_large_image","twitter_misc":{"Est. reading time":"2 minuta"},"schema":{"@context":"https:\/\/schema.org","@graph":[{"@type":"WebPage","@id":"https:\/\/fastrlink.com\/product\/professional-pack\/","url":"https:\/\/fastrlink.com\/product\/professional-pack\/","name":"Professional Pack - Fastrlink.com","isPartOf":{"@id":"https:\/\/fastrlink.com\/#website"},"primaryImageOfPage":{"@id":"https:\/\/fastrlink.com\/product\/professional-pack\/#primaryimage"},"image":{"@id":"https:\/\/fastrlink.com\/product\/professional-pack\/#primaryimage"},"thumbnailUrl":"https:\/\/fastrlink.com\/wp-content\/uploads\/2024\/12\/7.jpg","datePublished":"2024-12-04T01:33:42+00:00","dateModified":"2024-12-09T22:33:57+00:00","breadcrumb":{"@id":"https:\/\/fastrlink.com\/product\/professional-pack\/#breadcrumb"},"inLanguage":"sq","potentialAction":[{"@type":"ReadAction","target":["https:\/\/fastrlink.com\/product\/professional-pack\/"]}]},{"@type":"ImageObject","inLanguage":"sq","@id":"https:\/\/fastrlink.com\/product\/professional-pack\/#primaryimage","url":"https:\/\/fastrlink.com\/wp-content\/uploads\/2024\/12\/7.jpg","contentUrl":"https:\/\/fastrlink.com\/wp-content\/uploads\/2024\/12\/7.jpg","width":1600,"height":1600},{"@type":"BreadcrumbList","@id":"https:\/\/fastrlink.com\/product\/professional-pack\/#breadcrumb","itemListElement":[{"@type":"ListItem","position":1,"name":"Home","item":"https:\/\/fastrlink.com\/"},{"@type":"ListItem","position":2,"name":"Shop","item":"https:\/\/fastrlink.com\/shop\/"},{"@type":"ListItem","position":3,"name":"Professional Pack"}]},{"@type":"WebSite","@id":"https:\/\/fastrlink.com\/#website","url":"https:\/\/fastrlink.com\/","name":"Fastrlink.com","description":"Digital Business Cards","publisher":{"@id":"https:\/\/fastrlink.com\/#organization"},"potentialAction":[{"@type":"SearchAction","target":{"@type":"EntryPoint","urlTemplate":"https:\/\/fastrlink.com\/?s={search_term_string}"},"query-input":{"@type":"PropertyValueSpecification","valueRequired":true,"valueName":"search_term_string"}}],"inLanguage":"sq"},{"@type":"Organization","@id":"https:\/\/fastrlink.com\/#organization","name":"Fastrlink.com","url":"https:\/\/fastrlink.com\/","logo":{"@type":"ImageObject","inLanguage":"sq","@id":"https:\/\/fastrlink.com\/#\/schema\/logo\/image\/","url":"https:\/\/fastrlink.com\/wp-content\/uploads\/2024\/12\/responsive_logo.svg","contentUrl":"https:\/\/fastrlink.com\/wp-content\/uploads\/2024\/12\/responsive_logo.svg","width":105,"height":14,"caption":"Fastrlink.com"},"image":{"@id":"https:\/\/fastrlink.com\/#\/schema\/logo\/image\/"},"sameAs":["https:\/\/facebook.com\/fastrlink","https:\/\/instagram.com\/fastrlink"]}]}},"_links":{"self":[{"href":"https:\/\/fastrlink.com\/sq\/wp-json\/wp\/v2\/product\/9063","targetHints":{"allow":["GET"]}}],"collection":[{"href":"https:\/\/fastrlink.com\/sq\/wp-json\/wp\/v2\/product"}],"about":[{"href":"https:\/\/fastrlink.com\/sq\/wp-json\/wp\/v2\/types\/product"}],"wp:featuredmedia":[{"embeddable":true,"href":"https:\/\/fastrlink.com\/sq\/wp-json\/wp\/v2\/media\/9059"}],"wp:attachment":[{"href":"https:\/\/fastrlink.com\/sq\/wp-json\/wp\/v2\/media?parent=9063"}],"wp:term":[{"taxonomy":"product_brand","embeddable":true,"href":"https:\/\/fastrlink.com\/sq\/wp-json\/wp\/v2\/product_brand?post=9063"},{"taxonomy":"product_cat","embeddable":true,"href":"https:\/\/fastrlink.com\/sq\/wp-json\/wp\/v2\/product_cat?post=9063"},{"taxonomy":"product_tag","embeddable":true,"href":"https:\/\/fastrlink.com\/sq\/wp-json\/wp\/v2\/product_tag?post=9063"}],"curies":[{"name":"wp","href":"https:\/\/api.w.org\/{rel}","templated":true}]}}