{"id":9061,"date":"2024-12-04T01:25:27","date_gmt":"2024-12-04T01:25:27","guid":{"rendered":"https:\/\/fastr.us\/?post_type=product&#038;p=9061"},"modified":"2024-12-09T22:34:08","modified_gmt":"2024-12-09T22:34:08","slug":"marketing-digital-cards","status":"publish","type":"product","link":"https:\/\/fastrlink.com\/sq\/produkt\/marketing-digital-cards\/","title":{"rendered":"Kartat e marketingut"},"content":{"rendered":"<p>\u00c7ojeni marketingun tuaj dixhital n\u00eb nj\u00eb niveli tjet\u00ebr me Fastrlink's <strong>Kartat Dixhitale t\u00eb Marketingut<\/strong>. Kjo zgjidhje inovative ju lejon t\u00eb lidheni menj\u00ebher\u00eb me audienc\u00ebn tuaj n\u00ebp\u00ebr platformat kryesore t\u00eb mediave sociale - Instagram, Facebook, LinkedIn dhe TikTok - vet\u00ebm me nj\u00eb prekje. K\u00ebto karta t\u00eb aktivizuara me NFC printohen me mark\u00ebn tuaj t\u00eb personalizuar, duke ofruar nj\u00eb m\u00ebnyr\u00eb p\u00ebr t\u00eb ndar\u00eb profilet tuaja sociale dhe p\u00ebr t\u00eb rritur pranin\u00eb tuaj dixhitale.<\/p>\n<p>E p\u00ebrkryer p\u00ebr tregtar\u00ebt, influencuesit dhe bizneset q\u00eb k\u00ebrkojn\u00eb t\u00eb rrisin angazhimin, t\u00eb rrisin audienc\u00ebn e tyre dhe t\u00eb rrisin dukshm\u00ebrin\u00eb e mark\u00ebs, Kartat NFC Dixhitale t\u00eb Marketingut e b\u00ebjn\u00eb m\u00eb t\u00eb leht\u00eb se kurr\u00eb ndarjen e profileve tuaja n\u00eb internet.<\/p>\n<p><strong>Pakoja dixhitale e marketingut p\u00ebrfshin:<\/strong><br \/>\n\u2013 Karta e mark\u00ebs apo brendit n\u00eb Instagram: Ndani menj\u00ebher\u00eb profilin tuaj n\u00eb Instagram dhe inkurajoni t\u00eb tjer\u00ebt t\u00eb ndjekin, p\u00eblqejn\u00eb dhe angazhohen me p\u00ebrmbajtjet tuaja.<br \/>\n\u2013 Karta e mark\u00ebs apo brendit n\u00eb Facebook: Ndani faqen ose profilin tuaj n\u00eb Facebook me nj\u00eb prekje, duke ua leht\u00ebsuar t\u00eb tjer\u00ebve lidhjen, p\u00eblqimin dhe ndjekjen.<br \/>\n\u2013 Karta e mark\u00ebs apo brendit LinkedIn: Ndani profilin tuaj profesional n\u00eb LinkedIn, duke zgjeruar rrjetin tuaj dhe duke krijuar lidhje n\u00eb industrin\u00eb tuaj.<br \/>\n\u2013 Karta e mark\u00ebs apo brendit TikTok: Rritni ndjekjen tuaj n\u00eb TikTok menj\u00ebher\u00eb me nj\u00eb prekje, duke promovuar p\u00ebrmbajtjen tuaj m\u00eb t\u00eb fundit dhe duke zgjeruar shtrirjen tuaj n\u00eb nj\u00eb nga platformat m\u00eb t\u00eb njohura.<\/p>\n<p><strong>Karakteristikat kryesore:<\/strong><br \/>\n\u2013 Ndarje e menj\u00ebhershme e profileve tuaja n\u00eb Instagram, Facebook, LinkedIn dhe TikTok me nj\u00eb prekje t\u00eb thjesht\u00eb<br \/>\n\u2013 Zgjidhje miq\u00ebsore me mjedisin, me karta p\u00ebr marketing dhe rrjet\u00ebzim (Networking) dixhital<br \/>\n\u2013 Shtypur me mark\u00ebn tuaj p\u00ebr nj\u00eb dukje t\u00eb personalizuar dhe profesionale<br \/>\n\u2013 E p\u00ebrputhshme me t\u00eb gjitha pajisjet me NFC<\/p>\n<p>Me <strong>Kartat Dixhitale t\u00eb Marketingut<\/strong> nga Fastrlink, ju do t\u00eb thjeshtoni p\u00ebrpjekjet tuaja t\u00eb marketingut dixhital, do t\u00eb angazhoheni me audienc\u00ebn tuaj dhe do t\u00eb p\u00ebrmir\u00ebsoni pranin\u00eb tuaj n\u00eb mediat sociale - t\u00eb gjitha me leht\u00ebsin\u00eb e nj\u00eb prekjeje. E p\u00ebrkryer p\u00ebr bizneset, krijuesit e p\u00ebrmbajtjes dhe tregtar\u00ebt q\u00eb k\u00ebrkojn\u00eb t\u00eb maksimizojn\u00eb ndikimin e tyre online n\u00eb internet.<\/p>","protected":false},"excerpt":{"rendered":"<p>Rritni ndjek\u00ebsit e biznesit tuaj n\u00ebp\u00ebrmjet kartave tona duke ndihmuar klient\u00ebt t\u00eb kalojn\u00eb menj\u00ebher\u00eb n\u00eb faqen tuaj n\u00eb pak sekonda.<\/p>","protected":false},"featured_media":9058,"template":"","meta":{"content-type":""},"product_brand":[],"product_cat":[76],"product_tag":[],"class_list":{"0":"post-9061","1":"product","2":"type-product","3":"status-publish","4":"has-post-thumbnail","6":"product_cat-bundles","7":"eutf-entry-item","9":"first","10":"instock","11":"taxable","12":"shipping-taxable","13":"purchasable","14":"product-type-simple"},"yoast_head":"<!-- This site is optimized with the Yoast SEO Premium plugin v23.9 (Yoast SEO v23.9) - https:\/\/yoast.com\/wordpress\/plugins\/seo\/ -->\n<title>Marketing Cards - Fastrlink.com<\/title>\n<meta name=\"robots\" content=\"index, follow, max-snippet:-1, max-image-preview:large, max-video-preview:-1\" \/>\n<link rel=\"canonical\" href=\"https:\/\/fastrlink.com\/sq\/produkt\/marketing-digital-cards\/\" \/>\n<meta property=\"og:locale\" content=\"sq_AL\" \/>\n<meta property=\"og:type\" content=\"article\" \/>\n<meta property=\"og:title\" content=\"Marketing Cards\" \/>\n<meta property=\"og:description\" content=\"Grow your business followers via our cards helping customers to instantly go to your page in matter of seconds.\" \/>\n<meta property=\"og:url\" content=\"https:\/\/fastrlink.com\/sq\/produkt\/marketing-digital-cards\/\" \/>\n<meta property=\"og:site_name\" content=\"Fastrlink.com\" \/>\n<meta property=\"article:publisher\" content=\"https:\/\/facebook.com\/fastrlink\" \/>\n<meta property=\"article:modified_time\" content=\"2024-12-09T22:34:08+00:00\" \/>\n<meta property=\"og:image\" content=\"https:\/\/fastrlink.com\/wp-content\/uploads\/2024\/12\/6.jpg\" \/>\n\t<meta property=\"og:image:width\" content=\"1600\" \/>\n\t<meta property=\"og:image:height\" content=\"1600\" \/>\n\t<meta property=\"og:image:type\" content=\"image\/jpeg\" \/>\n<meta name=\"twitter:card\" content=\"summary_large_image\" \/>\n<meta name=\"twitter:label1\" content=\"Est. reading time\" \/>\n\t<meta name=\"twitter:data1\" content=\"2 minuta\" \/>\n<script type=\"application\/ld+json\" class=\"yoast-schema-graph\">{\"@context\":\"https:\/\/schema.org\",\"@graph\":[{\"@type\":\"WebPage\",\"@id\":\"https:\/\/fastrlink.com\/product\/marketing-digital-cards\/\",\"url\":\"https:\/\/fastrlink.com\/product\/marketing-digital-cards\/\",\"name\":\"Marketing Cards - Fastrlink.com\",\"isPartOf\":{\"@id\":\"https:\/\/fastrlink.com\/#website\"},\"primaryImageOfPage\":{\"@id\":\"https:\/\/fastrlink.com\/product\/marketing-digital-cards\/#primaryimage\"},\"image\":{\"@id\":\"https:\/\/fastrlink.com\/product\/marketing-digital-cards\/#primaryimage\"},\"thumbnailUrl\":\"https:\/\/fastrlink.com\/wp-content\/uploads\/2024\/12\/6.jpg\",\"datePublished\":\"2024-12-04T01:25:27+00:00\",\"dateModified\":\"2024-12-09T22:34:08+00:00\",\"breadcrumb\":{\"@id\":\"https:\/\/fastrlink.com\/product\/marketing-digital-cards\/#breadcrumb\"},\"inLanguage\":\"sq\",\"potentialAction\":[{\"@type\":\"ReadAction\",\"target\":[\"https:\/\/fastrlink.com\/product\/marketing-digital-cards\/\"]}]},{\"@type\":\"ImageObject\",\"inLanguage\":\"sq\",\"@id\":\"https:\/\/fastrlink.com\/product\/marketing-digital-cards\/#primaryimage\",\"url\":\"https:\/\/fastrlink.com\/wp-content\/uploads\/2024\/12\/6.jpg\",\"contentUrl\":\"https:\/\/fastrlink.com\/wp-content\/uploads\/2024\/12\/6.jpg\",\"width\":1600,\"height\":1600},{\"@type\":\"BreadcrumbList\",\"@id\":\"https:\/\/fastrlink.com\/product\/marketing-digital-cards\/#breadcrumb\",\"itemListElement\":[{\"@type\":\"ListItem\",\"position\":1,\"name\":\"Home\",\"item\":\"https:\/\/fastrlink.com\/\"},{\"@type\":\"ListItem\",\"position\":2,\"name\":\"Shop\",\"item\":\"https:\/\/fastrlink.com\/shop\/\"},{\"@type\":\"ListItem\",\"position\":3,\"name\":\"Marketing Cards\"}]},{\"@type\":\"WebSite\",\"@id\":\"https:\/\/fastrlink.com\/#website\",\"url\":\"https:\/\/fastrlink.com\/\",\"name\":\"Fastrlink.com\",\"description\":\"Digital Business Cards\",\"publisher\":{\"@id\":\"https:\/\/fastrlink.com\/#organization\"},\"potentialAction\":[{\"@type\":\"SearchAction\",\"target\":{\"@type\":\"EntryPoint\",\"urlTemplate\":\"https:\/\/fastrlink.com\/?s={search_term_string}\"},\"query-input\":{\"@type\":\"PropertyValueSpecification\",\"valueRequired\":true,\"valueName\":\"search_term_string\"}}],\"inLanguage\":\"sq\"},{\"@type\":\"Organization\",\"@id\":\"https:\/\/fastrlink.com\/#organization\",\"name\":\"Fastrlink.com\",\"url\":\"https:\/\/fastrlink.com\/\",\"logo\":{\"@type\":\"ImageObject\",\"inLanguage\":\"sq\",\"@id\":\"https:\/\/fastrlink.com\/#\/schema\/logo\/image\/\",\"url\":\"https:\/\/fastrlink.com\/wp-content\/uploads\/2024\/12\/responsive_logo.svg\",\"contentUrl\":\"https:\/\/fastrlink.com\/wp-content\/uploads\/2024\/12\/responsive_logo.svg\",\"width\":105,\"height\":14,\"caption\":\"Fastrlink.com\"},\"image\":{\"@id\":\"https:\/\/fastrlink.com\/#\/schema\/logo\/image\/\"},\"sameAs\":[\"https:\/\/facebook.com\/fastrlink\",\"https:\/\/instagram.com\/fastrlink\"]}]}<\/script>\n<!-- \/ Yoast SEO Premium plugin. -->","yoast_head_json":{"title":"Marketing Cards - Fastrlink.com","robots":{"index":"index","follow":"follow","max-snippet":"max-snippet:-1","max-image-preview":"max-image-preview:large","max-video-preview":"max-video-preview:-1"},"canonical":"https:\/\/fastrlink.com\/sq\/produkt\/marketing-digital-cards\/","og_locale":"sq_AL","og_type":"article","og_title":"Marketing Cards","og_description":"Grow your business followers via our cards helping customers to instantly go to your page in matter of seconds.","og_url":"https:\/\/fastrlink.com\/sq\/produkt\/marketing-digital-cards\/","og_site_name":"Fastrlink.com","article_publisher":"https:\/\/facebook.com\/fastrlink","article_modified_time":"2024-12-09T22:34:08+00:00","og_image":[{"width":1600,"height":1600,"url":"https:\/\/fastrlink.com\/wp-content\/uploads\/2024\/12\/6.jpg","type":"image\/jpeg"}],"twitter_card":"summary_large_image","twitter_misc":{"Est. reading time":"2 minuta"},"schema":{"@context":"https:\/\/schema.org","@graph":[{"@type":"WebPage","@id":"https:\/\/fastrlink.com\/product\/marketing-digital-cards\/","url":"https:\/\/fastrlink.com\/product\/marketing-digital-cards\/","name":"Marketing Cards - Fastrlink.com","isPartOf":{"@id":"https:\/\/fastrlink.com\/#website"},"primaryImageOfPage":{"@id":"https:\/\/fastrlink.com\/product\/marketing-digital-cards\/#primaryimage"},"image":{"@id":"https:\/\/fastrlink.com\/product\/marketing-digital-cards\/#primaryimage"},"thumbnailUrl":"https:\/\/fastrlink.com\/wp-content\/uploads\/2024\/12\/6.jpg","datePublished":"2024-12-04T01:25:27+00:00","dateModified":"2024-12-09T22:34:08+00:00","breadcrumb":{"@id":"https:\/\/fastrlink.com\/product\/marketing-digital-cards\/#breadcrumb"},"inLanguage":"sq","potentialAction":[{"@type":"ReadAction","target":["https:\/\/fastrlink.com\/product\/marketing-digital-cards\/"]}]},{"@type":"ImageObject","inLanguage":"sq","@id":"https:\/\/fastrlink.com\/product\/marketing-digital-cards\/#primaryimage","url":"https:\/\/fastrlink.com\/wp-content\/uploads\/2024\/12\/6.jpg","contentUrl":"https:\/\/fastrlink.com\/wp-content\/uploads\/2024\/12\/6.jpg","width":1600,"height":1600},{"@type":"BreadcrumbList","@id":"https:\/\/fastrlink.com\/product\/marketing-digital-cards\/#breadcrumb","itemListElement":[{"@type":"ListItem","position":1,"name":"Home","item":"https:\/\/fastrlink.com\/"},{"@type":"ListItem","position":2,"name":"Shop","item":"https:\/\/fastrlink.com\/shop\/"},{"@type":"ListItem","position":3,"name":"Marketing Cards"}]},{"@type":"WebSite","@id":"https:\/\/fastrlink.com\/#website","url":"https:\/\/fastrlink.com\/","name":"Fastrlink.com","description":"Digital Business Cards","publisher":{"@id":"https:\/\/fastrlink.com\/#organization"},"potentialAction":[{"@type":"SearchAction","target":{"@type":"EntryPoint","urlTemplate":"https:\/\/fastrlink.com\/?s={search_term_string}"},"query-input":{"@type":"PropertyValueSpecification","valueRequired":true,"valueName":"search_term_string"}}],"inLanguage":"sq"},{"@type":"Organization","@id":"https:\/\/fastrlink.com\/#organization","name":"Fastrlink.com","url":"https:\/\/fastrlink.com\/","logo":{"@type":"ImageObject","inLanguage":"sq","@id":"https:\/\/fastrlink.com\/#\/schema\/logo\/image\/","url":"https:\/\/fastrlink.com\/wp-content\/uploads\/2024\/12\/responsive_logo.svg","contentUrl":"https:\/\/fastrlink.com\/wp-content\/uploads\/2024\/12\/responsive_logo.svg","width":105,"height":14,"caption":"Fastrlink.com"},"image":{"@id":"https:\/\/fastrlink.com\/#\/schema\/logo\/image\/"},"sameAs":["https:\/\/facebook.com\/fastrlink","https:\/\/instagram.com\/fastrlink"]}]}},"_links":{"self":[{"href":"https:\/\/fastrlink.com\/sq\/wp-json\/wp\/v2\/product\/9061","targetHints":{"allow":["GET"]}}],"collection":[{"href":"https:\/\/fastrlink.com\/sq\/wp-json\/wp\/v2\/product"}],"about":[{"href":"https:\/\/fastrlink.com\/sq\/wp-json\/wp\/v2\/types\/product"}],"wp:featuredmedia":[{"embeddable":true,"href":"https:\/\/fastrlink.com\/sq\/wp-json\/wp\/v2\/media\/9058"}],"wp:attachment":[{"href":"https:\/\/fastrlink.com\/sq\/wp-json\/wp\/v2\/media?parent=9061"}],"wp:term":[{"taxonomy":"product_brand","embeddable":true,"href":"https:\/\/fastrlink.com\/sq\/wp-json\/wp\/v2\/product_brand?post=9061"},{"taxonomy":"product_cat","embeddable":true,"href":"https:\/\/fastrlink.com\/sq\/wp-json\/wp\/v2\/product_cat?post=9061"},{"taxonomy":"product_tag","embeddable":true,"href":"https:\/\/fastrlink.com\/sq\/wp-json\/wp\/v2\/product_tag?post=9061"}],"curies":[{"name":"wp","href":"https:\/\/api.w.org\/{rel}","templated":true}]}}