{"id":9056,"date":"2024-12-04T01:21:42","date_gmt":"2024-12-04T01:21:42","guid":{"rendered":"https:\/\/fastr.us\/?post_type=product&#038;p=9056"},"modified":"2024-12-09T22:34:16","modified_gmt":"2024-12-09T22:34:16","slug":"review-digital-cards","status":"publish","type":"product","link":"https:\/\/fastrlink.com\/sq\/produkt\/review-digital-cards\/","title":{"rendered":"Kartat e vlersim\u00ebve"},"content":{"rendered":"<p>Rritni reputacionin tuaj online n\u00eb internet dhe b\u00ebjeni m\u00eb t\u00eb leht\u00eb se kurr\u00eb q\u00eb klient\u00ebt tuaj t\u00eb japin komente me <strong>Karta Dixhitale T\u00eb Vler\u00ebsimeve<\/strong> nga Fastrlink. K\u00ebto karta t\u00eb aktivizuara me NFC printohen me zgjedhjen tuaj t\u00eb mark\u00ebs Google, TripAdvisor, Airbnb ose Yelp, duke ju lejuar t\u00eb mblidhni komente t\u00eb menj\u00ebhershme dhe t\u00eb krijoni nj\u00eb prani dixhitale m\u00eb t\u00eb fort\u00eb\u2014t\u00eb gjitha vet\u00ebm me nj\u00eb prekje. Perfekte p\u00ebr bizneset n\u00eb hoteleri, shitje me pakic\u00eb ose sh\u00ebrbime, k\u00ebto karta e b\u00ebjn\u00eb t\u00eb thjesht\u00eb p\u00ebr klient\u00ebt e k\u00ebnaqur q\u00eb t\u00eb ndajn\u00eb p\u00ebrvojat e tyre dhe ndihmojn\u00eb n\u00eb t\u00ebrheqjen e klient\u00ebve t\u00eb rinj.<\/p>\n<p><strong>Pako e Vler\u00ebsimit Dixhital P\u00ebrfshin\u00eb:<\/strong><br \/>\n\u2013 Karta e Vler\u00ebsimeve t\u00eb Google: Drejton klient\u00ebt tuaj q\u00eb t\u00eb l\u00ebn\u00eb komente pozitive n\u00eb Google.<br \/>\n\u2013 Karta e Vler\u00ebsimeve t\u00eb TripAdvisor: Inkurajoni udh\u00ebtar\u00ebt t\u00eb ndajn\u00eb p\u00ebrvojat e tyre dhe t\u00eb rrisin reputacionin tuaj n\u00eb TripAdvisor, duke t\u00ebrhequr m\u00eb shum\u00eb vizitor\u00eb.<br \/>\n- Karta e Ver\u00ebsimeve Airbnb: B\u00ebni m\u00eb t\u00eb leht\u00eb p\u00ebr t\u00eb ftuarit t\u00eb l\u00ebn\u00eb komente n\u00eb Airbnb, duke p\u00ebrmir\u00ebsuar profilin tuaj dhe duke rritur potencialin tuaj t\u00eb rezervimeve.<br \/>\n\u2013 Karta e Vler\u00ebsimeve Yelp: Drejtojini klient\u00ebt n\u00eb faqen tuaj Yelp me nj\u00eb prekje, duke e b\u00ebr\u00eb t\u00eb shpejt\u00eb q\u00eb ata t\u00eb japin komente dhe t\u00eb p\u00ebrmir\u00ebsojn\u00eb pranin\u00eb tuaj lokale t\u00eb biznesit.<\/p>\n<p><strong>Karakteristikat kryesore:<\/strong><br \/>\n\u2013 Ndarje e menj\u00ebhershme e vler\u00ebsimeve p\u00ebr Google, TripAdvisor, Airbnb dhe Yelp<br \/>\n\u2013 Zgjidhje miq\u00ebsore p\u00ebr mjedisin, pa let\u00ebr por vet\u00ebm me Karta dixhitale te Fastrlink p\u00ebr mbledhjen e komenteve dhe vler\u00ebsimeve<br \/>\n\u2013 Printuar me zgjedhjen tuaj t\u00eb biznesit apo mark\u00ebs p\u00ebr nj\u00eb pamje profesionale dhe t\u00eb q\u00ebndrueshme<br \/>\n\u2013 E p\u00ebrputhshme me t\u00eb gjitha pajisjet me NFC<\/p>\n<p>Me <strong>Karta Dixhitale T\u00eb Vler\u00ebsimeve<\/strong> nga Fastrlink, ju do t\u00eb thjeshtoni procesin e mbledhjes s\u00eb komenteve t\u00eb vlefshme, do t\u00eb p\u00ebrmir\u00ebsoni reputacionin tuaj n\u00eb internet dhe do t\u00eb t\u00ebrhiqni m\u00eb shum\u00eb biznese\u2014t\u00eb gjitha me leht\u00ebsin\u00eb e nj\u00eb prekjeje t\u00eb vetme. E p\u00ebrkryer p\u00ebr bizneset q\u00eb k\u00ebrkojn\u00eb t\u00eb rriten dhe t\u00eb mbajn\u00eb nj\u00eb prani pozitive n\u00eb internet n\u00ebp\u00ebr platforma t\u00eb shumta rishikimi.<\/p>","protected":false},"excerpt":{"rendered":"<p>Ndihmoni klient\u00ebt tuaj t\u00eb kalojn\u00eb menj\u00ebher\u00eb n\u00eb faqen tuaj t\u00eb vler\u00ebsimit.<\/p>","protected":false},"featured_media":9066,"template":"","meta":{"content-type":""},"product_brand":[],"product_cat":[76],"product_tag":[],"class_list":{"0":"post-9056","1":"product","2":"type-product","3":"status-publish","4":"has-post-thumbnail","6":"product_cat-bundles","7":"eutf-entry-item","9":"first","10":"instock","11":"taxable","12":"shipping-taxable","13":"purchasable","14":"product-type-simple"},"yoast_head":"<!-- This site is optimized with the Yoast SEO Premium plugin v23.9 (Yoast SEO v23.9) - https:\/\/yoast.com\/wordpress\/plugins\/seo\/ -->\n<title>Review Cards - Fastrlink.com<\/title>\n<meta name=\"robots\" content=\"index, follow, max-snippet:-1, max-image-preview:large, max-video-preview:-1\" \/>\n<link rel=\"canonical\" href=\"https:\/\/fastrlink.com\/sq\/produkt\/review-digital-cards\/\" \/>\n<meta property=\"og:locale\" content=\"sq_AL\" \/>\n<meta property=\"og:type\" content=\"article\" \/>\n<meta property=\"og:title\" content=\"Review Cards\" \/>\n<meta property=\"og:description\" content=\"Help your customers to go instantly to your review page.\" \/>\n<meta property=\"og:url\" content=\"https:\/\/fastrlink.com\/sq\/produkt\/review-digital-cards\/\" \/>\n<meta property=\"og:site_name\" content=\"Fastrlink.com\" \/>\n<meta property=\"article:publisher\" content=\"https:\/\/facebook.com\/fastrlink\" \/>\n<meta property=\"article:modified_time\" content=\"2024-12-09T22:34:16+00:00\" \/>\n<meta property=\"og:image\" content=\"https:\/\/fastrlink.com\/wp-content\/uploads\/2024\/12\/5-1.jpg\" \/>\n\t<meta property=\"og:image:width\" content=\"1600\" \/>\n\t<meta property=\"og:image:height\" content=\"1600\" \/>\n\t<meta property=\"og:image:type\" content=\"image\/jpeg\" \/>\n<meta name=\"twitter:card\" content=\"summary_large_image\" \/>\n<meta name=\"twitter:label1\" content=\"Est. reading time\" \/>\n\t<meta name=\"twitter:data1\" content=\"2 minuta\" \/>\n<script type=\"application\/ld+json\" class=\"yoast-schema-graph\">{\"@context\":\"https:\/\/schema.org\",\"@graph\":[{\"@type\":\"WebPage\",\"@id\":\"https:\/\/fastrlink.com\/product\/review-digital-cards\/\",\"url\":\"https:\/\/fastrlink.com\/product\/review-digital-cards\/\",\"name\":\"Review Cards - Fastrlink.com\",\"isPartOf\":{\"@id\":\"https:\/\/fastrlink.com\/#website\"},\"primaryImageOfPage\":{\"@id\":\"https:\/\/fastrlink.com\/product\/review-digital-cards\/#primaryimage\"},\"image\":{\"@id\":\"https:\/\/fastrlink.com\/product\/review-digital-cards\/#primaryimage\"},\"thumbnailUrl\":\"https:\/\/fastrlink.com\/wp-content\/uploads\/2024\/12\/5-1.jpg\",\"datePublished\":\"2024-12-04T01:21:42+00:00\",\"dateModified\":\"2024-12-09T22:34:16+00:00\",\"breadcrumb\":{\"@id\":\"https:\/\/fastrlink.com\/product\/review-digital-cards\/#breadcrumb\"},\"inLanguage\":\"sq\",\"potentialAction\":[{\"@type\":\"ReadAction\",\"target\":[\"https:\/\/fastrlink.com\/product\/review-digital-cards\/\"]}]},{\"@type\":\"ImageObject\",\"inLanguage\":\"sq\",\"@id\":\"https:\/\/fastrlink.com\/product\/review-digital-cards\/#primaryimage\",\"url\":\"https:\/\/fastrlink.com\/wp-content\/uploads\/2024\/12\/5-1.jpg\",\"contentUrl\":\"https:\/\/fastrlink.com\/wp-content\/uploads\/2024\/12\/5-1.jpg\",\"width\":1600,\"height\":1600},{\"@type\":\"BreadcrumbList\",\"@id\":\"https:\/\/fastrlink.com\/product\/review-digital-cards\/#breadcrumb\",\"itemListElement\":[{\"@type\":\"ListItem\",\"position\":1,\"name\":\"Home\",\"item\":\"https:\/\/fastrlink.com\/\"},{\"@type\":\"ListItem\",\"position\":2,\"name\":\"Shop\",\"item\":\"https:\/\/fastrlink.com\/shop\/\"},{\"@type\":\"ListItem\",\"position\":3,\"name\":\"Review Cards\"}]},{\"@type\":\"WebSite\",\"@id\":\"https:\/\/fastrlink.com\/#website\",\"url\":\"https:\/\/fastrlink.com\/\",\"name\":\"Fastrlink.com\",\"description\":\"Digital Business Cards\",\"publisher\":{\"@id\":\"https:\/\/fastrlink.com\/#organization\"},\"potentialAction\":[{\"@type\":\"SearchAction\",\"target\":{\"@type\":\"EntryPoint\",\"urlTemplate\":\"https:\/\/fastrlink.com\/?s={search_term_string}\"},\"query-input\":{\"@type\":\"PropertyValueSpecification\",\"valueRequired\":true,\"valueName\":\"search_term_string\"}}],\"inLanguage\":\"sq\"},{\"@type\":\"Organization\",\"@id\":\"https:\/\/fastrlink.com\/#organization\",\"name\":\"Fastrlink.com\",\"url\":\"https:\/\/fastrlink.com\/\",\"logo\":{\"@type\":\"ImageObject\",\"inLanguage\":\"sq\",\"@id\":\"https:\/\/fastrlink.com\/#\/schema\/logo\/image\/\",\"url\":\"https:\/\/fastrlink.com\/wp-content\/uploads\/2024\/12\/responsive_logo.svg\",\"contentUrl\":\"https:\/\/fastrlink.com\/wp-content\/uploads\/2024\/12\/responsive_logo.svg\",\"width\":105,\"height\":14,\"caption\":\"Fastrlink.com\"},\"image\":{\"@id\":\"https:\/\/fastrlink.com\/#\/schema\/logo\/image\/\"},\"sameAs\":[\"https:\/\/facebook.com\/fastrlink\",\"https:\/\/instagram.com\/fastrlink\"]}]}<\/script>\n<!-- \/ Yoast SEO Premium plugin. -->","yoast_head_json":{"title":"Review Cards - Fastrlink.com","robots":{"index":"index","follow":"follow","max-snippet":"max-snippet:-1","max-image-preview":"max-image-preview:large","max-video-preview":"max-video-preview:-1"},"canonical":"https:\/\/fastrlink.com\/sq\/produkt\/review-digital-cards\/","og_locale":"sq_AL","og_type":"article","og_title":"Review Cards","og_description":"Help your customers to go instantly to your review page.","og_url":"https:\/\/fastrlink.com\/sq\/produkt\/review-digital-cards\/","og_site_name":"Fastrlink.com","article_publisher":"https:\/\/facebook.com\/fastrlink","article_modified_time":"2024-12-09T22:34:16+00:00","og_image":[{"width":1600,"height":1600,"url":"https:\/\/fastrlink.com\/wp-content\/uploads\/2024\/12\/5-1.jpg","type":"image\/jpeg"}],"twitter_card":"summary_large_image","twitter_misc":{"Est. reading time":"2 minuta"},"schema":{"@context":"https:\/\/schema.org","@graph":[{"@type":"WebPage","@id":"https:\/\/fastrlink.com\/product\/review-digital-cards\/","url":"https:\/\/fastrlink.com\/product\/review-digital-cards\/","name":"Review Cards - Fastrlink.com","isPartOf":{"@id":"https:\/\/fastrlink.com\/#website"},"primaryImageOfPage":{"@id":"https:\/\/fastrlink.com\/product\/review-digital-cards\/#primaryimage"},"image":{"@id":"https:\/\/fastrlink.com\/product\/review-digital-cards\/#primaryimage"},"thumbnailUrl":"https:\/\/fastrlink.com\/wp-content\/uploads\/2024\/12\/5-1.jpg","datePublished":"2024-12-04T01:21:42+00:00","dateModified":"2024-12-09T22:34:16+00:00","breadcrumb":{"@id":"https:\/\/fastrlink.com\/product\/review-digital-cards\/#breadcrumb"},"inLanguage":"sq","potentialAction":[{"@type":"ReadAction","target":["https:\/\/fastrlink.com\/product\/review-digital-cards\/"]}]},{"@type":"ImageObject","inLanguage":"sq","@id":"https:\/\/fastrlink.com\/product\/review-digital-cards\/#primaryimage","url":"https:\/\/fastrlink.com\/wp-content\/uploads\/2024\/12\/5-1.jpg","contentUrl":"https:\/\/fastrlink.com\/wp-content\/uploads\/2024\/12\/5-1.jpg","width":1600,"height":1600},{"@type":"BreadcrumbList","@id":"https:\/\/fastrlink.com\/product\/review-digital-cards\/#breadcrumb","itemListElement":[{"@type":"ListItem","position":1,"name":"Home","item":"https:\/\/fastrlink.com\/"},{"@type":"ListItem","position":2,"name":"Shop","item":"https:\/\/fastrlink.com\/shop\/"},{"@type":"ListItem","position":3,"name":"Review Cards"}]},{"@type":"WebSite","@id":"https:\/\/fastrlink.com\/#website","url":"https:\/\/fastrlink.com\/","name":"Fastrlink.com","description":"Digital Business Cards","publisher":{"@id":"https:\/\/fastrlink.com\/#organization"},"potentialAction":[{"@type":"SearchAction","target":{"@type":"EntryPoint","urlTemplate":"https:\/\/fastrlink.com\/?s={search_term_string}"},"query-input":{"@type":"PropertyValueSpecification","valueRequired":true,"valueName":"search_term_string"}}],"inLanguage":"sq"},{"@type":"Organization","@id":"https:\/\/fastrlink.com\/#organization","name":"Fastrlink.com","url":"https:\/\/fastrlink.com\/","logo":{"@type":"ImageObject","inLanguage":"sq","@id":"https:\/\/fastrlink.com\/#\/schema\/logo\/image\/","url":"https:\/\/fastrlink.com\/wp-content\/uploads\/2024\/12\/responsive_logo.svg","contentUrl":"https:\/\/fastrlink.com\/wp-content\/uploads\/2024\/12\/responsive_logo.svg","width":105,"height":14,"caption":"Fastrlink.com"},"image":{"@id":"https:\/\/fastrlink.com\/#\/schema\/logo\/image\/"},"sameAs":["https:\/\/facebook.com\/fastrlink","https:\/\/instagram.com\/fastrlink"]}]}},"_links":{"self":[{"href":"https:\/\/fastrlink.com\/sq\/wp-json\/wp\/v2\/product\/9056","targetHints":{"allow":["GET"]}}],"collection":[{"href":"https:\/\/fastrlink.com\/sq\/wp-json\/wp\/v2\/product"}],"about":[{"href":"https:\/\/fastrlink.com\/sq\/wp-json\/wp\/v2\/types\/product"}],"wp:featuredmedia":[{"embeddable":true,"href":"https:\/\/fastrlink.com\/sq\/wp-json\/wp\/v2\/media\/9066"}],"wp:attachment":[{"href":"https:\/\/fastrlink.com\/sq\/wp-json\/wp\/v2\/media?parent=9056"}],"wp:term":[{"taxonomy":"product_brand","embeddable":true,"href":"https:\/\/fastrlink.com\/sq\/wp-json\/wp\/v2\/product_brand?post=9056"},{"taxonomy":"product_cat","embeddable":true,"href":"https:\/\/fastrlink.com\/sq\/wp-json\/wp\/v2\/product_cat?post=9056"},{"taxonomy":"product_tag","embeddable":true,"href":"https:\/\/fastrlink.com\/sq\/wp-json\/wp\/v2\/product_tag?post=9056"}],"curies":[{"name":"wp","href":"https:\/\/api.w.org\/{rel}","templated":true}]}}