{"id":8855,"date":"2021-08-09T11:24:21","date_gmt":"2021-08-09T11:24:21","guid":{"rendered":"https:\/\/fastr.us\/privacy-policy-2\/"},"modified":"2024-12-11T17:04:21","modified_gmt":"2024-12-11T17:04:21","slug":"privacy-policy-2","status":"publish","type":"page","link":"https:\/\/fastrlink.com\/sq\/privacy-policy-2\/","title":{"rendered":"Politika Privat\u00ebsis"},"content":{"rendered":"<div data-elementor-type=\"wp-page\" data-elementor-id=\"8855\" class=\"elementor elementor-8855\" data-elementor-post-type=\"page\">\n\t\t\t\t\t\t<section class=\"elementor-section elementor-top-section elementor-element elementor-element-5de65ad2 elementor-section-boxed elementor-section-height-default elementor-section-height-default\" data-id=\"5de65ad2\" data-element_type=\"section\" data-e-type=\"section\">\n\t\t\t\t\t\t<div class=\"elementor-container elementor-column-gap-no\">\n\t\t\t\t\t<div class=\"elementor-column elementor-col-66 elementor-top-column elementor-element elementor-element-4b16cfc5\" data-id=\"4b16cfc5\" data-element_type=\"column\" data-e-type=\"column\">\n\t\t\t<div class=\"elementor-widget-wrap elementor-element-populated\">\n\t\t\t\t\t\t<div class=\"elementor-element elementor-element-2ee1948 elementor-widget elementor-widget-weshop_title\" data-id=\"2ee1948\" data-element_type=\"widget\" data-e-type=\"widget\" data-widget_type=\"weshop_title.default\">\n\t\t\t\t<div class=\"elementor-widget-container\">\n\t\t\t\t\t<h2 class=\"eutf-element eutf-title eutf-leader-text\"><span>N\u00eb fastrlink.com, ne respektojm\u00eb privat\u00ebsin\u00eb tuaj dhe jemi t\u00eb p\u00ebrkushtuar t\u00eb mbrojm\u00eb informacionin tuaj personal. Kjo politik\u00eb e privat\u00ebsis\u00eb p\u00ebrshkruan llojet e informacionit q\u00eb mbledhim, si e p\u00ebrdorim at\u00eb dhe si i mbrojm\u00eb t\u00eb dh\u00ebnat tuaja personale.<br><\/span><\/h2>\t\t\t\t<\/div>\n\t\t\t\t<\/div>\n\t\t\t\t<div class=\"elementor-element elementor-element-472d132b elementor-widget elementor-widget-weshop_title\" data-id=\"472d132b\" data-element_type=\"widget\" data-e-type=\"widget\" data-widget_type=\"weshop_title.default\">\n\t\t\t\t<div class=\"elementor-widget-container\">\n\t\t\t\t\t<h3 class=\"eutf-element eutf-title eutf-h6\"><span>Mbledhja e informacionit:<br><\/span><\/h3>\t\t\t\t<\/div>\n\t\t\t\t<\/div>\n\t\t\t\t<div class=\"elementor-element elementor-element-571e987d elementor-widget elementor-widget-text-editor\" data-id=\"571e987d\" data-element_type=\"widget\" data-e-type=\"widget\" data-widget_type=\"text-editor.default\">\n\t\t\t\t<div class=\"elementor-widget-container\">\n\t\t\t\t\t\t\t\t\t<p>Ne mbledhim informacione t\u00eb caktuara nga ju kur p\u00ebrdorni faqen ton\u00eb t\u00eb internetit, t\u00eb tilla si emri, adresa e emailit dhe adresa IP. Ky informacion mund t\u00eb mblidhet p\u00ebrmes formular\u00ebve, anketave ose mjeteve t\u00eb tjera.<\/p>\t\t\t\t\t\t\t\t<\/div>\n\t\t\t\t<\/div>\n\t\t\t\t<div class=\"elementor-element elementor-element-4f3d3db1 elementor-widget elementor-widget-weshop_title\" data-id=\"4f3d3db1\" data-element_type=\"widget\" data-e-type=\"widget\" data-widget_type=\"weshop_title.default\">\n\t\t\t\t<div class=\"elementor-widget-container\">\n\t\t\t\t\t<h3 class=\"eutf-element eutf-title eutf-h6\"><span>P\u00ebrdorimi i informacionit:<br><\/span><\/h3>\t\t\t\t<\/div>\n\t\t\t\t<\/div>\n\t\t\t\t<div class=\"elementor-element elementor-element-7b59117a elementor-widget elementor-widget-text-editor\" data-id=\"7b59117a\" data-element_type=\"widget\" data-e-type=\"widget\" data-widget_type=\"text-editor.default\">\n\t\t\t\t<div class=\"elementor-widget-container\">\n\t\t\t\t\t\t\t\t\t<p>Ne p\u00ebrdorim informacionin q\u00eb mbledhim p\u00ebr t\u00eb ofruar dhe p\u00ebrmir\u00ebsuar sh\u00ebrbimet tona, p\u00ebr t\u00eb komunikuar me ju dhe p\u00ebr t\u00eb personalizuar p\u00ebrvoj\u00ebn tuaj n\u00eb faqen ton\u00eb t\u00eb internetit. Ne gjithashtu mund t\u00eb p\u00ebrdorim informacionin tuaj p\u00ebr t'ju d\u00ebrguar komunikime marketingu n\u00ebse ju na keni dh\u00ebn\u00eb p\u00eblqimin tuaj p\u00ebr ta b\u00ebr\u00eb k\u00ebt\u00eb.<\/p>\t\t\t\t\t\t\t\t<\/div>\n\t\t\t\t<\/div>\n\t\t\t\t<div class=\"elementor-element elementor-element-195b41a3 elementor-widget elementor-widget-weshop_title\" data-id=\"195b41a3\" data-element_type=\"widget\" data-e-type=\"widget\" data-widget_type=\"weshop_title.default\">\n\t\t\t\t<div class=\"elementor-widget-container\">\n\t\t\t\t\t<h3 class=\"eutf-element eutf-title eutf-h6\"><span>Mbrojtja e informacionit:<br><\/span><\/h3>\t\t\t\t<\/div>\n\t\t\t\t<\/div>\n\t\t\t\t<div class=\"elementor-element elementor-element-4969206a elementor-widget elementor-widget-text-editor\" data-id=\"4969206a\" data-element_type=\"widget\" data-e-type=\"widget\" data-widget_type=\"text-editor.default\">\n\t\t\t\t<div class=\"elementor-widget-container\">\n\t\t\t\t\t\t\t\t\t<p>Ne marrim masat e duhura p\u00ebr t\u00eb mbrojtur informacionin tuaj personal nga aksesi, zbulimi, ndryshimi ose shkat\u00ebrrimi i paautorizuar. Ne p\u00ebrdorim server\u00eb t\u00eb sigurt dhe teknologji t\u00eb enkriptimit p\u00ebr t\u00eb mbrojtur t\u00eb dh\u00ebnat tuaja.<\/p>\t\t\t\t\t\t\t\t<\/div>\n\t\t\t\t<\/div>\n\t\t\t\t<div class=\"elementor-element elementor-element-1d4f0674 elementor-widget elementor-widget-weshop_title\" data-id=\"1d4f0674\" data-element_type=\"widget\" data-e-type=\"widget\" data-widget_type=\"weshop_title.default\">\n\t\t\t\t<div class=\"elementor-widget-container\">\n\t\t\t\t\t<h3 class=\"eutf-element eutf-title eutf-h6\"><span>Zbulimi i pal\u00ebve t\u00eb treta:<br><\/span><\/h3>\t\t\t\t<\/div>\n\t\t\t\t<\/div>\n\t\t\t\t<div class=\"elementor-element elementor-element-7a2a9ea1 elementor-widget elementor-widget-text-editor\" data-id=\"7a2a9ea1\" data-element_type=\"widget\" data-e-type=\"widget\" data-widget_type=\"text-editor.default\">\n\t\t\t\t<div class=\"elementor-widget-container\">\n\t\t\t\t\t\t\t\t\t<p>Ne nuk shesim, tregtojm\u00eb ose transferojm\u00eb informacionin tuaj personal te pal\u00ebt e jashtme, p\u00ebrve\u00e7 n\u00ebse ju ofrojm\u00eb njoftim paraprak. Kjo nuk p\u00ebrfshin pal\u00ebt e treta t\u00eb besuara q\u00eb na ndihmojn\u00eb n\u00eb funksionimin e faqes son\u00eb t\u00eb internetit, kryerjen e biznesit ton\u00eb ose sh\u00ebrbimin ndaj jush, p\u00ebr sa koh\u00eb q\u00eb ato pal\u00eb bien dakord t\u00eb mbajn\u00eb informacionin tuaj konfidencial.<\/p>\t\t\t\t\t\t\t\t<\/div>\n\t\t\t\t<\/div>\n\t\t\t\t<div class=\"elementor-element elementor-element-5b2d68ba elementor-widget elementor-widget-weshop_title\" data-id=\"5b2d68ba\" data-element_type=\"widget\" data-e-type=\"widget\" data-widget_type=\"weshop_title.default\">\n\t\t\t\t<div class=\"elementor-widget-container\">\n\t\t\t\t\t<h3 class=\"eutf-element eutf-title eutf-h6\"><span>Cookies dhe gjurmimi:<br><\/span><\/h3>\t\t\t\t<\/div>\n\t\t\t\t<\/div>\n\t\t\t\t<div class=\"elementor-element elementor-element-6ed1a141 elementor-widget elementor-widget-text-editor\" data-id=\"6ed1a141\" data-element_type=\"widget\" data-e-type=\"widget\" data-widget_type=\"text-editor.default\">\n\t\t\t\t<div class=\"elementor-widget-container\">\n\t\t\t\t\t\t\t\t\t<p>Ne p\u00ebrdorim cookies dhe teknologji t\u00eb tjera gjurmimi p\u00ebr t\u00eb p\u00ebrmir\u00ebsuar faqen ton\u00eb t\u00eb internetit dhe p\u00ebr t'ju ofruar nj\u00eb p\u00ebrvoj\u00eb m\u00eb t\u00eb mir\u00eb t\u00eb p\u00ebrdoruesit. Ju mund t\u00eb zgjidhni t\u00eb \u00e7aktivizoni cookies n\u00eb cil\u00ebsimet e shfletuesit tuaj, por kjo mund t\u00eb ndikoj\u00eb n\u00eb aft\u00ebsin\u00eb tuaj p\u00ebr t\u00eb hyr\u00eb n\u00eb pjes\u00eb t\u00eb caktuara t\u00eb faqes son\u00eb t\u00eb internetit.<\/p>\t\t\t\t\t\t\t\t<\/div>\n\t\t\t\t<\/div>\n\t\t\t\t<div class=\"elementor-element elementor-element-16c40b2 elementor-widget elementor-widget-weshop_title\" data-id=\"16c40b2\" data-element_type=\"widget\" data-e-type=\"widget\" data-widget_type=\"weshop_title.default\">\n\t\t\t\t<div class=\"elementor-widget-container\">\n\t\t\t\t\t<h3 class=\"eutf-element eutf-title eutf-h6\"><span>Informacione t\u00eb tjera:<br><\/span><\/h3>\t\t\t\t<\/div>\n\t\t\t\t<\/div>\n\t\t\t\t<div class=\"elementor-element elementor-element-266e09d6 elementor-widget elementor-widget-text-editor\" data-id=\"266e09d6\" data-element_type=\"widget\" data-e-type=\"widget\" data-widget_type=\"text-editor.default\">\n\t\t\t\t<div class=\"elementor-widget-container\">\n\t\t\t\t\t\t\t\t\t<p>Duke p\u00ebrdorur faqen ton\u00eb t\u00eb internetit, ju pranoni politik\u00ebn ton\u00eb t\u00eb privat\u00ebsis\u00eb dhe pranoni kushtet e saj. N\u00ebse keni ndonj\u00eb pyetje ose shqet\u00ebsim n\u00eb lidhje me praktikat tona t\u00eb privat\u00ebsis\u00eb, ju lutemi na kontaktoni.<\/p>\t\t\t\t\t\t\t\t<\/div>\n\t\t\t\t<\/div>\n\t\t\t\t\t<\/div>\n\t\t<\/div>\n\t\t\t\t<div class=\"eutf-sticky-column elementor-column elementor-col-33 elementor-top-column elementor-element elementor-element-15d51f1a\" data-id=\"15d51f1a\" data-element_type=\"column\" data-e-type=\"column\">\n\t\t\t<div class=\"elementor-widget-wrap elementor-element-populated\">\n\t\t\t\t\t\t<section class=\"elementor-section elementor-inner-section elementor-element elementor-element-2fcbbd01 elementor-section-boxed elementor-section-height-default elementor-section-height-default\" data-id=\"2fcbbd01\" data-element_type=\"section\" data-e-type=\"section\">\n\t\t\t\t\t\t<div class=\"elementor-container elementor-column-gap-no\">\n\t\t\t\t\t<div class=\"elementor-column elementor-col-100 elementor-inner-column elementor-element elementor-element-58b60903\" data-id=\"58b60903\" data-element_type=\"column\" data-e-type=\"column\">\n\t\t\t<div class=\"elementor-widget-wrap elementor-element-populated\">\n\t\t\t\t\t\t<div class=\"elementor-element elementor-element-2a0fbd09 elementor-widget elementor-widget-weshop_title\" data-id=\"2a0fbd09\" data-element_type=\"widget\" data-e-type=\"widget\" data-widget_type=\"weshop_title.default\">\n\t\t\t\t<div class=\"elementor-widget-container\">\n\t\t\t\t\t<h3 class=\"eutf-element eutf-title eutf-h6\"><span>Keni m\u00eb shum\u00eb pyetje?<\/span><\/h3>\t\t\t\t<\/div>\n\t\t\t\t<\/div>\n\t\t\t\t<div class=\"elementor-element elementor-element-4c4a1e25 elementor-widget elementor-widget-text-editor\" data-id=\"4c4a1e25\" data-element_type=\"widget\" data-e-type=\"widget\" data-widget_type=\"text-editor.default\">\n\t\t\t\t<div class=\"elementor-widget-container\">\n\t\t\t\t\t\t\t\t\t<p>N\u00ebse keni ndonj\u00eb pyetje ose shqet\u00ebsim n\u00eb lidhje me politik\u00ebn ton\u00eb t\u00eb transportit, ju lutemi mos hezitoni t\u00eb kontaktoni ekipin ton\u00eb t\u00eb sh\u00ebrbimit t\u00eb klientit. <br \/><strong>Ne jemi gjithmon\u00eb t\u00eb lumtur t\u00eb ndihmojm\u00eb!<\/strong><\/p>\t\t\t\t\t\t\t\t<\/div>\n\t\t\t\t<\/div>\n\t\t\t\t<div class=\"elementor-element elementor-element-1e4784d3 elementor-widget elementor-widget-weshop_button\" data-id=\"1e4784d3\" data-element_type=\"widget\" data-e-type=\"widget\" data-widget_type=\"weshop_button.default\">\n\t\t\t\t<div class=\"elementor-widget-container\">\n\t\t\t\t\t<div class=\"eutf-element\"><a href=\"https:\/\/fastrlink.com\/sq\/contact\/\" class=\"eutf-btn eutf-square eutf-bg-primary-1 eutf-border-primary-1 eutf-bg-hover-black eutf-border-hover-black eutf-text-white eutf-text-hover-white eutf-btn-medium\">\r\n\t\t<span>Kontaktoni<\/span>\r\n\t\t\t\t\t\t\t<\/a><\/div>\t\t\t\t<\/div>\n\t\t\t\t<\/div>\n\t\t\t\t\t<\/div>\n\t\t<\/div>\n\t\t\t\t\t<\/div>\n\t\t<\/section>\n\t\t\t\t\t<\/div>\n\t\t<\/div>\n\t\t\t\t\t<\/div>\n\t\t<\/section>\n\t\t\t\t<\/div>","protected":false},"excerpt":{"rendered":"<p>At fastrlink.com, we respect your privacy and are committed to protecting your personal information. This privacy policy outlines the types of information we collect, how we use it, and how we protect your personal data. Information Collection: We collect certain information from you when you use our website, such as your name, email address, and [&hellip;]<\/p>","protected":false},"author":1,"featured_media":0,"parent":0,"menu_order":0,"comment_status":"closed","ping_status":"open","template":"","meta":{"content-type":"","footnotes":""},"class_list":["post-8855","page","type-page","status-publish","hentry","eutf-entry-item"],"yoast_head":"<!-- This site is optimized with the Yoast SEO Premium plugin v23.9 (Yoast SEO v23.9) - https:\/\/yoast.com\/wordpress\/plugins\/seo\/ -->\n<title>Privacy Policy - Fastrlink.com<\/title>\n<meta name=\"robots\" content=\"index, follow, max-snippet:-1, max-image-preview:large, max-video-preview:-1\" \/>\n<link rel=\"canonical\" href=\"https:\/\/fastrlink.com\/sq\/privacy-policy-2\/\" \/>\n<meta property=\"og:locale\" content=\"sq_AL\" \/>\n<meta property=\"og:type\" content=\"article\" \/>\n<meta property=\"og:title\" content=\"Privacy Policy\" \/>\n<meta property=\"og:description\" content=\"At fastrlink.com, we respect your privacy and are committed to protecting your personal information. This privacy policy outlines the types of information we collect, how we use it, and how we protect your personal data. Information Collection: We collect certain information from you when you use our website, such as your name, email address, and [&hellip;]\" \/>\n<meta property=\"og:url\" content=\"https:\/\/fastrlink.com\/sq\/privacy-policy-2\/\" \/>\n<meta property=\"og:site_name\" content=\"Fastrlink.com\" \/>\n<meta property=\"article:publisher\" content=\"https:\/\/facebook.com\/fastrlink\" \/>\n<meta property=\"article:modified_time\" content=\"2024-12-11T17:04:21+00:00\" \/>\n<meta name=\"twitter:card\" content=\"summary_large_image\" \/>\n<meta name=\"twitter:label1\" content=\"Est. reading time\" \/>\n\t<meta name=\"twitter:data1\" content=\"2 minuta\" \/>\n<script type=\"application\/ld+json\" class=\"yoast-schema-graph\">{\"@context\":\"https:\/\/schema.org\",\"@graph\":[{\"@type\":\"WebPage\",\"@id\":\"https:\/\/fastrlink.com\/privacy-policy-2\/\",\"url\":\"https:\/\/fastrlink.com\/privacy-policy-2\/\",\"name\":\"Privacy Policy - Fastrlink.com\",\"isPartOf\":{\"@id\":\"https:\/\/fastrlink.com\/#website\"},\"datePublished\":\"2021-08-09T11:24:21+00:00\",\"dateModified\":\"2024-12-11T17:04:21+00:00\",\"breadcrumb\":{\"@id\":\"https:\/\/fastrlink.com\/privacy-policy-2\/#breadcrumb\"},\"inLanguage\":\"sq\",\"potentialAction\":[{\"@type\":\"ReadAction\",\"target\":[\"https:\/\/fastrlink.com\/privacy-policy-2\/\"]}]},{\"@type\":\"BreadcrumbList\",\"@id\":\"https:\/\/fastrlink.com\/privacy-policy-2\/#breadcrumb\",\"itemListElement\":[{\"@type\":\"ListItem\",\"position\":1,\"name\":\"Home\",\"item\":\"https:\/\/fastrlink.com\/\"},{\"@type\":\"ListItem\",\"position\":2,\"name\":\"Privacy Policy\"}]},{\"@type\":\"WebSite\",\"@id\":\"https:\/\/fastrlink.com\/#website\",\"url\":\"https:\/\/fastrlink.com\/\",\"name\":\"Fastrlink.com\",\"description\":\"Digital Business Cards\",\"publisher\":{\"@id\":\"https:\/\/fastrlink.com\/#organization\"},\"potentialAction\":[{\"@type\":\"SearchAction\",\"target\":{\"@type\":\"EntryPoint\",\"urlTemplate\":\"https:\/\/fastrlink.com\/?s={search_term_string}\"},\"query-input\":{\"@type\":\"PropertyValueSpecification\",\"valueRequired\":true,\"valueName\":\"search_term_string\"}}],\"inLanguage\":\"sq\"},{\"@type\":\"Organization\",\"@id\":\"https:\/\/fastrlink.com\/#organization\",\"name\":\"Fastrlink.com\",\"url\":\"https:\/\/fastrlink.com\/\",\"logo\":{\"@type\":\"ImageObject\",\"inLanguage\":\"sq\",\"@id\":\"https:\/\/fastrlink.com\/#\/schema\/logo\/image\/\",\"url\":\"https:\/\/fastrlink.com\/wp-content\/uploads\/2024\/12\/responsive_logo.svg\",\"contentUrl\":\"https:\/\/fastrlink.com\/wp-content\/uploads\/2024\/12\/responsive_logo.svg\",\"width\":105,\"height\":14,\"caption\":\"Fastrlink.com\"},\"image\":{\"@id\":\"https:\/\/fastrlink.com\/#\/schema\/logo\/image\/\"},\"sameAs\":[\"https:\/\/facebook.com\/fastrlink\",\"https:\/\/instagram.com\/fastrlink\"]}]}<\/script>\n<!-- \/ Yoast SEO Premium plugin. -->","yoast_head_json":{"title":"Privacy Policy - Fastrlink.com","robots":{"index":"index","follow":"follow","max-snippet":"max-snippet:-1","max-image-preview":"max-image-preview:large","max-video-preview":"max-video-preview:-1"},"canonical":"https:\/\/fastrlink.com\/sq\/privacy-policy-2\/","og_locale":"sq_AL","og_type":"article","og_title":"Privacy Policy","og_description":"At fastrlink.com, we respect your privacy and are committed to protecting your personal information. This privacy policy outlines the types of information we collect, how we use it, and how we protect your personal data. Information Collection: We collect certain information from you when you use our website, such as your name, email address, and [&hellip;]","og_url":"https:\/\/fastrlink.com\/sq\/privacy-policy-2\/","og_site_name":"Fastrlink.com","article_publisher":"https:\/\/facebook.com\/fastrlink","article_modified_time":"2024-12-11T17:04:21+00:00","twitter_card":"summary_large_image","twitter_misc":{"Est. reading time":"2 minuta"},"schema":{"@context":"https:\/\/schema.org","@graph":[{"@type":"WebPage","@id":"https:\/\/fastrlink.com\/privacy-policy-2\/","url":"https:\/\/fastrlink.com\/privacy-policy-2\/","name":"Privacy Policy - Fastrlink.com","isPartOf":{"@id":"https:\/\/fastrlink.com\/#website"},"datePublished":"2021-08-09T11:24:21+00:00","dateModified":"2024-12-11T17:04:21+00:00","breadcrumb":{"@id":"https:\/\/fastrlink.com\/privacy-policy-2\/#breadcrumb"},"inLanguage":"sq","potentialAction":[{"@type":"ReadAction","target":["https:\/\/fastrlink.com\/privacy-policy-2\/"]}]},{"@type":"BreadcrumbList","@id":"https:\/\/fastrlink.com\/privacy-policy-2\/#breadcrumb","itemListElement":[{"@type":"ListItem","position":1,"name":"Home","item":"https:\/\/fastrlink.com\/"},{"@type":"ListItem","position":2,"name":"Privacy Policy"}]},{"@type":"WebSite","@id":"https:\/\/fastrlink.com\/#website","url":"https:\/\/fastrlink.com\/","name":"Fastrlink.com","description":"Digital Business Cards","publisher":{"@id":"https:\/\/fastrlink.com\/#organization"},"potentialAction":[{"@type":"SearchAction","target":{"@type":"EntryPoint","urlTemplate":"https:\/\/fastrlink.com\/?s={search_term_string}"},"query-input":{"@type":"PropertyValueSpecification","valueRequired":true,"valueName":"search_term_string"}}],"inLanguage":"sq"},{"@type":"Organization","@id":"https:\/\/fastrlink.com\/#organization","name":"Fastrlink.com","url":"https:\/\/fastrlink.com\/","logo":{"@type":"ImageObject","inLanguage":"sq","@id":"https:\/\/fastrlink.com\/#\/schema\/logo\/image\/","url":"https:\/\/fastrlink.com\/wp-content\/uploads\/2024\/12\/responsive_logo.svg","contentUrl":"https:\/\/fastrlink.com\/wp-content\/uploads\/2024\/12\/responsive_logo.svg","width":105,"height":14,"caption":"Fastrlink.com"},"image":{"@id":"https:\/\/fastrlink.com\/#\/schema\/logo\/image\/"},"sameAs":["https:\/\/facebook.com\/fastrlink","https:\/\/instagram.com\/fastrlink"]}]}},"_links":{"self":[{"href":"https:\/\/fastrlink.com\/sq\/wp-json\/wp\/v2\/pages\/8855","targetHints":{"allow":["GET"]}}],"collection":[{"href":"https:\/\/fastrlink.com\/sq\/wp-json\/wp\/v2\/pages"}],"about":[{"href":"https:\/\/fastrlink.com\/sq\/wp-json\/wp\/v2\/types\/page"}],"author":[{"embeddable":true,"href":"https:\/\/fastrlink.com\/sq\/wp-json\/wp\/v2\/users\/1"}],"replies":[{"embeddable":true,"href":"https:\/\/fastrlink.com\/sq\/wp-json\/wp\/v2\/comments?post=8855"}],"version-history":[{"count":6,"href":"https:\/\/fastrlink.com\/sq\/wp-json\/wp\/v2\/pages\/8855\/revisions"}],"predecessor-version":[{"id":10067,"href":"https:\/\/fastrlink.com\/sq\/wp-json\/wp\/v2\/pages\/8855\/revisions\/10067"}],"wp:attachment":[{"href":"https:\/\/fastrlink.com\/sq\/wp-json\/wp\/v2\/media?parent=8855"}],"curies":[{"name":"wp","href":"https:\/\/api.w.org\/{rel}","templated":true}]}}