{"id":8121,"date":"2023-04-02T08:14:25","date_gmt":"2023-04-02T08:14:25","guid":{"rendered":"https:\/\/fastr.us\/terms-conditions\/"},"modified":"2024-12-11T17:03:51","modified_gmt":"2024-12-11T17:03:51","slug":"terms-conditions","status":"publish","type":"page","link":"https:\/\/fastrlink.com\/sq\/terms-conditions\/","title":{"rendered":"Kushtet e p\u00ebrdorimit"},"content":{"rendered":"<div data-elementor-type=\"wp-page\" data-elementor-id=\"8121\" class=\"elementor elementor-8121\" data-elementor-post-type=\"page\">\n\t\t\t\t\t\t<section class=\"elementor-section elementor-top-section elementor-element elementor-element-41bb484e elementor-section-boxed elementor-section-height-default elementor-section-height-default\" data-id=\"41bb484e\" data-element_type=\"section\" data-e-type=\"section\">\n\t\t\t\t\t\t<div class=\"elementor-container elementor-column-gap-no\">\n\t\t\t\t\t<div class=\"elementor-column elementor-col-66 elementor-top-column elementor-element elementor-element-45e76c43\" data-id=\"45e76c43\" data-element_type=\"column\" data-e-type=\"column\">\n\t\t\t<div class=\"elementor-widget-wrap elementor-element-populated\">\n\t\t\t\t\t\t<div class=\"elementor-element elementor-element-220a6182 elementor-widget elementor-widget-weshop_title\" data-id=\"220a6182\" data-element_type=\"widget\" data-e-type=\"widget\" data-widget_type=\"weshop_title.default\">\n\t\t\t\t<div class=\"elementor-widget-container\">\n\t\t\t\t\t<h2 class=\"eutf-element eutf-title eutf-leader-text\"><span>Mir\u00eb se vini n\u00eb Fastrlink! Duke hyr\u00eb dhe duke p\u00ebrdorur faqen ton\u00eb t\u00eb internetit, ju pranoni t\u00eb pajtoheni me termat dhe kushtet e p\u00ebrshkruara m\u00eb posht\u00eb.<br><\/span><\/h2>\t\t\t\t<\/div>\n\t\t\t\t<\/div>\n\t\t\t\t<div class=\"elementor-element elementor-element-7ace7057 elementor-widget elementor-widget-weshop_title\" data-id=\"7ace7057\" data-element_type=\"widget\" data-e-type=\"widget\" data-widget_type=\"weshop_title.default\">\n\t\t\t\t<div class=\"elementor-widget-container\">\n\t\t\t\t\t<h3 class=\"eutf-element eutf-title eutf-h6\"><span>P\u00ebrmbajtja e faqes n\u00eb internet:<br><\/span><\/h3>\t\t\t\t<\/div>\n\t\t\t\t<\/div>\n\t\t\t\t<div class=\"elementor-element elementor-element-6237c79e elementor-widget elementor-widget-text-editor\" data-id=\"6237c79e\" data-element_type=\"widget\" data-e-type=\"widget\" data-widget_type=\"text-editor.default\">\n\t\t\t\t<div class=\"elementor-widget-container\">\n\t\t\t\t\t\t\t\t\t<p>E gjith\u00eb p\u00ebrmbajtja n\u00eb faqen ton\u00eb t\u00eb internetit, duke p\u00ebrfshir\u00eb tekstin, imazhet dhe grafika, \u00ebsht\u00eb pron\u00eb e Fastrlink.com ose licencuesve t\u00eb saj dhe mbrohet nga ligjet e t\u00eb drejtave t\u00eb autorit. Ju nuk mund t\u00eb p\u00ebrdorni ose riprodhoni p\u00ebrmbajtjen ton\u00eb pa lejen ton\u00eb.<\/p>\t\t\t\t\t\t\t\t<\/div>\n\t\t\t\t<\/div>\n\t\t\t\t<div class=\"elementor-element elementor-element-4353cdeb elementor-widget elementor-widget-weshop_title\" data-id=\"4353cdeb\" data-element_type=\"widget\" data-e-type=\"widget\" data-widget_type=\"weshop_title.default\">\n\t\t\t\t<div class=\"elementor-widget-container\">\n\t\t\t\t\t<h3 class=\"eutf-element eutf-title eutf-h6\"><span>P\u00ebrdorimi i faqes n\u00eb internet:<br><\/span><\/h3>\t\t\t\t<\/div>\n\t\t\t\t<\/div>\n\t\t\t\t<div class=\"elementor-element elementor-element-1b220b58 elementor-widget elementor-widget-text-editor\" data-id=\"1b220b58\" data-element_type=\"widget\" data-e-type=\"widget\" data-widget_type=\"text-editor.default\">\n\t\t\t\t<div class=\"elementor-widget-container\">\n\t\t\t\t\t\t\t\t\t<p>Ju mund t\u00eb p\u00ebrdorni faqen ton\u00eb t\u00eb internetit p\u00ebr q\u00ebllime personale ose jokomerciale, me kusht q\u00eb t\u00eb mos shkelni asnj\u00eb ligj ose t\u00eb shkelni t\u00eb drejtat e t\u00eb tjer\u00ebve. Ne rezervojm\u00eb t\u00eb drejt\u00ebn p\u00ebr t\u00eb nd\u00ebrprer\u00eb aksesin tuaj n\u00eb faqen ton\u00eb t\u00eb internetit n\u00eb \u00e7do koh\u00eb dhe p\u00ebr \u00e7far\u00ebdo arsye.<\/p>\t\t\t\t\t\t\t\t<\/div>\n\t\t\t\t<\/div>\n\t\t\t\t<div class=\"elementor-element elementor-element-1c847fbc elementor-widget elementor-widget-weshop_title\" data-id=\"1c847fbc\" data-element_type=\"widget\" data-e-type=\"widget\" data-widget_type=\"weshop_title.default\">\n\t\t\t\t<div class=\"elementor-widget-container\">\n\t\t\t\t\t<h3 class=\"eutf-element eutf-title eutf-h6\"><span>Lidhjet e pal\u00ebve t\u00eb treta:<br><\/span><\/h3>\t\t\t\t<\/div>\n\t\t\t\t<\/div>\n\t\t\t\t<div class=\"elementor-element elementor-element-48e547e0 elementor-widget elementor-widget-text-editor\" data-id=\"48e547e0\" data-element_type=\"widget\" data-e-type=\"widget\" data-widget_type=\"text-editor.default\">\n\t\t\t\t<div class=\"elementor-widget-container\">\n\t\t\t\t\t\t\t\t\t<p>Faqja jon\u00eb e internetit mund t\u00eb p\u00ebrmbaj\u00eb lidhje me faqet e internetit t\u00eb pal\u00ebve t\u00eb treta q\u00eb nuk zot\u00ebrohen ose kontrollohen nga Fastrlink.com. Ne nuk jemi p\u00ebrgjegj\u00ebs p\u00ebr p\u00ebrmbajtjen ose praktikat e privat\u00ebsis\u00eb s\u00eb k\u00ebtyre faqeve t\u00eb internetit dhe ju inkurajojm\u00eb t\u00eb rishikoni politikat e tyre p\u00ebrpara se t'i p\u00ebrdorni.<\/p>\t\t\t\t\t\t\t\t<\/div>\n\t\t\t\t<\/div>\n\t\t\t\t<div class=\"elementor-element elementor-element-4bcf2738 elementor-widget elementor-widget-weshop_title\" data-id=\"4bcf2738\" data-element_type=\"widget\" data-e-type=\"widget\" data-widget_type=\"weshop_title.default\">\n\t\t\t\t<div class=\"elementor-widget-container\">\n\t\t\t\t\t<h3 class=\"eutf-element eutf-title eutf-h6\"><span>Kufizimi i p\u00ebrgjegj\u00ebsis\u00eb:<br><\/span><\/h3>\t\t\t\t<\/div>\n\t\t\t\t<\/div>\n\t\t\t\t<div class=\"elementor-element elementor-element-796469b8 elementor-widget elementor-widget-text-editor\" data-id=\"796469b8\" data-element_type=\"widget\" data-e-type=\"widget\" data-widget_type=\"text-editor.default\">\n\t\t\t\t<div class=\"elementor-widget-container\">\n\t\t\t\t\t\t\t\t\t<p>Fastrlink.com nuk \u00ebsht\u00eb p\u00ebrgjegj\u00ebs p\u00ebr asnj\u00eb d\u00ebmtim, duke p\u00ebrfshir\u00eb por pa u kufizuar n\u00eb d\u00ebme t\u00eb drejtp\u00ebrdrejta, t\u00eb t\u00ebrthorta, t\u00eb rast\u00ebsishme ose pasuese, q\u00eb rrjedhin nga p\u00ebrdorimi juaj i faqes son\u00eb t\u00eb internetit ose nga pamund\u00ebsia p\u00ebr t\u00eb hyr\u00eb n\u00eb faqen ton\u00eb t\u00eb internetit.<\/p>\t\t\t\t\t\t\t\t<\/div>\n\t\t\t\t<\/div>\n\t\t\t\t<div class=\"elementor-element elementor-element-3ec6263e elementor-widget elementor-widget-weshop_title\" data-id=\"3ec6263e\" data-element_type=\"widget\" data-e-type=\"widget\" data-widget_type=\"weshop_title.default\">\n\t\t\t\t<div class=\"elementor-widget-container\">\n\t\t\t\t\t<h3 class=\"eutf-element eutf-title eutf-h6\"><span>D\u00ebmshp\u00ebrblimi:<br><\/span><\/h3>\t\t\t\t<\/div>\n\t\t\t\t<\/div>\n\t\t\t\t<div class=\"elementor-element elementor-element-2a8a2037 elementor-widget elementor-widget-text-editor\" data-id=\"2a8a2037\" data-element_type=\"widget\" data-e-type=\"widget\" data-widget_type=\"text-editor.default\">\n\t\t\t\t<div class=\"elementor-widget-container\">\n\t\t\t\t\t\t\t\t\t<p>Ju pranoni t\u00eb d\u00ebmshp\u00ebrbleni dhe mbani Fastrlink.com dhe bashk\u00ebpun\u00ebtor\u00ebt, oficer\u00ebt, agjent\u00ebt dhe punonj\u00ebsit e tij t\u00eb pad\u00ebmsh\u00ebm nga \u00e7do pretendim, d\u00ebmtim ose shpenzim q\u00eb rrjedh nga p\u00ebrdorimi juaj i faqes son\u00eb t\u00eb internetit ose shkelja e k\u00ebtyre termave dhe kushteve.<\/p>\t\t\t\t\t\t\t\t<\/div>\n\t\t\t\t<\/div>\n\t\t\t\t<div class=\"elementor-element elementor-element-1f3c137 elementor-widget elementor-widget-weshop_title\" data-id=\"1f3c137\" data-element_type=\"widget\" data-e-type=\"widget\" data-widget_type=\"weshop_title.default\">\n\t\t\t\t<div class=\"elementor-widget-container\">\n\t\t\t\t\t<h3 class=\"eutf-element eutf-title eutf-h6\"><span>Ligji n\u00eb fuqi:<br><\/span><\/h3>\t\t\t\t<\/div>\n\t\t\t\t<\/div>\n\t\t\t\t<div class=\"elementor-element elementor-element-77699778 elementor-widget elementor-widget-text-editor\" data-id=\"77699778\" data-element_type=\"widget\" data-e-type=\"widget\" data-widget_type=\"text-editor.default\">\n\t\t\t\t<div class=\"elementor-widget-container\">\n\t\t\t\t\t\t\t\t\t<p>K\u00ebto terma dhe kushte rregullohen dhe interpretohen n\u00eb p\u00ebrputhje me ligjet e Kosov\u00ebs. \u00c7do mosmarr\u00ebveshje q\u00eb lind nga p\u00ebrdorimi juaj i faqes son\u00eb t\u00eb internetit do t\u00eb zgjidhet n\u00eb gjykatat e Kosov\u00ebs.<\/p>\t\t\t\t\t\t\t\t<\/div>\n\t\t\t\t<\/div>\n\t\t\t\t<div class=\"elementor-element elementor-element-a43061d elementor-widget elementor-widget-weshop_title\" data-id=\"a43061d\" data-element_type=\"widget\" data-e-type=\"widget\" data-widget_type=\"weshop_title.default\">\n\t\t\t\t<div class=\"elementor-widget-container\">\n\t\t\t\t\t<h3 class=\"eutf-element eutf-title eutf-h6\"><span>Ndryshimet n\u00eb Termat dhe Kushtet:<br><\/span><\/h3>\t\t\t\t<\/div>\n\t\t\t\t<\/div>\n\t\t\t\t<div class=\"elementor-element elementor-element-716afe7d elementor-widget elementor-widget-text-editor\" data-id=\"716afe7d\" data-element_type=\"widget\" data-e-type=\"widget\" data-widget_type=\"text-editor.default\">\n\t\t\t\t<div class=\"elementor-widget-container\">\n\t\t\t\t\t\t\t\t\t<p>Ne rezervojm\u00eb t\u00eb drejt\u00ebn p\u00ebr t\u00eb p\u00ebrdit\u00ebsuar ose modifikuar k\u00ebto terma dhe kushte n\u00eb \u00e7do koh\u00eb pa njoftim paraprak. P\u00ebrdorimi i vazhduesh\u00ebm i faqes son\u00eb t\u00eb internetit pas \u00e7do ndryshimi ose modifikimi n\u00ebnkupton pranimin tuaj t\u00eb termave dhe kushteve t\u00eb p\u00ebrdit\u00ebsuara.<\/p>\t\t\t\t\t\t\t\t<\/div>\n\t\t\t\t<\/div>\n\t\t\t\t<div class=\"elementor-element elementor-element-2c77b0dd elementor-widget elementor-widget-text-editor\" data-id=\"2c77b0dd\" data-element_type=\"widget\" data-e-type=\"widget\" data-widget_type=\"text-editor.default\">\n\t\t\t\t<div class=\"elementor-widget-container\">\n\t\t\t\t\t\t\t\t\t<p>N\u00ebse keni ndonj\u00eb pyetje ose shqet\u00ebsim n\u00eb lidhje me termat dhe kushtet tona, ju lutemi <span style=\"text-decoration: underline;\"><a href=\"https:\/\/fastrlink.com\/sq\/contact\/\">na kontaktoni<\/a><\/span>.<\/p>\t\t\t\t\t\t\t\t<\/div>\n\t\t\t\t<\/div>\n\t\t\t\t\t<\/div>\n\t\t<\/div>\n\t\t\t\t<div class=\"eutf-sticky-column elementor-column elementor-col-33 elementor-top-column elementor-element elementor-element-114bf333\" data-id=\"114bf333\" data-element_type=\"column\" data-e-type=\"column\">\n\t\t\t<div class=\"elementor-widget-wrap elementor-element-populated\">\n\t\t\t\t\t\t<section class=\"elementor-section elementor-inner-section elementor-element elementor-element-2c59ad5f elementor-section-boxed elementor-section-height-default elementor-section-height-default\" data-id=\"2c59ad5f\" data-element_type=\"section\" data-e-type=\"section\">\n\t\t\t\t\t\t<div class=\"elementor-container elementor-column-gap-no\">\n\t\t\t\t\t<div class=\"elementor-column elementor-col-100 elementor-inner-column elementor-element elementor-element-395203b8\" data-id=\"395203b8\" data-element_type=\"column\" data-e-type=\"column\">\n\t\t\t<div class=\"elementor-widget-wrap elementor-element-populated\">\n\t\t\t\t\t\t<div class=\"elementor-element elementor-element-5492d127 elementor-widget elementor-widget-weshop_title\" data-id=\"5492d127\" data-element_type=\"widget\" data-e-type=\"widget\" data-widget_type=\"weshop_title.default\">\n\t\t\t\t<div class=\"elementor-widget-container\">\n\t\t\t\t\t<h3 class=\"eutf-element eutf-title eutf-h6\"><span>Keni m\u00eb shum\u00eb pyetje?<\/span><\/h3>\t\t\t\t<\/div>\n\t\t\t\t<\/div>\n\t\t\t\t<div class=\"elementor-element elementor-element-20a05a23 elementor-widget elementor-widget-text-editor\" data-id=\"20a05a23\" data-element_type=\"widget\" data-e-type=\"widget\" data-widget_type=\"text-editor.default\">\n\t\t\t\t<div class=\"elementor-widget-container\">\n\t\t\t\t\t\t\t\t\t<p>N\u00ebse keni ndonj\u00eb pyetje ose shqet\u00ebsim n\u00eb lidhje me politik\u00ebn ton\u00eb t\u00eb transportit, ju lutemi mos hezitoni t\u00eb kontaktoni ekipin ton\u00eb t\u00eb sh\u00ebrbimit t\u00eb klientit. <br \/><strong>Ne jemi gjithmon\u00eb t\u00eb lumtur t\u00eb ndihmojm\u00eb!<\/strong><\/p>\t\t\t\t\t\t\t\t<\/div>\n\t\t\t\t<\/div>\n\t\t\t\t<div class=\"elementor-element elementor-element-1fc39bc6 elementor-widget elementor-widget-weshop_button\" data-id=\"1fc39bc6\" data-element_type=\"widget\" data-e-type=\"widget\" data-widget_type=\"weshop_button.default\">\n\t\t\t\t<div class=\"elementor-widget-container\">\n\t\t\t\t\t<div class=\"eutf-element\"><a href=\"https:\/\/fastrlink.com\/sq\/contact\/\" class=\"eutf-btn eutf-square eutf-bg-primary-1 eutf-border-primary-1 eutf-bg-hover-black eutf-border-hover-black eutf-text-white eutf-text-hover-white eutf-btn-medium\">\r\n\t\t<span>Kontaktoni<\/span>\r\n\t\t\t\t\t\t\t<\/a><\/div>\t\t\t\t<\/div>\n\t\t\t\t<\/div>\n\t\t\t\t\t<\/div>\n\t\t<\/div>\n\t\t\t\t\t<\/div>\n\t\t<\/section>\n\t\t\t\t\t<\/div>\n\t\t<\/div>\n\t\t\t\t\t<\/div>\n\t\t<\/section>\n\t\t\t\t<\/div>","protected":false},"excerpt":{"rendered":"<p>Welcome to Fastrlink! By accessing and using our website, you agree to comply with the terms and conditions outlined below. Website Content: All content on our website, including text, images, and graphics, is the property of Fastrlink.com or its licensors and is protected by copyright laws. You may not use or reproduce our content without [&hellip;]<\/p>","protected":false},"author":1,"featured_media":0,"parent":0,"menu_order":0,"comment_status":"closed","ping_status":"closed","template":"","meta":{"content-type":"","footnotes":""},"class_list":["post-8121","page","type-page","status-publish","hentry","eutf-entry-item"],"yoast_head":"<!-- This site is optimized with the Yoast SEO Premium plugin v23.9 (Yoast SEO v23.9) - https:\/\/yoast.com\/wordpress\/plugins\/seo\/ -->\n<title>Terms &amp; Conditions - Fastrlink.com<\/title>\n<meta name=\"robots\" content=\"index, follow, max-snippet:-1, max-image-preview:large, max-video-preview:-1\" \/>\n<link rel=\"canonical\" href=\"https:\/\/fastrlink.com\/sq\/terms-conditions\/\" \/>\n<meta property=\"og:locale\" content=\"sq_AL\" \/>\n<meta property=\"og:type\" content=\"article\" \/>\n<meta property=\"og:title\" content=\"Terms &amp; Conditions\" \/>\n<meta property=\"og:description\" content=\"Welcome to Fastrlink! By accessing and using our website, you agree to comply with the terms and conditions outlined below. Website Content: All content on our website, including text, images, and graphics, is the property of Fastrlink.com or its licensors and is protected by copyright laws. You may not use or reproduce our content without [&hellip;]\" \/>\n<meta property=\"og:url\" content=\"https:\/\/fastrlink.com\/sq\/terms-conditions\/\" \/>\n<meta property=\"og:site_name\" content=\"Fastrlink.com\" \/>\n<meta property=\"article:publisher\" content=\"https:\/\/facebook.com\/fastrlink\" \/>\n<meta property=\"article:modified_time\" content=\"2024-12-11T17:03:51+00:00\" \/>\n<meta name=\"twitter:card\" content=\"summary_large_image\" \/>\n<meta name=\"twitter:label1\" content=\"Est. reading time\" \/>\n\t<meta name=\"twitter:data1\" content=\"2 minuta\" \/>\n<script type=\"application\/ld+json\" class=\"yoast-schema-graph\">{\"@context\":\"https:\/\/schema.org\",\"@graph\":[{\"@type\":\"WebPage\",\"@id\":\"https:\/\/fastrlink.com\/terms-conditions\/\",\"url\":\"https:\/\/fastrlink.com\/terms-conditions\/\",\"name\":\"Terms & Conditions - Fastrlink.com\",\"isPartOf\":{\"@id\":\"https:\/\/fastrlink.com\/#website\"},\"datePublished\":\"2023-04-02T08:14:25+00:00\",\"dateModified\":\"2024-12-11T17:03:51+00:00\",\"breadcrumb\":{\"@id\":\"https:\/\/fastrlink.com\/terms-conditions\/#breadcrumb\"},\"inLanguage\":\"sq\",\"potentialAction\":[{\"@type\":\"ReadAction\",\"target\":[\"https:\/\/fastrlink.com\/terms-conditions\/\"]}]},{\"@type\":\"BreadcrumbList\",\"@id\":\"https:\/\/fastrlink.com\/terms-conditions\/#breadcrumb\",\"itemListElement\":[{\"@type\":\"ListItem\",\"position\":1,\"name\":\"Home\",\"item\":\"https:\/\/fastrlink.com\/\"},{\"@type\":\"ListItem\",\"position\":2,\"name\":\"Terms &#038; Conditions\"}]},{\"@type\":\"WebSite\",\"@id\":\"https:\/\/fastrlink.com\/#website\",\"url\":\"https:\/\/fastrlink.com\/\",\"name\":\"Fastrlink.com\",\"description\":\"Digital Business Cards\",\"publisher\":{\"@id\":\"https:\/\/fastrlink.com\/#organization\"},\"potentialAction\":[{\"@type\":\"SearchAction\",\"target\":{\"@type\":\"EntryPoint\",\"urlTemplate\":\"https:\/\/fastrlink.com\/?s={search_term_string}\"},\"query-input\":{\"@type\":\"PropertyValueSpecification\",\"valueRequired\":true,\"valueName\":\"search_term_string\"}}],\"inLanguage\":\"sq\"},{\"@type\":\"Organization\",\"@id\":\"https:\/\/fastrlink.com\/#organization\",\"name\":\"Fastrlink.com\",\"url\":\"https:\/\/fastrlink.com\/\",\"logo\":{\"@type\":\"ImageObject\",\"inLanguage\":\"sq\",\"@id\":\"https:\/\/fastrlink.com\/#\/schema\/logo\/image\/\",\"url\":\"https:\/\/fastrlink.com\/wp-content\/uploads\/2024\/12\/responsive_logo.svg\",\"contentUrl\":\"https:\/\/fastrlink.com\/wp-content\/uploads\/2024\/12\/responsive_logo.svg\",\"width\":105,\"height\":14,\"caption\":\"Fastrlink.com\"},\"image\":{\"@id\":\"https:\/\/fastrlink.com\/#\/schema\/logo\/image\/\"},\"sameAs\":[\"https:\/\/facebook.com\/fastrlink\",\"https:\/\/instagram.com\/fastrlink\"]}]}<\/script>\n<!-- \/ Yoast SEO Premium plugin. -->","yoast_head_json":{"title":"Terms & Conditions - Fastrlink.com","robots":{"index":"index","follow":"follow","max-snippet":"max-snippet:-1","max-image-preview":"max-image-preview:large","max-video-preview":"max-video-preview:-1"},"canonical":"https:\/\/fastrlink.com\/sq\/terms-conditions\/","og_locale":"sq_AL","og_type":"article","og_title":"Terms & Conditions","og_description":"Welcome to Fastrlink! By accessing and using our website, you agree to comply with the terms and conditions outlined below. Website Content: All content on our website, including text, images, and graphics, is the property of Fastrlink.com or its licensors and is protected by copyright laws. You may not use or reproduce our content without [&hellip;]","og_url":"https:\/\/fastrlink.com\/sq\/terms-conditions\/","og_site_name":"Fastrlink.com","article_publisher":"https:\/\/facebook.com\/fastrlink","article_modified_time":"2024-12-11T17:03:51+00:00","twitter_card":"summary_large_image","twitter_misc":{"Est. reading time":"2 minuta"},"schema":{"@context":"https:\/\/schema.org","@graph":[{"@type":"WebPage","@id":"https:\/\/fastrlink.com\/terms-conditions\/","url":"https:\/\/fastrlink.com\/terms-conditions\/","name":"Terms & Conditions - Fastrlink.com","isPartOf":{"@id":"https:\/\/fastrlink.com\/#website"},"datePublished":"2023-04-02T08:14:25+00:00","dateModified":"2024-12-11T17:03:51+00:00","breadcrumb":{"@id":"https:\/\/fastrlink.com\/terms-conditions\/#breadcrumb"},"inLanguage":"sq","potentialAction":[{"@type":"ReadAction","target":["https:\/\/fastrlink.com\/terms-conditions\/"]}]},{"@type":"BreadcrumbList","@id":"https:\/\/fastrlink.com\/terms-conditions\/#breadcrumb","itemListElement":[{"@type":"ListItem","position":1,"name":"Home","item":"https:\/\/fastrlink.com\/"},{"@type":"ListItem","position":2,"name":"Terms &#038; Conditions"}]},{"@type":"WebSite","@id":"https:\/\/fastrlink.com\/#website","url":"https:\/\/fastrlink.com\/","name":"Fastrlink.com","description":"Digital Business Cards","publisher":{"@id":"https:\/\/fastrlink.com\/#organization"},"potentialAction":[{"@type":"SearchAction","target":{"@type":"EntryPoint","urlTemplate":"https:\/\/fastrlink.com\/?s={search_term_string}"},"query-input":{"@type":"PropertyValueSpecification","valueRequired":true,"valueName":"search_term_string"}}],"inLanguage":"sq"},{"@type":"Organization","@id":"https:\/\/fastrlink.com\/#organization","name":"Fastrlink.com","url":"https:\/\/fastrlink.com\/","logo":{"@type":"ImageObject","inLanguage":"sq","@id":"https:\/\/fastrlink.com\/#\/schema\/logo\/image\/","url":"https:\/\/fastrlink.com\/wp-content\/uploads\/2024\/12\/responsive_logo.svg","contentUrl":"https:\/\/fastrlink.com\/wp-content\/uploads\/2024\/12\/responsive_logo.svg","width":105,"height":14,"caption":"Fastrlink.com"},"image":{"@id":"https:\/\/fastrlink.com\/#\/schema\/logo\/image\/"},"sameAs":["https:\/\/facebook.com\/fastrlink","https:\/\/instagram.com\/fastrlink"]}]}},"_links":{"self":[{"href":"https:\/\/fastrlink.com\/sq\/wp-json\/wp\/v2\/pages\/8121","targetHints":{"allow":["GET"]}}],"collection":[{"href":"https:\/\/fastrlink.com\/sq\/wp-json\/wp\/v2\/pages"}],"about":[{"href":"https:\/\/fastrlink.com\/sq\/wp-json\/wp\/v2\/types\/page"}],"author":[{"embeddable":true,"href":"https:\/\/fastrlink.com\/sq\/wp-json\/wp\/v2\/users\/1"}],"replies":[{"embeddable":true,"href":"https:\/\/fastrlink.com\/sq\/wp-json\/wp\/v2\/comments?post=8121"}],"version-history":[{"count":18,"href":"https:\/\/fastrlink.com\/sq\/wp-json\/wp\/v2\/pages\/8121\/revisions"}],"predecessor-version":[{"id":10064,"href":"https:\/\/fastrlink.com\/sq\/wp-json\/wp\/v2\/pages\/8121\/revisions\/10064"}],"wp:attachment":[{"href":"https:\/\/fastrlink.com\/sq\/wp-json\/wp\/v2\/media?parent=8121"}],"curies":[{"name":"wp","href":"https:\/\/api.w.org\/{rel}","templated":true}]}}