{"id":7821,"date":"2023-03-17T06:30:07","date_gmt":"2023-03-17T06:30:07","guid":{"rendered":"https:\/\/fastr.us\/shipping-information\/"},"modified":"2024-12-11T17:05:46","modified_gmt":"2024-12-11T17:05:46","slug":"shipping-information","status":"publish","type":"page","link":"https:\/\/fastrlink.com\/sq\/shipping-information\/","title":{"rendered":"Transporti"},"content":{"rendered":"<div data-elementor-type=\"wp-page\" data-elementor-id=\"7821\" class=\"elementor elementor-7821\" data-elementor-post-type=\"page\">\n\t\t\t\t\t\t<section class=\"elementor-section elementor-top-section elementor-element elementor-element-1739951 elementor-section-boxed elementor-section-height-default elementor-section-height-default\" data-id=\"1739951\" data-element_type=\"section\" data-e-type=\"section\">\n\t\t\t\t\t\t<div class=\"elementor-container elementor-column-gap-no\">\n\t\t\t\t\t<div class=\"elementor-column elementor-col-66 elementor-top-column elementor-element elementor-element-6291b19\" data-id=\"6291b19\" data-element_type=\"column\" data-e-type=\"column\">\n\t\t\t<div class=\"elementor-widget-wrap elementor-element-populated\">\n\t\t\t\t\t\t<div class=\"elementor-element elementor-element-6ac3780 elementor-widget elementor-widget-weshop_title\" data-id=\"6ac3780\" data-element_type=\"widget\" data-e-type=\"widget\" data-widget_type=\"weshop_title.default\">\n\t\t\t\t<div class=\"elementor-widget-container\">\n\t\t\t\t\t<h2 class=\"eutf-element eutf-title eutf-leader-text\"><span>N\u00eb dyqanin ton\u00eb elektronik, ne e kuptojm\u00eb se d\u00ebrgimi i porosis\u00eb tuaj tek ju shpejt dhe n\u00eb m\u00ebnyr\u00eb t\u00eb sigurt \u00ebsht\u00eb me r\u00ebnd\u00ebsi t\u00eb madhe. Kjo \u00ebsht\u00eb arsyeja pse ne ofrojm\u00eb nj\u00eb shum\u00ebllojshm\u00ebri opsionesh transporti p\u00ebr t\u00eb p\u00ebrmbushur nevojat tuaja<\/span><\/h2>\t\t\t\t<\/div>\n\t\t\t\t<\/div>\n\t\t\t\t<div class=\"elementor-element elementor-element-315a296 elementor-widget elementor-widget-weshop_title\" data-id=\"315a296\" data-element_type=\"widget\" data-e-type=\"widget\" data-widget_type=\"weshop_title.default\">\n\t\t\t\t<div class=\"elementor-widget-container\">\n\t\t\t\t\t<h3 class=\"eutf-element eutf-title eutf-h6\"><span>Transporti standard:<\/span><\/h3>\t\t\t\t<\/div>\n\t\t\t\t<\/div>\n\t\t\t\t<div class=\"elementor-element elementor-element-becedf4 elementor-widget elementor-widget-text-editor\" data-id=\"becedf4\" data-element_type=\"widget\" data-e-type=\"widget\" data-widget_type=\"text-editor.default\">\n\t\t\t\t<div class=\"elementor-widget-container\">\n\t\t\t\t\t\t\t\t\tMetoda jon\u00eb standarde e transportit \u00ebsht\u00eb opsioni m\u00eb me kosto efektive dhe zakonisht merr 5-7 dit\u00eb pune p\u00ebr t\u00eb mb\u00ebrritur. Ju lutemi vini re se kjo metod\u00eb transporti nuk p\u00ebrfshin informacione gjurmimi.\t\t\t\t\t\t\t\t<\/div>\n\t\t\t\t<\/div>\n\t\t\t\t<div class=\"elementor-element elementor-element-64f207f elementor-widget elementor-widget-weshop_title\" data-id=\"64f207f\" data-element_type=\"widget\" data-e-type=\"widget\" data-widget_type=\"weshop_title.default\">\n\t\t\t\t<div class=\"elementor-widget-container\">\n\t\t\t\t\t<h3 class=\"eutf-element eutf-title eutf-h6\"><span>Transporti Express:<\/span><\/h3>\t\t\t\t<\/div>\n\t\t\t\t<\/div>\n\t\t\t\t<div class=\"elementor-element elementor-element-427b1bf elementor-widget elementor-widget-text-editor\" data-id=\"427b1bf\" data-element_type=\"widget\" data-e-type=\"widget\" data-widget_type=\"text-editor.default\">\n\t\t\t\t<div class=\"elementor-widget-container\">\n\t\t\t\t\t\t\t\t\tN\u00ebse keni nevoj\u00eb p\u00ebr porosin\u00eb tuaj m\u00eb shpejt, ne ofrojm\u00eb transport t\u00eb shpejt\u00eb i cili zakonisht arrin brenda 2-3 dit\u00ebve t\u00eb pun\u00ebs. Ky opsion transporti p\u00ebrfshin informacionin e gjurmimit dhe \u00ebsht\u00eb m\u00eb i shtrenjt\u00eb se transporti standard.\t\t\t\t\t\t\t\t<\/div>\n\t\t\t\t<\/div>\n\t\t\t\t<div class=\"elementor-element elementor-element-7556cdd elementor-widget elementor-widget-weshop_title\" data-id=\"7556cdd\" data-element_type=\"widget\" data-e-type=\"widget\" data-widget_type=\"weshop_title.default\">\n\t\t\t\t<div class=\"elementor-widget-container\">\n\t\t\t\t\t<h3 class=\"eutf-element eutf-title eutf-h6\"><span>Transporti Falas:<\/span><\/h3>\t\t\t\t<\/div>\n\t\t\t\t<\/div>\n\t\t\t\t<div class=\"elementor-element elementor-element-3051dce elementor-widget elementor-widget-text-editor\" data-id=\"3051dce\" data-element_type=\"widget\" data-e-type=\"widget\" data-widget_type=\"text-editor.default\">\n\t\t\t\t<div class=\"elementor-widget-container\">\n\t\t\t\t\t\t\t\t\t<p>Ne ofrojm\u00eb transport standard falas p\u00ebr t\u00eb gjitha porosit\u00eb mbi <strong>$50<\/strong>.<\/p>\t\t\t\t\t\t\t\t<\/div>\n\t\t\t\t<\/div>\n\t\t\t\t<div class=\"elementor-element elementor-element-28aab72 elementor-widget elementor-widget-weshop_title\" data-id=\"28aab72\" data-element_type=\"widget\" data-e-type=\"widget\" data-widget_type=\"weshop_title.default\">\n\t\t\t\t<div class=\"elementor-widget-container\">\n\t\t\t\t\t<h3 class=\"eutf-element eutf-title eutf-h6\"><span>Transporti nd\u00ebrkomb\u00ebtar:<\/span><\/h3>\t\t\t\t<\/div>\n\t\t\t\t<\/div>\n\t\t\t\t<div class=\"elementor-element elementor-element-28cf794 elementor-widget elementor-widget-text-editor\" data-id=\"28cf794\" data-element_type=\"widget\" data-e-type=\"widget\" data-widget_type=\"text-editor.default\">\n\t\t\t\t<div class=\"elementor-widget-container\">\n\t\t\t\t\t\t\t\t\tNe d\u00ebrgojm\u00eb n\u00eb shum\u00eb destinacione nd\u00ebrkomb\u00ebtare, megjithat\u00eb, ju lutemi vini re se koh\u00ebt e transportit dhe kostot mund t\u00eb ndryshojn\u00eb n\u00eb var\u00ebsi t\u00eb vendndodhjes tuaj. Porosit\u00eb nd\u00ebrkomb\u00ebtare gjithashtu mund t'i n\u00ebnshtrohen tarifave dhe taksave doganore t\u00eb cilat jan\u00eb p\u00ebrgjegj\u00ebsi e bler\u00ebsit.\t\t\t\t\t\t\t\t<\/div>\n\t\t\t\t<\/div>\n\t\t\t\t<div class=\"elementor-element elementor-element-1233157 elementor-widget elementor-widget-weshop_title\" data-id=\"1233157\" data-element_type=\"widget\" data-e-type=\"widget\" data-widget_type=\"weshop_title.default\">\n\t\t\t\t<div class=\"elementor-widget-container\">\n\t\t\t\t\t<h3 class=\"eutf-element eutf-title eutf-h6\"><span>Koha e p\u00ebrpunimit t\u00eb porosis\u00eb:<\/span><\/h3>\t\t\t\t<\/div>\n\t\t\t\t<\/div>\n\t\t\t\t<div class=\"elementor-element elementor-element-0079bd1 elementor-widget elementor-widget-text-editor\" data-id=\"0079bd1\" data-element_type=\"widget\" data-e-type=\"widget\" data-widget_type=\"text-editor.default\">\n\t\t\t\t<div class=\"elementor-widget-container\">\n\t\t\t\t\t\t\t\t\tNe synojm\u00eb t\u00eb p\u00ebrpunojm\u00eb dhe d\u00ebrgojm\u00eb t\u00eb gjitha porosit\u00eb brenda 1-2 dit\u00ebve t\u00eb pun\u00ebs, megjithat\u00eb, gjat\u00eb periudhave t\u00eb ngarkuara, mund t\u00eb zgjas\u00eb m\u00eb shum\u00eb.\t\t\t\t\t\t\t\t<\/div>\n\t\t\t\t<\/div>\n\t\t\t\t<div class=\"elementor-element elementor-element-315b1ba elementor-widget elementor-widget-weshop_title\" data-id=\"315b1ba\" data-element_type=\"widget\" data-e-type=\"widget\" data-widget_type=\"weshop_title.default\">\n\t\t\t\t<div class=\"elementor-widget-container\">\n\t\t\t\t\t<h3 class=\"eutf-element eutf-title eutf-h6\"><span>Ndjekja e porosive:<\/span><\/h3>\t\t\t\t<\/div>\n\t\t\t\t<\/div>\n\t\t\t\t<div class=\"elementor-element elementor-element-0fee934 elementor-widget elementor-widget-text-editor\" data-id=\"0fee934\" data-element_type=\"widget\" data-e-type=\"widget\" data-widget_type=\"text-editor.default\">\n\t\t\t\t<div class=\"elementor-widget-container\">\n\t\t\t\t\t\t\t\t\tPasi porosia juaj t\u00eb jet\u00eb d\u00ebrguar, do t\u00eb merrni nj\u00eb email konfirmimi t\u00eb transportit me nj\u00eb num\u00ebr gjurmimi. Ju mund ta p\u00ebrdorni k\u00ebt\u00eb num\u00ebr p\u00ebrcjell\u00ebs p\u00ebr t\u00eb ndjekur progresin e porosis\u00eb tuaj n\u00eb internet.\t\t\t\t\t\t\t\t<\/div>\n\t\t\t\t<\/div>\n\t\t\t\t<div class=\"elementor-element elementor-element-6fe933b elementor-widget elementor-widget-weshop_title\" data-id=\"6fe933b\" data-element_type=\"widget\" data-e-type=\"widget\" data-widget_type=\"weshop_title.default\">\n\t\t\t\t<div class=\"elementor-widget-container\">\n\t\t\t\t\t<h3 class=\"eutf-element eutf-title eutf-h6\"><span>Adresa e Transportit:<\/span><\/h3>\t\t\t\t<\/div>\n\t\t\t\t<\/div>\n\t\t\t\t<div class=\"elementor-element elementor-element-a38e462 elementor-widget elementor-widget-text-editor\" data-id=\"a38e462\" data-element_type=\"widget\" data-e-type=\"widget\" data-widget_type=\"text-editor.default\">\n\t\t\t\t<div class=\"elementor-widget-container\">\n\t\t\t\t\t\t\t\t\tJu lutemi sigurohuni q\u00eb adresa juaj e transportit \u00ebsht\u00eb e sakt\u00eb dhe e p\u00ebrdit\u00ebsuar pasi ne nuk mund t\u00eb mbajm\u00eb p\u00ebrgjegj\u00ebsi p\u00ebr porosit\u00eb e dor\u00ebzuara n\u00eb nj\u00eb adres\u00eb t\u00eb pasakt\u00eb.\t\t\t\t\t\t\t\t<\/div>\n\t\t\t\t<\/div>\n\t\t\t\t<div class=\"elementor-element elementor-element-6d43846 elementor-widget elementor-widget-weshop_title\" data-id=\"6d43846\" data-element_type=\"widget\" data-e-type=\"widget\" data-widget_type=\"weshop_title.default\">\n\t\t\t\t<div class=\"elementor-widget-container\">\n\t\t\t\t\t<h3 class=\"eutf-element eutf-title eutf-h6\"><span>Kufizimet e transportit:<\/span><\/h3>\t\t\t\t<\/div>\n\t\t\t\t<\/div>\n\t\t\t\t<div class=\"elementor-element elementor-element-d571fb3 elementor-widget elementor-widget-text-editor\" data-id=\"d571fb3\" data-element_type=\"widget\" data-e-type=\"widget\" data-widget_type=\"text-editor.default\">\n\t\t\t\t<div class=\"elementor-widget-container\">\n\t\t\t\t\t\t\t\t\tJu lutemi vini re se disa artikuj mund t\u00eb ken\u00eb kufizime transporti p\u00ebr shkak t\u00eb madh\u00ebsis\u00eb, pesh\u00ebs ose p\u00ebrmbajtjes s\u00eb tyre. N\u00ebse nuk jeni t\u00eb sigurt n\u00ebse nj\u00eb artikull ka kufizime transporti, ju lutemi kontaktoni ekipin ton\u00eb t\u00eb sh\u00ebrbimit t\u00eb klientit p\u00ebr m\u00eb shum\u00eb informacion.\t\t\t\t\t\t\t\t<\/div>\n\t\t\t\t<\/div>\n\t\t\t\t\t<\/div>\n\t\t<\/div>\n\t\t\t\t<div class=\"eutf-sticky-column elementor-column elementor-col-33 elementor-top-column elementor-element elementor-element-33162b7\" data-id=\"33162b7\" data-element_type=\"column\" data-e-type=\"column\">\n\t\t\t<div class=\"elementor-widget-wrap elementor-element-populated\">\n\t\t\t\t\t\t<section class=\"elementor-section elementor-inner-section elementor-element elementor-element-37efd2a elementor-section-boxed elementor-section-height-default elementor-section-height-default\" data-id=\"37efd2a\" data-element_type=\"section\" data-e-type=\"section\">\n\t\t\t\t\t\t<div class=\"elementor-container elementor-column-gap-no\">\n\t\t\t\t\t<div class=\"elementor-column elementor-col-100 elementor-inner-column elementor-element elementor-element-9e78e67\" data-id=\"9e78e67\" data-element_type=\"column\" data-e-type=\"column\">\n\t\t\t<div class=\"elementor-widget-wrap elementor-element-populated\">\n\t\t\t\t\t\t<div class=\"elementor-element elementor-element-900963c elementor-widget elementor-widget-weshop_title\" data-id=\"900963c\" data-element_type=\"widget\" data-e-type=\"widget\" data-widget_type=\"weshop_title.default\">\n\t\t\t\t<div class=\"elementor-widget-container\">\n\t\t\t\t\t<h3 class=\"eutf-element eutf-title eutf-h6\"><span>Keni m\u00eb shum\u00eb pyetje?<\/span><\/h3>\t\t\t\t<\/div>\n\t\t\t\t<\/div>\n\t\t\t\t<div class=\"elementor-element elementor-element-3d93e70 elementor-widget elementor-widget-text-editor\" data-id=\"3d93e70\" data-element_type=\"widget\" data-e-type=\"widget\" data-widget_type=\"text-editor.default\">\n\t\t\t\t<div class=\"elementor-widget-container\">\n\t\t\t\t\t\t\t\t\t<p>N\u00ebse keni ndonj\u00eb pyetje ose shqet\u00ebsim n\u00eb lidhje me politik\u00ebn ton\u00eb t\u00eb transportit, ju lutemi mos hezitoni t\u00eb kontaktoni ekipin ton\u00eb t\u00eb sh\u00ebrbimit t\u00eb klientit. <br \/><strong>Ne jemi gjithmon\u00eb t\u00eb lumtur t\u00eb ndihmojm\u00eb!<\/strong><\/p>\t\t\t\t\t\t\t\t<\/div>\n\t\t\t\t<\/div>\n\t\t\t\t<div class=\"elementor-element elementor-element-2df3df4 elementor-widget elementor-widget-weshop_button\" data-id=\"2df3df4\" data-element_type=\"widget\" data-e-type=\"widget\" data-widget_type=\"weshop_button.default\">\n\t\t\t\t<div class=\"elementor-widget-container\">\n\t\t\t\t\t<div class=\"eutf-element\"><a href=\"https:\/\/euthemians.com\/themes\/weshop\/contact\/\" class=\"eutf-btn eutf-square eutf-bg-primary-1 eutf-border-primary-1 eutf-bg-hover-black eutf-border-hover-black eutf-text-white eutf-text-hover-white eutf-btn-medium\">\r\n\t\t<span>Kontaktoni<\/span>\r\n\t\t\t\t\t\t\t<\/a><\/div>\t\t\t\t<\/div>\n\t\t\t\t<\/div>\n\t\t\t\t\t<\/div>\n\t\t<\/div>\n\t\t\t\t\t<\/div>\n\t\t<\/section>\n\t\t\t\t\t<\/div>\n\t\t<\/div>\n\t\t\t\t\t<\/div>\n\t\t<\/section>\n\t\t\t\t<\/div>","protected":false},"excerpt":{"rendered":"<p>At our e-shop, we understand that getting your order to you quickly and safely is of utmost importance. That&#8217;s why we offer a variety of shipping options to meet your needs. Standard Shipping: Our standard shipping method is the most cost-effective option and typically takes 5-7 business days to arrive. Please note that this shipping [&hellip;]<\/p>","protected":false},"author":1,"featured_media":8581,"parent":0,"menu_order":0,"comment_status":"closed","ping_status":"closed","template":"","meta":{"content-type":"","footnotes":""},"class_list":["post-7821","page","type-page","status-publish","has-post-thumbnail","hentry","eutf-entry-item"],"yoast_head":"<!-- This site is optimized with the Yoast SEO Premium plugin v23.9 (Yoast SEO v23.9) - https:\/\/yoast.com\/wordpress\/plugins\/seo\/ -->\n<title>Shipping Information - Fastrlink.com<\/title>\n<meta name=\"robots\" content=\"index, follow, max-snippet:-1, max-image-preview:large, max-video-preview:-1\" \/>\n<link rel=\"canonical\" href=\"https:\/\/fastrlink.com\/sq\/shipping-information\/\" \/>\n<meta property=\"og:locale\" content=\"sq_AL\" \/>\n<meta property=\"og:type\" content=\"article\" \/>\n<meta property=\"og:title\" content=\"Shipping Information\" \/>\n<meta property=\"og:description\" content=\"At our e-shop, we understand that getting your order to you quickly and safely is of utmost importance. That&#8217;s why we offer a variety of shipping options to meet your needs. Standard Shipping: Our standard shipping method is the most cost-effective option and typically takes 5-7 business days to arrive. Please note that this shipping [&hellip;]\" \/>\n<meta property=\"og:url\" content=\"https:\/\/fastrlink.com\/sq\/shipping-information\/\" \/>\n<meta property=\"og:site_name\" content=\"Fastrlink.com\" \/>\n<meta property=\"article:publisher\" content=\"https:\/\/facebook.com\/fastrlink\" \/>\n<meta property=\"article:modified_time\" content=\"2024-12-11T17:05:46+00:00\" \/>\n<meta property=\"og:image\" content=\"https:\/\/fastrlink.com\/wp-content\/uploads\/2023\/04\/feature-03.jpg\" \/>\n\t<meta property=\"og:image:width\" content=\"1280\" \/>\n\t<meta property=\"og:image:height\" content=\"720\" \/>\n\t<meta property=\"og:image:type\" content=\"image\/jpeg\" \/>\n<meta name=\"twitter:card\" content=\"summary_large_image\" \/>\n<meta name=\"twitter:label1\" content=\"Est. reading time\" \/>\n\t<meta name=\"twitter:data1\" content=\"2 minuta\" \/>\n<script type=\"application\/ld+json\" class=\"yoast-schema-graph\">{\"@context\":\"https:\/\/schema.org\",\"@graph\":[{\"@type\":\"WebPage\",\"@id\":\"https:\/\/fastrlink.com\/shipping-information\/\",\"url\":\"https:\/\/fastrlink.com\/shipping-information\/\",\"name\":\"Shipping Information - Fastrlink.com\",\"isPartOf\":{\"@id\":\"https:\/\/fastrlink.com\/#website\"},\"primaryImageOfPage\":{\"@id\":\"https:\/\/fastrlink.com\/shipping-information\/#primaryimage\"},\"image\":{\"@id\":\"https:\/\/fastrlink.com\/shipping-information\/#primaryimage\"},\"thumbnailUrl\":\"https:\/\/fastrlink.com\/wp-content\/uploads\/2023\/04\/feature-03.jpg\",\"datePublished\":\"2023-03-17T06:30:07+00:00\",\"dateModified\":\"2024-12-11T17:05:46+00:00\",\"breadcrumb\":{\"@id\":\"https:\/\/fastrlink.com\/shipping-information\/#breadcrumb\"},\"inLanguage\":\"sq\",\"potentialAction\":[{\"@type\":\"ReadAction\",\"target\":[\"https:\/\/fastrlink.com\/shipping-information\/\"]}]},{\"@type\":\"ImageObject\",\"inLanguage\":\"sq\",\"@id\":\"https:\/\/fastrlink.com\/shipping-information\/#primaryimage\",\"url\":\"https:\/\/fastrlink.com\/wp-content\/uploads\/2023\/04\/feature-03.jpg\",\"contentUrl\":\"https:\/\/fastrlink.com\/wp-content\/uploads\/2023\/04\/feature-03.jpg\",\"width\":1280,\"height\":720,\"caption\":\"WeShop - Premium WordPress & WooCommerce theme by Euthemians - powered by Greatives\"},{\"@type\":\"BreadcrumbList\",\"@id\":\"https:\/\/fastrlink.com\/shipping-information\/#breadcrumb\",\"itemListElement\":[{\"@type\":\"ListItem\",\"position\":1,\"name\":\"Home\",\"item\":\"https:\/\/fastrlink.com\/\"},{\"@type\":\"ListItem\",\"position\":2,\"name\":\"Shipping Information\"}]},{\"@type\":\"WebSite\",\"@id\":\"https:\/\/fastrlink.com\/#website\",\"url\":\"https:\/\/fastrlink.com\/\",\"name\":\"Fastrlink.com\",\"description\":\"Digital Business Cards\",\"publisher\":{\"@id\":\"https:\/\/fastrlink.com\/#organization\"},\"potentialAction\":[{\"@type\":\"SearchAction\",\"target\":{\"@type\":\"EntryPoint\",\"urlTemplate\":\"https:\/\/fastrlink.com\/?s={search_term_string}\"},\"query-input\":{\"@type\":\"PropertyValueSpecification\",\"valueRequired\":true,\"valueName\":\"search_term_string\"}}],\"inLanguage\":\"sq\"},{\"@type\":\"Organization\",\"@id\":\"https:\/\/fastrlink.com\/#organization\",\"name\":\"Fastrlink.com\",\"url\":\"https:\/\/fastrlink.com\/\",\"logo\":{\"@type\":\"ImageObject\",\"inLanguage\":\"sq\",\"@id\":\"https:\/\/fastrlink.com\/#\/schema\/logo\/image\/\",\"url\":\"https:\/\/fastrlink.com\/wp-content\/uploads\/2024\/12\/responsive_logo.svg\",\"contentUrl\":\"https:\/\/fastrlink.com\/wp-content\/uploads\/2024\/12\/responsive_logo.svg\",\"width\":105,\"height\":14,\"caption\":\"Fastrlink.com\"},\"image\":{\"@id\":\"https:\/\/fastrlink.com\/#\/schema\/logo\/image\/\"},\"sameAs\":[\"https:\/\/facebook.com\/fastrlink\",\"https:\/\/instagram.com\/fastrlink\"]}]}<\/script>\n<!-- \/ Yoast SEO Premium plugin. -->","yoast_head_json":{"title":"Shipping Information - Fastrlink.com","robots":{"index":"index","follow":"follow","max-snippet":"max-snippet:-1","max-image-preview":"max-image-preview:large","max-video-preview":"max-video-preview:-1"},"canonical":"https:\/\/fastrlink.com\/sq\/shipping-information\/","og_locale":"sq_AL","og_type":"article","og_title":"Shipping Information","og_description":"At our e-shop, we understand that getting your order to you quickly and safely is of utmost importance. That&#8217;s why we offer a variety of shipping options to meet your needs. Standard Shipping: Our standard shipping method is the most cost-effective option and typically takes 5-7 business days to arrive. Please note that this shipping [&hellip;]","og_url":"https:\/\/fastrlink.com\/sq\/shipping-information\/","og_site_name":"Fastrlink.com","article_publisher":"https:\/\/facebook.com\/fastrlink","article_modified_time":"2024-12-11T17:05:46+00:00","og_image":[{"width":1280,"height":720,"url":"https:\/\/fastrlink.com\/wp-content\/uploads\/2023\/04\/feature-03.jpg","type":"image\/jpeg"}],"twitter_card":"summary_large_image","twitter_misc":{"Est. reading time":"2 minuta"},"schema":{"@context":"https:\/\/schema.org","@graph":[{"@type":"WebPage","@id":"https:\/\/fastrlink.com\/shipping-information\/","url":"https:\/\/fastrlink.com\/shipping-information\/","name":"Shipping Information - Fastrlink.com","isPartOf":{"@id":"https:\/\/fastrlink.com\/#website"},"primaryImageOfPage":{"@id":"https:\/\/fastrlink.com\/shipping-information\/#primaryimage"},"image":{"@id":"https:\/\/fastrlink.com\/shipping-information\/#primaryimage"},"thumbnailUrl":"https:\/\/fastrlink.com\/wp-content\/uploads\/2023\/04\/feature-03.jpg","datePublished":"2023-03-17T06:30:07+00:00","dateModified":"2024-12-11T17:05:46+00:00","breadcrumb":{"@id":"https:\/\/fastrlink.com\/shipping-information\/#breadcrumb"},"inLanguage":"sq","potentialAction":[{"@type":"ReadAction","target":["https:\/\/fastrlink.com\/shipping-information\/"]}]},{"@type":"ImageObject","inLanguage":"sq","@id":"https:\/\/fastrlink.com\/shipping-information\/#primaryimage","url":"https:\/\/fastrlink.com\/wp-content\/uploads\/2023\/04\/feature-03.jpg","contentUrl":"https:\/\/fastrlink.com\/wp-content\/uploads\/2023\/04\/feature-03.jpg","width":1280,"height":720,"caption":"WeShop - Premium WordPress & WooCommerce theme by Euthemians - powered by Greatives"},{"@type":"BreadcrumbList","@id":"https:\/\/fastrlink.com\/shipping-information\/#breadcrumb","itemListElement":[{"@type":"ListItem","position":1,"name":"Home","item":"https:\/\/fastrlink.com\/"},{"@type":"ListItem","position":2,"name":"Shipping Information"}]},{"@type":"WebSite","@id":"https:\/\/fastrlink.com\/#website","url":"https:\/\/fastrlink.com\/","name":"Fastrlink.com","description":"Digital Business Cards","publisher":{"@id":"https:\/\/fastrlink.com\/#organization"},"potentialAction":[{"@type":"SearchAction","target":{"@type":"EntryPoint","urlTemplate":"https:\/\/fastrlink.com\/?s={search_term_string}"},"query-input":{"@type":"PropertyValueSpecification","valueRequired":true,"valueName":"search_term_string"}}],"inLanguage":"sq"},{"@type":"Organization","@id":"https:\/\/fastrlink.com\/#organization","name":"Fastrlink.com","url":"https:\/\/fastrlink.com\/","logo":{"@type":"ImageObject","inLanguage":"sq","@id":"https:\/\/fastrlink.com\/#\/schema\/logo\/image\/","url":"https:\/\/fastrlink.com\/wp-content\/uploads\/2024\/12\/responsive_logo.svg","contentUrl":"https:\/\/fastrlink.com\/wp-content\/uploads\/2024\/12\/responsive_logo.svg","width":105,"height":14,"caption":"Fastrlink.com"},"image":{"@id":"https:\/\/fastrlink.com\/#\/schema\/logo\/image\/"},"sameAs":["https:\/\/facebook.com\/fastrlink","https:\/\/instagram.com\/fastrlink"]}]}},"_links":{"self":[{"href":"https:\/\/fastrlink.com\/sq\/wp-json\/wp\/v2\/pages\/7821","targetHints":{"allow":["GET"]}}],"collection":[{"href":"https:\/\/fastrlink.com\/sq\/wp-json\/wp\/v2\/pages"}],"about":[{"href":"https:\/\/fastrlink.com\/sq\/wp-json\/wp\/v2\/types\/page"}],"author":[{"embeddable":true,"href":"https:\/\/fastrlink.com\/sq\/wp-json\/wp\/v2\/users\/1"}],"replies":[{"embeddable":true,"href":"https:\/\/fastrlink.com\/sq\/wp-json\/wp\/v2\/comments?post=7821"}],"version-history":[{"count":1,"href":"https:\/\/fastrlink.com\/sq\/wp-json\/wp\/v2\/pages\/7821\/revisions"}],"predecessor-version":[{"id":10072,"href":"https:\/\/fastrlink.com\/sq\/wp-json\/wp\/v2\/pages\/7821\/revisions\/10072"}],"wp:featuredmedia":[{"embeddable":true,"href":"https:\/\/fastrlink.com\/sq\/wp-json\/wp\/v2\/media\/8581"}],"wp:attachment":[{"href":"https:\/\/fastrlink.com\/sq\/wp-json\/wp\/v2\/media?parent=7821"}],"curies":[{"name":"wp","href":"https:\/\/api.w.org\/{rel}","templated":true}]}}