{"id":7609,"date":"2023-03-03T14:38:30","date_gmt":"2023-03-03T14:38:30","guid":{"rendered":"https:\/\/fastr.us\/contact\/"},"modified":"2024-12-05T05:41:03","modified_gmt":"2024-12-05T05:41:03","slug":"contact","status":"publish","type":"page","link":"https:\/\/fastrlink.com\/sq\/contact\/","title":{"rendered":"Kontakti"},"content":{"rendered":"<div data-elementor-type=\"wp-page\" data-elementor-id=\"7609\" class=\"elementor elementor-7609\" data-elementor-post-type=\"page\">\n\t\t\t\t\t\t<section class=\"elementor-section elementor-top-section elementor-element elementor-element-bc14ce4 elementor-reverse-mobile elementor-section-boxed elementor-section-height-default elementor-section-height-default\" data-id=\"bc14ce4\" data-element_type=\"section\" data-e-type=\"section\">\n\t\t\t\t\t\t<div class=\"elementor-container elementor-column-gap-no\">\n\t\t\t\t\t<div class=\"elementor-column elementor-col-50 elementor-top-column elementor-element elementor-element-6842c21\" data-id=\"6842c21\" data-element_type=\"column\" data-e-type=\"column\">\n\t\t\t<div class=\"elementor-widget-wrap elementor-element-populated\">\n\t\t\t\t\t\t<div class=\"elementor-element elementor-element-d5fff0b elementor-widget elementor-widget-weshop_title\" data-id=\"d5fff0b\" data-element_type=\"widget\" data-e-type=\"widget\" data-widget_type=\"weshop_title.default\">\n\t\t\t\t<div class=\"elementor-widget-container\">\n\t\t\t\t\t<h1 class=\"eutf-element eutf-title eutf-subtitle-text\"><span>Kontakti<\/span><\/h1>\t\t\t\t<\/div>\n\t\t\t\t<\/div>\n\t\t\t\t<div class=\"elementor-element elementor-element-8ee0be9 elementor-widget elementor-widget-weshop_title\" data-id=\"8ee0be9\" data-element_type=\"widget\" data-e-type=\"widget\" data-widget_type=\"weshop_title.default\">\n\t\t\t\t<div class=\"elementor-widget-container\">\n\t\t\t\t\t<h2 class=\"eutf-element eutf-title eutf-h3\"><span>Mos hezitoni t\u00eb na kontaktoni n\u00ebse keni nevoj\u00eb p\u00ebr ndihm\u00eb.<\/span><\/h2>\t\t\t\t<\/div>\n\t\t\t\t<\/div>\n\t\t\t\t<div class=\"elementor-element elementor-element-b6228f3 elementor-widget elementor-widget-weshop_title\" data-id=\"b6228f3\" data-element_type=\"widget\" data-e-type=\"widget\" data-widget_type=\"weshop_title.default\">\n\t\t\t\t<div class=\"elementor-widget-container\">\n\t\t\t\t\t<h3 class=\"eutf-element eutf-title eutf-leader-text\"><span>Marka apo brendi juaj dhe p\u00ebrdoruesit tuaj meritojn\u00eb m\u00eb t\u00eb mir\u00ebn, dhe kjo \u00ebsht\u00eb arsyeja pse ne japim dashurin\u00eb, p\u00ebrkushtimin dhe ekspertiz\u00ebn ton\u00eb.<\/span><\/h3>\t\t\t\t<\/div>\n\t\t\t\t<\/div>\n\t\t\t\t<div class=\"elementor-element elementor-element-3348139 elementor-widget elementor-widget-weshop_button\" data-id=\"3348139\" data-element_type=\"widget\" data-e-type=\"widget\" data-widget_type=\"weshop_button.default\">\n\t\t\t\t<div class=\"elementor-widget-container\">\n\t\t\t\t\t<div class=\"eutf-element\"><a href=\"#contact-form\" class=\"eutf-btn-text eutf-btn-line eutf-line-bottom eutf-text-primary-1 eutf-text-hover-primary-1 eutf-btn-medium\">\r\n\t\t<div class=\"eutf-btn-inner\">\r\n\t\t<span>Plot\u00ebsoni formularin e m\u00ebposht\u00ebm<\/span>\r\n\t\t\t<span class=\"eutf-line eutf-bg-primary-1\"><\/span>\r\n\t\t\t\t\t\t\t<\/div>\r\n\t<\/a><\/div>\t\t\t\t<\/div>\n\t\t\t\t<\/div>\n\t\t\t\t\t<\/div>\n\t\t<\/div>\n\t\t\t\t<div class=\"elementor-column elementor-col-50 elementor-top-column elementor-element elementor-element-599f7cc\" data-id=\"599f7cc\" data-element_type=\"column\" data-e-type=\"column\">\n\t\t\t<div class=\"elementor-widget-wrap elementor-element-populated\">\n\t\t\t\t\t\t<div class=\"elementor-element elementor-element-6347f19 elementor-widget elementor-widget-weshop_image_single\" data-id=\"6347f19\" data-element_type=\"widget\" data-e-type=\"widget\" data-widget_type=\"weshop_image_single.default\">\n\t\t\t\t<div class=\"elementor-widget-container\">\n\t\t\t\t\t<div class=\"eutf-element eutf-image\">\r\n\t<div class=\"eutf-image-item\">\r\n\t\t\r\n\r\n<div class=\"eutf-image-wrapper eutf-none\">\r\n\t\t<div class=\"eutf-thumbnail-wrapper\"  style=\"width: 768px;\"><div class=\"eutf-thumbnail\"  style=\"padding-top: 66.146%;\"><img fetchpriority=\"high\" decoding=\"async\" width=\"768\" height=\"508\" src=\"https:\/\/fastrlink.com\/wp-content\/uploads\/2023\/03\/weshop-contact-1-768x508.jpg\" class=\"attachment-medium_large size-medium_large eutf-lazy-load lazyload\" alt=\"WeShop - Premium WordPress &amp; WooCommerce theme by Euthemians - powered by Greatives\" data-column-space=\"auto\" data-lazyload=\"\" data-eutf-filter=\"yes\" srcset=\"https:\/\/fastrlink.com\/wp-content\/themes\/weshop\/assets\/images\/empty\/empty.png\" data-src=\"https:\/\/fastrlink.com\/wp-content\/uploads\/2023\/03\/weshop-contact-1-768x508.jpg\" data-sizes=\"auto\" data-srcset=\"https:\/\/fastrlink.com\/wp-content\/uploads\/2023\/03\/weshop-contact-1-768x508.jpg 768w, https:\/\/fastrlink.com\/wp-content\/uploads\/2023\/03\/weshop-contact-1-600x397.jpg 600w, https:\/\/fastrlink.com\/wp-content\/uploads\/2023\/03\/weshop-contact-1-300x199.jpg 300w, https:\/\/fastrlink.com\/wp-content\/uploads\/2023\/03\/weshop-contact-1-1024x678.jpg 1024w, https:\/\/fastrlink.com\/wp-content\/uploads\/2023\/03\/weshop-contact-1.jpg 1420w\" data-expand=\"1\" \/><\/div><\/div>\t<\/div>\r\n\t<\/div>\r\n<\/div>\r\n\t\t\t\t<\/div>\n\t\t\t\t<\/div>\n\t\t\t\t\t<\/div>\n\t\t<\/div>\n\t\t\t\t\t<\/div>\n\t\t<\/section>\n\t\t\t\t<section class=\"elementor-section elementor-top-section elementor-element elementor-element-7fbdde4d elementor-section-boxed elementor-section-height-default elementor-section-height-default\" data-id=\"7fbdde4d\" data-element_type=\"section\" data-e-type=\"section\">\n\t\t\t\t\t\t<div class=\"elementor-container elementor-column-gap-no\">\n\t\t\t\t\t<div class=\"elementor-column elementor-col-33 elementor-top-column elementor-element elementor-element-1014faf4\" data-id=\"1014faf4\" data-element_type=\"column\" data-e-type=\"column\">\n\t\t\t<div class=\"elementor-widget-wrap elementor-element-populated\">\n\t\t\t\t\t\t<div class=\"elementor-element elementor-element-e9a4b60 elementor-widget elementor-widget-google_maps\" data-id=\"e9a4b60\" data-element_type=\"widget\" data-e-type=\"widget\" data-widget_type=\"google_maps.default\">\n\t\t\t\t<div class=\"elementor-widget-container\">\n\t\t\t\t\t\t\t<div class=\"elementor-custom-embed\">\n\t\t\t<iframe loading=\"lazy\"\n\t\t\t\t\tsrc=\"https:\/\/maps.google.com\/maps?q=Str.%20Eduard%20Lir&#038;t=m&#038;z=10&#038;output=embed&#038;iwloc=near\"\n\t\t\t\t\ttitle=\"Str. Eduard Lir\"\n\t\t\t\t\taria-label=\"Str. Eduard Lir\"\n\t\t\t><\/iframe>\n\t\t<\/div>\n\t\t\t\t\t\t<\/div>\n\t\t\t\t<\/div>\n\t\t\t\t<div class=\"elementor-element elementor-element-517270d eutf-elementor-align--mobilecenter elementor-widget elementor-widget-weshop_title\" data-id=\"517270d\" data-element_type=\"widget\" data-e-type=\"widget\" data-widget_type=\"weshop_title.default\">\n\t\t\t\t<div class=\"elementor-widget-container\">\n\t\t\t\t\t<h3 class=\"eutf-element eutf-title eutf-h5\"><span>Prishtina<br><\/span><\/h3>\t\t\t\t<\/div>\n\t\t\t\t<\/div>\n\t\t\t\t<div class=\"elementor-element elementor-element-2d4898e1 elementor-widget elementor-widget-text-editor\" data-id=\"2d4898e1\" data-element_type=\"widget\" data-e-type=\"widget\" data-widget_type=\"text-editor.default\">\n\t\t\t\t<div class=\"elementor-widget-container\">\n\t\t\t\t\t\t\t\t\t<p>Str Eduard Lir no.100<br \/>10000, Prishtina<\/p><p class=\"p1\"><a href=\"mailto:prishtina@fastrlink.com\"><strong><span class=\"s1\">prishtina@fastrlink.com<\/span><\/strong><\/a><\/p>\t\t\t\t\t\t\t\t<\/div>\n\t\t\t\t<\/div>\n\t\t\t\t\t<\/div>\n\t\t<\/div>\n\t\t\t\t<div class=\"elementor-column elementor-col-33 elementor-top-column elementor-element elementor-element-7a8c1f76\" data-id=\"7a8c1f76\" data-element_type=\"column\" data-e-type=\"column\">\n\t\t\t<div class=\"elementor-widget-wrap elementor-element-populated\">\n\t\t\t\t\t\t<div class=\"elementor-element elementor-element-34de657 elementor-widget elementor-widget-google_maps\" data-id=\"34de657\" data-element_type=\"widget\" data-e-type=\"widget\" data-widget_type=\"google_maps.default\">\n\t\t\t\t<div class=\"elementor-widget-container\">\n\t\t\t\t\t\t\t<div class=\"elementor-custom-embed\">\n\t\t\t<iframe loading=\"lazy\"\n\t\t\t\t\tsrc=\"https:\/\/maps.google.com\/maps?q=19%20Maypole%20Crescent%20Ilford%2C%20L6%202UJ&#038;t=m&#038;z=10&#038;output=embed&#038;iwloc=near\"\n\t\t\t\t\ttitle=\"19 Maypole Crescent Ilford, L6 2UJ\"\n\t\t\t\t\taria-label=\"19 Maypole Crescent Ilford, L6 2UJ\"\n\t\t\t><\/iframe>\n\t\t<\/div>\n\t\t\t\t\t\t<\/div>\n\t\t\t\t<\/div>\n\t\t\t\t<div class=\"elementor-element elementor-element-d7a9350 eutf-elementor-align--mobilecenter elementor-widget elementor-widget-weshop_title\" data-id=\"d7a9350\" data-element_type=\"widget\" data-e-type=\"widget\" data-widget_type=\"weshop_title.default\">\n\t\t\t\t<div class=\"elementor-widget-container\">\n\t\t\t\t\t<h3 class=\"eutf-element eutf-title eutf-h5\"><span>London<br><\/span><\/h3>\t\t\t\t<\/div>\n\t\t\t\t<\/div>\n\t\t\t\t<div class=\"elementor-element elementor-element-68a135f elementor-widget elementor-widget-text-editor\" data-id=\"68a135f\" data-element_type=\"widget\" data-e-type=\"widget\" data-widget_type=\"text-editor.default\">\n\t\t\t\t<div class=\"elementor-widget-container\">\n\t\t\t\t\t\t\t\t\t<p>19 Maypole Crescent<br \/>Ilford, L6 2UJ<\/p><p class=\"p1\"><a href=\"mailto:london@fastrlink.com\"><strong><span class=\"s1\">london@fastrlink.com<\/span><\/strong><\/a><\/p>\t\t\t\t\t\t\t\t<\/div>\n\t\t\t\t<\/div>\n\t\t\t\t\t<\/div>\n\t\t<\/div>\n\t\t\t\t<div class=\"elementor-column elementor-col-33 elementor-top-column elementor-element elementor-element-3bad77be\" data-id=\"3bad77be\" data-element_type=\"column\" data-e-type=\"column\">\n\t\t\t<div class=\"elementor-widget-wrap elementor-element-populated\">\n\t\t\t\t\t\t<div class=\"elementor-element elementor-element-e99a8ca elementor-widget elementor-widget-google_maps\" data-id=\"e99a8ca\" data-element_type=\"widget\" data-e-type=\"widget\" data-widget_type=\"google_maps.default\">\n\t\t\t\t<div class=\"elementor-widget-container\">\n\t\t\t\t\t\t\t<div class=\"elementor-custom-embed\">\n\t\t\t<iframe loading=\"lazy\"\n\t\t\t\t\tsrc=\"https:\/\/maps.google.com\/maps?q=75%203rd%20Ave%2C%20New%20York%2C%20NY%2010003%2C%20USA&#038;t=m&#038;z=10&#038;output=embed&#038;iwloc=near\"\n\t\t\t\t\ttitle=\"75 3rd Ave, New York, NY 10003, USA\"\n\t\t\t\t\taria-label=\"75 3rd Ave, New York, NY 10003, USA\"\n\t\t\t><\/iframe>\n\t\t<\/div>\n\t\t\t\t\t\t<\/div>\n\t\t\t\t<\/div>\n\t\t\t\t<div class=\"elementor-element elementor-element-5d7e2e4 eutf-elementor-align--mobilecenter elementor-widget elementor-widget-weshop_title\" data-id=\"5d7e2e4\" data-element_type=\"widget\" data-e-type=\"widget\" data-widget_type=\"weshop_title.default\">\n\t\t\t\t<div class=\"elementor-widget-container\">\n\t\t\t\t\t<h3 class=\"eutf-element eutf-title eutf-h5\"><span>New York<br><\/span><\/h3>\t\t\t\t<\/div>\n\t\t\t\t<\/div>\n\t\t\t\t<div class=\"elementor-element elementor-element-5e11095 elementor-widget elementor-widget-text-editor\" data-id=\"5e11095\" data-element_type=\"widget\" data-e-type=\"widget\" data-widget_type=\"text-editor.default\">\n\t\t\t\t<div class=\"elementor-widget-container\">\n\t\t\t\t\t\t\t\t\t<p>19 Maypole Crescent<br \/>Ilford, L6 2UJ<\/p><p class=\"p1\"><a href=\"mailto:newyork@fastrlink.com\"><strong><span class=\"s1\">newyork@fastrlink.com<\/span><\/strong><\/a><\/p>\t\t\t\t\t\t\t\t<\/div>\n\t\t\t\t<\/div>\n\t\t\t\t\t<\/div>\n\t\t<\/div>\n\t\t\t\t\t<\/div>\n\t\t<\/section>\n\t\t\t\t<div class=\"elementor-section elementor-top-section elementor-element elementor-element-8798599 elementor-section-boxed elementor-section-height-default elementor-section-height-default\" data-id=\"8798599\" data-element_type=\"section\" data-e-type=\"section\" id=\"contact-form\">\n\t\t\t\t\t\t<div class=\"elementor-container elementor-column-gap-no\">\n\t\t\t\t\t<div class=\"elementor-column elementor-col-100 elementor-top-column elementor-element elementor-element-6ad0b30\" data-id=\"6ad0b30\" data-element_type=\"column\" data-e-type=\"column\">\n\t\t\t<div class=\"elementor-widget-wrap elementor-element-populated\">\n\t\t\t\t\t\t<div class=\"elementor-element elementor-element-97454cc elementor-widget elementor-widget-weshop_title\" data-id=\"97454cc\" data-element_type=\"widget\" data-e-type=\"widget\" data-widget_type=\"weshop_title.default\">\n\t\t\t\t<div class=\"elementor-widget-container\">\n\t\t\t\t\t<h3 class=\"eutf-element eutf-title eutf-h3\"><span>Plot\u00ebsoni formularin<br><\/span><\/h3>\t\t\t\t<\/div>\n\t\t\t\t<\/div>\n\t\t\t\t<div class=\"elementor-element elementor-element-86c1ef7 elementor-widget elementor-widget-weshop_custom_contact_form\" data-id=\"86c1ef7\" data-element_type=\"widget\" data-e-type=\"widget\" data-widget_type=\"weshop_custom_contact_form.default\">\n\t\t\t\t<div class=\"elementor-widget-container\">\n\t\t\t\t\t<div class=\"eutf-element eutf-contact-form eutf-form-btn-simple eutf-form-btn-square eutf-form-btn-bg-primary-1 eutf-form-btn-bg-hover-black eutf-form-btn-medium eutf-form-input-border-type-solid eutf-form-input-border-grey eutf-form-input-text-black eutf-form-input-placeholder-black eutf-form-input-bg-light-grey\">\n<div class=\"wpcf7 no-js\" id=\"wpcf7-f6367-o1\" lang=\"en-US\" dir=\"ltr\" data-wpcf7-id=\"6367\">\n<div class=\"screen-reader-response\"><p role=\"status\" aria-live=\"polite\" aria-atomic=\"true\"><\/p> <ul><\/ul><\/div>\n<form action=\"\/sq\/wp-json\/wp\/v2\/pages\/7609#wpcf7-f6367-o1\" method=\"post\" class=\"wpcf7-form init\" aria-label=\"Contact form\" novalidate=\"novalidate\" data-status=\"init\" data-trp-original-action=\"\/sq\/wp-json\/wp\/v2\/pages\/7609#wpcf7-f6367-o1\">\n<div style=\"display: none;\">\n<input type=\"hidden\" name=\"_wpcf7\" value=\"6367\" \/>\n<input type=\"hidden\" name=\"_wpcf7_version\" value=\"6.0.6\" \/>\n<input type=\"hidden\" name=\"_wpcf7_locale\" value=\"en_US\" \/>\n<input type=\"hidden\" name=\"_wpcf7_unit_tag\" value=\"wpcf7-f6367-o1\" \/>\n<input type=\"hidden\" name=\"_wpcf7_container_post\" value=\"0\" \/>\n<input type=\"hidden\" name=\"_wpcf7_posted_data_hash\" value=\"\" \/>\n<\/div>\n<div class=\"eutf-form\">\n<div class=\"eutf-fields-wrapper\">\n<div class=\"eutf-one-half\"><span class=\"wpcf7-form-control-wrap\" data-name=\"your-name\"><input size=\"40\" maxlength=\"400\" class=\"wpcf7-form-control wpcf7-text wpcf7-validates-as-required\" autocomplete=\"off\" aria-required=\"true\" aria-invalid=\"false\" placeholder=\"Emri Kompanis\u00eb *\" value=\"\" type=\"text\" name=\"your-name\" \/><\/span><\/div>\n<div class=\"eutf-one-half eutf-last-column\"><span class=\"wpcf7-form-control-wrap\" data-name=\"your-email\"><input size=\"40\" maxlength=\"400\" class=\"wpcf7-form-control wpcf7-email wpcf7-validates-as-required wpcf7-text wpcf7-validates-as-email\" autocomplete=\"off\" aria-required=\"true\" aria-invalid=\"false\" placeholder=\"Email *\" value=\"\" type=\"email\" name=\"your-email\" \/><\/span><\/div>\n<div class=\"eutf-one-half\"><span class=\"wpcf7-form-control-wrap\" data-name=\"your-subject\"><input size=\"40\" maxlength=\"400\" class=\"wpcf7-form-control wpcf7-text\" autocomplete=\"off\" aria-invalid=\"false\" placeholder=\"Subjekti\" value=\"\" type=\"text\" name=\"your-subject\" \/><\/span><\/div>\n<div class=\"eutf-one-half eutf-last-column\"><span class=\"wpcf7-form-control-wrap\" data-name=\"your-subject\"><input size=\"40\" maxlength=\"400\" class=\"wpcf7-form-control wpcf7-text\" aria-invalid=\"false\" placeholder=\"Telefoni\" value=\"\" type=\"text\" name=\"your-subject\" \/><\/span><\/div>\n<div><span class=\"wpcf7-form-control-wrap\" data-name=\"your-message\"><textarea cols=\"40\" rows=\"10\" maxlength=\"2000\" class=\"wpcf7-form-control wpcf7-textarea\" aria-invalid=\"false\" placeholder=\"Mesazh\" name=\"your-message\"><\/textarea><\/span><\/div>\n<div><input class=\"wpcf7-form-control wpcf7-submit has-spinner\" type=\"submit\" value=\"D\u00ebrgoni mesazhin tuaj\" \/><\/div>\n<\/div>\n<\/div><div class=\"wpcf7-response-output\" aria-hidden=\"true\"><\/div>\n<input type=\"hidden\" name=\"trp-form-language\" value=\"sq\"\/><\/form>\n<\/div>\n<\/div>\t\t\t\t<\/div>\n\t\t\t\t<\/div>\n\t\t\t\t\t<\/div>\n\t\t<\/div>\n\t\t\t\t\t<\/div>\n\t\t<\/div>\n\t\t\t\t<\/div>","protected":false},"excerpt":{"rendered":"<p>Contact us Don\u2019t hesitate to contact us if you need help. Your brand and your users deserve the very best, and that\u2019s why we pour our love, dedication and expertise. Fill the form below Prishtina Str Eduard Lir no.10010000, Prishtina prishtina@fastrlink.com London 19 Maypole CrescentIlford, L6 2UJ london@fastrlink.com New York 19 Maypole CrescentIlford, L6 2UJ [&hellip;]<\/p>","protected":false},"author":1,"featured_media":9806,"parent":0,"menu_order":0,"comment_status":"closed","ping_status":"closed","template":"","meta":{"content-type":"","footnotes":""},"class_list":["post-7609","page","type-page","status-publish","has-post-thumbnail","hentry","eutf-entry-item"],"yoast_head":"<!-- This site is optimized with the Yoast SEO Premium plugin v23.9 (Yoast SEO v23.9) - https:\/\/yoast.com\/wordpress\/plugins\/seo\/ -->\n<title>Contact - Fastrlink.com<\/title>\n<meta name=\"robots\" content=\"index, follow, max-snippet:-1, max-image-preview:large, max-video-preview:-1\" \/>\n<link rel=\"canonical\" href=\"https:\/\/fastrlink.com\/sq\/contact\/\" \/>\n<meta property=\"og:locale\" content=\"sq_AL\" \/>\n<meta property=\"og:type\" content=\"article\" \/>\n<meta property=\"og:title\" content=\"Contact\" \/>\n<meta property=\"og:description\" content=\"Contact us Don\u2019t hesitate to contact us if you need help. Your brand and your users deserve the very best, and that\u2019s why we pour our love, dedication and expertise. Fill the form below Prishtina Str Eduard Lir no.10010000, Prishtina prishtina@fastrlink.com London 19 Maypole CrescentIlford, L6 2UJ london@fastrlink.com New York 19 Maypole CrescentIlford, L6 2UJ [&hellip;]\" \/>\n<meta property=\"og:url\" content=\"https:\/\/fastrlink.com\/sq\/contact\/\" \/>\n<meta property=\"og:site_name\" content=\"Fastrlink.com\" \/>\n<meta property=\"article:publisher\" content=\"https:\/\/facebook.com\/fastrlink\" \/>\n<meta property=\"article:modified_time\" content=\"2024-12-05T05:41:03+00:00\" \/>\n<meta property=\"og:image\" content=\"https:\/\/fastrlink.com\/wp-content\/uploads\/2024\/12\/wall.png\" \/>\n\t<meta property=\"og:image:width\" content=\"1920\" \/>\n\t<meta property=\"og:image:height\" content=\"1080\" \/>\n\t<meta property=\"og:image:type\" content=\"image\/png\" \/>\n<meta name=\"twitter:card\" content=\"summary_large_image\" \/>\n<meta name=\"twitter:label1\" content=\"Est. reading time\" \/>\n\t<meta name=\"twitter:data1\" content=\"1 minut\u00eb\" \/>\n<script type=\"application\/ld+json\" class=\"yoast-schema-graph\">{\"@context\":\"https:\/\/schema.org\",\"@graph\":[{\"@type\":\"WebPage\",\"@id\":\"https:\/\/fastrlink.com\/contact\/\",\"url\":\"https:\/\/fastrlink.com\/contact\/\",\"name\":\"Contact - Fastrlink.com\",\"isPartOf\":{\"@id\":\"https:\/\/fastrlink.com\/#website\"},\"primaryImageOfPage\":{\"@id\":\"https:\/\/fastrlink.com\/contact\/#primaryimage\"},\"image\":{\"@id\":\"https:\/\/fastrlink.com\/contact\/#primaryimage\"},\"thumbnailUrl\":\"https:\/\/fastrlink.com\/wp-content\/uploads\/2024\/12\/wall.png\",\"datePublished\":\"2023-03-03T14:38:30+00:00\",\"dateModified\":\"2024-12-05T05:41:03+00:00\",\"breadcrumb\":{\"@id\":\"https:\/\/fastrlink.com\/contact\/#breadcrumb\"},\"inLanguage\":\"sq\",\"potentialAction\":[{\"@type\":\"ReadAction\",\"target\":[\"https:\/\/fastrlink.com\/contact\/\"]}]},{\"@type\":\"ImageObject\",\"inLanguage\":\"sq\",\"@id\":\"https:\/\/fastrlink.com\/contact\/#primaryimage\",\"url\":\"https:\/\/fastrlink.com\/wp-content\/uploads\/2024\/12\/wall.png\",\"contentUrl\":\"https:\/\/fastrlink.com\/wp-content\/uploads\/2024\/12\/wall.png\",\"width\":1920,\"height\":1080,\"caption\":\"Fastrlink - NFC Digital Business Card - Prishtina, Kosova\"},{\"@type\":\"BreadcrumbList\",\"@id\":\"https:\/\/fastrlink.com\/contact\/#breadcrumb\",\"itemListElement\":[{\"@type\":\"ListItem\",\"position\":1,\"name\":\"Home\",\"item\":\"https:\/\/fastrlink.com\/\"},{\"@type\":\"ListItem\",\"position\":2,\"name\":\"Contact\"}]},{\"@type\":\"WebSite\",\"@id\":\"https:\/\/fastrlink.com\/#website\",\"url\":\"https:\/\/fastrlink.com\/\",\"name\":\"Fastrlink.com\",\"description\":\"Digital Business Cards\",\"publisher\":{\"@id\":\"https:\/\/fastrlink.com\/#organization\"},\"potentialAction\":[{\"@type\":\"SearchAction\",\"target\":{\"@type\":\"EntryPoint\",\"urlTemplate\":\"https:\/\/fastrlink.com\/?s={search_term_string}\"},\"query-input\":{\"@type\":\"PropertyValueSpecification\",\"valueRequired\":true,\"valueName\":\"search_term_string\"}}],\"inLanguage\":\"sq\"},{\"@type\":\"Organization\",\"@id\":\"https:\/\/fastrlink.com\/#organization\",\"name\":\"Fastrlink.com\",\"url\":\"https:\/\/fastrlink.com\/\",\"logo\":{\"@type\":\"ImageObject\",\"inLanguage\":\"sq\",\"@id\":\"https:\/\/fastrlink.com\/#\/schema\/logo\/image\/\",\"url\":\"https:\/\/fastrlink.com\/wp-content\/uploads\/2024\/12\/responsive_logo.svg\",\"contentUrl\":\"https:\/\/fastrlink.com\/wp-content\/uploads\/2024\/12\/responsive_logo.svg\",\"width\":105,\"height\":14,\"caption\":\"Fastrlink.com\"},\"image\":{\"@id\":\"https:\/\/fastrlink.com\/#\/schema\/logo\/image\/\"},\"sameAs\":[\"https:\/\/facebook.com\/fastrlink\",\"https:\/\/instagram.com\/fastrlink\"]}]}<\/script>\n<!-- \/ Yoast SEO Premium plugin. -->","yoast_head_json":{"title":"Contact - Fastrlink.com","robots":{"index":"index","follow":"follow","max-snippet":"max-snippet:-1","max-image-preview":"max-image-preview:large","max-video-preview":"max-video-preview:-1"},"canonical":"https:\/\/fastrlink.com\/sq\/contact\/","og_locale":"sq_AL","og_type":"article","og_title":"Contact","og_description":"Contact us Don\u2019t hesitate to contact us if you need help. Your brand and your users deserve the very best, and that\u2019s why we pour our love, dedication and expertise. Fill the form below Prishtina Str Eduard Lir no.10010000, Prishtina prishtina@fastrlink.com London 19 Maypole CrescentIlford, L6 2UJ london@fastrlink.com New York 19 Maypole CrescentIlford, L6 2UJ [&hellip;]","og_url":"https:\/\/fastrlink.com\/sq\/contact\/","og_site_name":"Fastrlink.com","article_publisher":"https:\/\/facebook.com\/fastrlink","article_modified_time":"2024-12-05T05:41:03+00:00","og_image":[{"width":1920,"height":1080,"url":"https:\/\/fastrlink.com\/wp-content\/uploads\/2024\/12\/wall.png","type":"image\/png"}],"twitter_card":"summary_large_image","twitter_misc":{"Est. reading time":"1 minut\u00eb"},"schema":{"@context":"https:\/\/schema.org","@graph":[{"@type":"WebPage","@id":"https:\/\/fastrlink.com\/contact\/","url":"https:\/\/fastrlink.com\/contact\/","name":"Contact - Fastrlink.com","isPartOf":{"@id":"https:\/\/fastrlink.com\/#website"},"primaryImageOfPage":{"@id":"https:\/\/fastrlink.com\/contact\/#primaryimage"},"image":{"@id":"https:\/\/fastrlink.com\/contact\/#primaryimage"},"thumbnailUrl":"https:\/\/fastrlink.com\/wp-content\/uploads\/2024\/12\/wall.png","datePublished":"2023-03-03T14:38:30+00:00","dateModified":"2024-12-05T05:41:03+00:00","breadcrumb":{"@id":"https:\/\/fastrlink.com\/contact\/#breadcrumb"},"inLanguage":"sq","potentialAction":[{"@type":"ReadAction","target":["https:\/\/fastrlink.com\/contact\/"]}]},{"@type":"ImageObject","inLanguage":"sq","@id":"https:\/\/fastrlink.com\/contact\/#primaryimage","url":"https:\/\/fastrlink.com\/wp-content\/uploads\/2024\/12\/wall.png","contentUrl":"https:\/\/fastrlink.com\/wp-content\/uploads\/2024\/12\/wall.png","width":1920,"height":1080,"caption":"Fastrlink - NFC Digital Business Card - Prishtina, Kosova"},{"@type":"BreadcrumbList","@id":"https:\/\/fastrlink.com\/contact\/#breadcrumb","itemListElement":[{"@type":"ListItem","position":1,"name":"Home","item":"https:\/\/fastrlink.com\/"},{"@type":"ListItem","position":2,"name":"Contact"}]},{"@type":"WebSite","@id":"https:\/\/fastrlink.com\/#website","url":"https:\/\/fastrlink.com\/","name":"Fastrlink.com","description":"Digital Business Cards","publisher":{"@id":"https:\/\/fastrlink.com\/#organization"},"potentialAction":[{"@type":"SearchAction","target":{"@type":"EntryPoint","urlTemplate":"https:\/\/fastrlink.com\/?s={search_term_string}"},"query-input":{"@type":"PropertyValueSpecification","valueRequired":true,"valueName":"search_term_string"}}],"inLanguage":"sq"},{"@type":"Organization","@id":"https:\/\/fastrlink.com\/#organization","name":"Fastrlink.com","url":"https:\/\/fastrlink.com\/","logo":{"@type":"ImageObject","inLanguage":"sq","@id":"https:\/\/fastrlink.com\/#\/schema\/logo\/image\/","url":"https:\/\/fastrlink.com\/wp-content\/uploads\/2024\/12\/responsive_logo.svg","contentUrl":"https:\/\/fastrlink.com\/wp-content\/uploads\/2024\/12\/responsive_logo.svg","width":105,"height":14,"caption":"Fastrlink.com"},"image":{"@id":"https:\/\/fastrlink.com\/#\/schema\/logo\/image\/"},"sameAs":["https:\/\/facebook.com\/fastrlink","https:\/\/instagram.com\/fastrlink"]}]}},"_links":{"self":[{"href":"https:\/\/fastrlink.com\/sq\/wp-json\/wp\/v2\/pages\/7609","targetHints":{"allow":["GET"]}}],"collection":[{"href":"https:\/\/fastrlink.com\/sq\/wp-json\/wp\/v2\/pages"}],"about":[{"href":"https:\/\/fastrlink.com\/sq\/wp-json\/wp\/v2\/types\/page"}],"author":[{"embeddable":true,"href":"https:\/\/fastrlink.com\/sq\/wp-json\/wp\/v2\/users\/1"}],"replies":[{"embeddable":true,"href":"https:\/\/fastrlink.com\/sq\/wp-json\/wp\/v2\/comments?post=7609"}],"version-history":[{"count":6,"href":"https:\/\/fastrlink.com\/sq\/wp-json\/wp\/v2\/pages\/7609\/revisions"}],"predecessor-version":[{"id":9805,"href":"https:\/\/fastrlink.com\/sq\/wp-json\/wp\/v2\/pages\/7609\/revisions\/9805"}],"wp:featuredmedia":[{"embeddable":true,"href":"https:\/\/fastrlink.com\/sq\/wp-json\/wp\/v2\/media\/9806"}],"wp:attachment":[{"href":"https:\/\/fastrlink.com\/sq\/wp-json\/wp\/v2\/media?parent=7609"}],"curies":[{"name":"wp","href":"https:\/\/api.w.org\/{rel}","templated":true}]}}