{"id":7607,"date":"2023-03-03T14:38:08","date_gmt":"2023-03-03T14:38:08","guid":{"rendered":"https:\/\/fastr.us\/services\/"},"modified":"2024-12-08T23:46:54","modified_gmt":"2024-12-08T23:46:54","slug":"how-it-works","status":"publish","type":"page","link":"https:\/\/fastrlink.com\/sq\/how-it-works\/","title":{"rendered":"Si funksionon"},"content":{"rendered":"<div data-elementor-type=\"wp-page\" data-elementor-id=\"7607\" class=\"elementor elementor-7607\" data-elementor-post-type=\"page\">\n\t\t\t\t\t\t<section class=\"elementor-section elementor-top-section elementor-element elementor-element-6b61d0c3 elementor-section-stretched elementor-section-boxed elementor-section-height-default elementor-section-height-default\" data-id=\"6b61d0c3\" data-element_type=\"section\" data-e-type=\"section\" data-settings=\"{&quot;stretch_section&quot;:&quot;section-stretched&quot;,&quot;background_background&quot;:&quot;classic&quot;}\">\n\t\t\t\t\t\t<div class=\"elementor-container elementor-column-gap-no\">\n\t\t\t\t\t<div class=\"elementor-column elementor-col-100 elementor-top-column elementor-element elementor-element-116341e6\" data-id=\"116341e6\" data-element_type=\"column\" data-e-type=\"column\">\n\t\t\t<div class=\"elementor-widget-wrap elementor-element-populated\">\n\t\t\t\t\t\t<section class=\"elementor-section elementor-inner-section elementor-element elementor-element-3f3a1f84 elementor-section-boxed elementor-section-height-default elementor-section-height-default\" data-id=\"3f3a1f84\" data-element_type=\"section\" data-e-type=\"section\">\n\t\t\t\t\t\t<div class=\"elementor-container elementor-column-gap-no\">\n\t\t\t\t\t<div class=\"elementor-column elementor-col-25 elementor-inner-column elementor-element elementor-element-79dd74ba\" data-id=\"79dd74ba\" data-element_type=\"column\" data-e-type=\"column\" data-settings=\"{&quot;background_background&quot;:&quot;classic&quot;}\">\n\t\t\t<div class=\"elementor-widget-wrap elementor-element-populated\">\n\t\t\t\t\t\t<div class=\"elementor-element elementor-element-93a551c eutf-elementor-align-left elementor-widget elementor-widget-weshop_icon_box\" data-id=\"93a551c\" data-element_type=\"widget\" data-e-type=\"widget\" data-widget_type=\"weshop_icon_box.default\">\n\t\t\t\t<div class=\"elementor-widget-container\">\n\t\t\t\t\t<div class=\"eutf-element eutf-box-icon eutf-small eutf-top-icon\"><div class=\"eutf-wrapper-icon\" style=\"\"><span class=\"eutf-box-icon eutf-text-black\"><span>01<\/span><\/span><\/div><div class=\"eutf-box-content\"><h3 class=\"eutf-box-title eutf-h6\">Merrni nj\u00eb produkt <\/h3><p class=\"eutf-box-content-inner eutf-small-text\">Selektoni nj\u00eb variant te produkteve t\u00eb ndryshme dixhitale nfc.<\/p><\/div><\/div>\t\t\t\t<\/div>\n\t\t\t\t<\/div>\n\t\t\t\t<div class=\"elementor-element elementor-element-19e2649f elementor-widget elementor-widget-weshop_button\" data-id=\"19e2649f\" data-element_type=\"widget\" data-e-type=\"widget\" data-widget_type=\"weshop_button.default\">\n\t\t\t\t<div class=\"elementor-widget-container\">\n\t\t\t\t\t<div class=\"eutf-element\"><a href=\"\/sq\/shop\/\" class=\"eutf-btn eutf-extra-round eutf-bg-primary-1 eutf-border-primary-1 eutf-bg-hover-black eutf-border-hover-black eutf-text-white eutf-text-hover-white eutf-btn-small\">\r\n\t\t<span>EKSPLORONI<\/span>\r\n\t\t\t\t\t\t\t<\/a><\/div>\t\t\t\t<\/div>\n\t\t\t\t<\/div>\n\t\t\t\t\t<\/div>\n\t\t<\/div>\n\t\t\t\t<div class=\"elementor-column elementor-col-25 elementor-inner-column elementor-element elementor-element-3c11fde2\" data-id=\"3c11fde2\" data-element_type=\"column\" data-e-type=\"column\" data-settings=\"{&quot;background_background&quot;:&quot;classic&quot;}\">\n\t\t\t<div class=\"elementor-widget-wrap elementor-element-populated\">\n\t\t\t\t\t\t<div class=\"elementor-element elementor-element-36404c1e eutf-elementor-align-left elementor-widget elementor-widget-weshop_icon_box\" data-id=\"36404c1e\" data-element_type=\"widget\" data-e-type=\"widget\" data-widget_type=\"weshop_icon_box.default\">\n\t\t\t\t<div class=\"elementor-widget-container\">\n\t\t\t\t\t<div class=\"eutf-element eutf-box-icon eutf-small eutf-top-icon\"><div class=\"eutf-wrapper-icon\" style=\"\"><span class=\"eutf-box-icon eutf-text-black\"><span>02<\/span><\/span><\/div><div class=\"eutf-box-content\"><h3 class=\"eutf-box-title eutf-h6\">Krijoni profilin tuaj<\/h3><p class=\"eutf-box-content-inner eutf-small-text\">Krijo profilin tuaj, apliko informacionet sikurkse dhe rrjetet tuaja sociale.<\/p><\/div><\/div>\t\t\t\t<\/div>\n\t\t\t\t<\/div>\n\t\t\t\t<div class=\"elementor-element elementor-element-f1f15e elementor-widget elementor-widget-weshop_button\" data-id=\"f1f15e\" data-element_type=\"widget\" data-e-type=\"widget\" data-widget_type=\"weshop_button.default\">\n\t\t\t\t<div class=\"elementor-widget-container\">\n\t\t\t\t\t<div class=\"eutf-element\"><a href=\"\/sq\/contact\/\" class=\"eutf-btn eutf-extra-round eutf-bg-primary-1 eutf-border-primary-1 eutf-bg-hover-black eutf-border-hover-black eutf-text-white eutf-text-hover-white eutf-btn-small\">\r\n\t\t<span>PLOT\u00cbSONI T\u00cb DH\u00cbNAT<\/span>\r\n\t\t\t\t\t\t\t<\/a><\/div>\t\t\t\t<\/div>\n\t\t\t\t<\/div>\n\t\t\t\t\t<\/div>\n\t\t<\/div>\n\t\t\t\t<div class=\"elementor-column elementor-col-25 elementor-inner-column elementor-element elementor-element-4fb8f154\" data-id=\"4fb8f154\" data-element_type=\"column\" data-e-type=\"column\" data-settings=\"{&quot;background_background&quot;:&quot;classic&quot;}\">\n\t\t\t<div class=\"elementor-widget-wrap elementor-element-populated\">\n\t\t\t\t\t\t<div class=\"elementor-element elementor-element-400fe1c0 eutf-elementor-align-left elementor-widget elementor-widget-weshop_icon_box\" data-id=\"400fe1c0\" data-element_type=\"widget\" data-e-type=\"widget\" data-widget_type=\"weshop_icon_box.default\">\n\t\t\t\t<div class=\"elementor-widget-container\">\n\t\t\t\t\t<div class=\"eutf-element eutf-box-icon eutf-small eutf-top-icon\"><div class=\"eutf-wrapper-icon\" style=\"\"><span class=\"eutf-box-icon eutf-text-black\"><span>03<\/span><\/span><\/div><div class=\"eutf-box-content\"><h3 class=\"eutf-box-title eutf-h6\">Aktivizioni produktin tuaj<\/h3><p class=\"eutf-box-content-inner eutf-small-text\">N\u00eb Momentin q\u00eb pranoni produktin tuaj do t\u00eb aktivizohet.<\/p><\/div><\/div>\t\t\t\t<\/div>\n\t\t\t\t<\/div>\n\t\t\t\t<div class=\"elementor-element elementor-element-1858a34d elementor-widget elementor-widget-weshop_button\" data-id=\"1858a34d\" data-element_type=\"widget\" data-e-type=\"widget\" data-widget_type=\"weshop_button.default\">\n\t\t\t\t<div class=\"elementor-widget-container\">\n\t\t\t\t\t<div class=\"eutf-element\"><a href=\"\/sq\/contact\/\" class=\"eutf-btn eutf-extra-round eutf-bg-primary-1 eutf-border-primary-1 eutf-bg-hover-black eutf-border-hover-black eutf-text-white eutf-text-hover-white eutf-btn-small\">\r\n\t\t<span>aktivizo<\/span>\r\n\t\t\t\t\t\t\t<\/a><\/div>\t\t\t\t<\/div>\n\t\t\t\t<\/div>\n\t\t\t\t\t<\/div>\n\t\t<\/div>\n\t\t\t\t<div class=\"elementor-column elementor-col-25 elementor-inner-column elementor-element elementor-element-51fbb5b7\" data-id=\"51fbb5b7\" data-element_type=\"column\" data-e-type=\"column\" data-settings=\"{&quot;background_background&quot;:&quot;classic&quot;}\">\n\t\t\t<div class=\"elementor-widget-wrap elementor-element-populated\">\n\t\t\t\t\t\t<div class=\"elementor-element elementor-element-3af25447 eutf-elementor-align-left elementor-widget elementor-widget-weshop_icon_box\" data-id=\"3af25447\" data-element_type=\"widget\" data-e-type=\"widget\" data-widget_type=\"weshop_icon_box.default\">\n\t\t\t\t<div class=\"elementor-widget-container\">\n\t\t\t\t\t<div class=\"eutf-element eutf-box-icon eutf-small eutf-top-icon\"><div class=\"eutf-wrapper-icon\" style=\"\"><span class=\"eutf-box-icon eutf-text-black\"><span>04<\/span><\/span><\/div><div class=\"eutf-box-content\"><h3 class=\"eutf-box-title eutf-h6\">Starto rrjetet<\/h3><p class=\"eutf-box-content-inner eutf-small-text\">Tani ju mund t\u00eb shp\u00ebrndani informatat tuaj tek t\u00eb tjer\u00ebt n\u00eb m\u00ebnyren m\u00eb efikase dhe t\u00eb leht\u00eb.<\/p><\/div><\/div>\t\t\t\t<\/div>\n\t\t\t\t<\/div>\n\t\t\t\t<div class=\"elementor-element elementor-element-57fef843 elementor-widget elementor-widget-weshop_button\" data-id=\"57fef843\" data-element_type=\"widget\" data-e-type=\"widget\" data-widget_type=\"weshop_button.default\">\n\t\t\t\t<div class=\"elementor-widget-container\">\n\t\t\t\t\t<div class=\"eutf-element\"><a href=\"\/sq\/Contact\/\" class=\"eutf-btn eutf-extra-round eutf-bg-primary-1 eutf-border-primary-1 eutf-bg-hover-black eutf-border-hover-black eutf-text-white eutf-text-hover-white eutf-btn-small\">\r\n\t\t<span>LIDHU<\/span>\r\n\t\t\t\t\t\t\t<\/a><\/div>\t\t\t\t<\/div>\n\t\t\t\t<\/div>\n\t\t\t\t\t<\/div>\n\t\t<\/div>\n\t\t\t\t\t<\/div>\n\t\t<\/section>\n\t\t\t\t\t<\/div>\n\t\t<\/div>\n\t\t\t\t\t<\/div>\n\t\t<\/section>\n\t\t\t\t<\/div>","protected":false},"excerpt":{"rendered":"<p>01 Get a FastrTap product Select from variety of our different nfc digital products. DISCOVER 02 Create Your Profile Create your profile, add your info and your social media for free! FILL THE DATA 03 Activate Your Product Whenever you receive your product it will be activated. ACTIVATE 04 Start Networking You can now share [&hellip;]<\/p>","protected":false},"author":1,"featured_media":9806,"parent":0,"menu_order":0,"comment_status":"closed","ping_status":"closed","template":"","meta":{"content-type":"","footnotes":""},"class_list":["post-7607","page","type-page","status-publish","has-post-thumbnail","hentry","eutf-entry-item"],"yoast_head":"<!-- This site is optimized with the Yoast SEO Premium plugin v23.9 (Yoast SEO v23.9) - https:\/\/yoast.com\/wordpress\/plugins\/seo\/ -->\n<title>How it works - Fastrlink.com<\/title>\n<meta name=\"robots\" content=\"index, follow, max-snippet:-1, max-image-preview:large, max-video-preview:-1\" \/>\n<link rel=\"canonical\" href=\"https:\/\/fastrlink.com\/sq\/how-it-works\/\" \/>\n<meta property=\"og:locale\" content=\"sq_AL\" \/>\n<meta property=\"og:type\" content=\"article\" \/>\n<meta property=\"og:title\" content=\"How it works\" \/>\n<meta property=\"og:description\" content=\"01 Get a FastrTap product Select from variety of our different nfc digital products. DISCOVER 02 Create Your Profile Create your profile, add your info and your social media for free! FILL THE DATA 03 Activate Your Product Whenever you receive your product it will be activated. ACTIVATE 04 Start Networking You can now share [&hellip;]\" \/>\n<meta property=\"og:url\" content=\"https:\/\/fastrlink.com\/sq\/how-it-works\/\" \/>\n<meta property=\"og:site_name\" content=\"Fastrlink.com\" \/>\n<meta property=\"article:publisher\" content=\"https:\/\/facebook.com\/fastrlink\" \/>\n<meta property=\"article:modified_time\" content=\"2024-12-08T23:46:54+00:00\" \/>\n<meta property=\"og:image\" content=\"https:\/\/fastrlink.com\/wp-content\/uploads\/2024\/12\/wall.png\" \/>\n\t<meta property=\"og:image:width\" content=\"1920\" \/>\n\t<meta property=\"og:image:height\" content=\"1080\" \/>\n\t<meta property=\"og:image:type\" content=\"image\/png\" \/>\n<meta name=\"twitter:card\" content=\"summary_large_image\" \/>\n<meta name=\"twitter:label1\" content=\"Est. reading time\" \/>\n\t<meta name=\"twitter:data1\" content=\"1 minut\u00eb\" \/>\n<script type=\"application\/ld+json\" class=\"yoast-schema-graph\">{\"@context\":\"https:\/\/schema.org\",\"@graph\":[{\"@type\":\"WebPage\",\"@id\":\"https:\/\/fastrlink.com\/how-it-works\/\",\"url\":\"https:\/\/fastrlink.com\/how-it-works\/\",\"name\":\"How it works - Fastrlink.com\",\"isPartOf\":{\"@id\":\"https:\/\/fastrlink.com\/#website\"},\"primaryImageOfPage\":{\"@id\":\"https:\/\/fastrlink.com\/how-it-works\/#primaryimage\"},\"image\":{\"@id\":\"https:\/\/fastrlink.com\/how-it-works\/#primaryimage\"},\"thumbnailUrl\":\"https:\/\/fastrlink.com\/wp-content\/uploads\/2024\/12\/wall.png\",\"datePublished\":\"2023-03-03T14:38:08+00:00\",\"dateModified\":\"2024-12-08T23:46:54+00:00\",\"breadcrumb\":{\"@id\":\"https:\/\/fastrlink.com\/how-it-works\/#breadcrumb\"},\"inLanguage\":\"sq\",\"potentialAction\":[{\"@type\":\"ReadAction\",\"target\":[\"https:\/\/fastrlink.com\/how-it-works\/\"]}]},{\"@type\":\"ImageObject\",\"inLanguage\":\"sq\",\"@id\":\"https:\/\/fastrlink.com\/how-it-works\/#primaryimage\",\"url\":\"https:\/\/fastrlink.com\/wp-content\/uploads\/2024\/12\/wall.png\",\"contentUrl\":\"https:\/\/fastrlink.com\/wp-content\/uploads\/2024\/12\/wall.png\",\"width\":1920,\"height\":1080,\"caption\":\"Fastrlink - NFC Digital Business Card - Prishtina, Kosova\"},{\"@type\":\"BreadcrumbList\",\"@id\":\"https:\/\/fastrlink.com\/how-it-works\/#breadcrumb\",\"itemListElement\":[{\"@type\":\"ListItem\",\"position\":1,\"name\":\"Home\",\"item\":\"https:\/\/fastrlink.com\/\"},{\"@type\":\"ListItem\",\"position\":2,\"name\":\"How it works\"}]},{\"@type\":\"WebSite\",\"@id\":\"https:\/\/fastrlink.com\/#website\",\"url\":\"https:\/\/fastrlink.com\/\",\"name\":\"Fastrlink.com\",\"description\":\"Digital Business Cards\",\"publisher\":{\"@id\":\"https:\/\/fastrlink.com\/#organization\"},\"potentialAction\":[{\"@type\":\"SearchAction\",\"target\":{\"@type\":\"EntryPoint\",\"urlTemplate\":\"https:\/\/fastrlink.com\/?s={search_term_string}\"},\"query-input\":{\"@type\":\"PropertyValueSpecification\",\"valueRequired\":true,\"valueName\":\"search_term_string\"}}],\"inLanguage\":\"sq\"},{\"@type\":\"Organization\",\"@id\":\"https:\/\/fastrlink.com\/#organization\",\"name\":\"Fastrlink.com\",\"url\":\"https:\/\/fastrlink.com\/\",\"logo\":{\"@type\":\"ImageObject\",\"inLanguage\":\"sq\",\"@id\":\"https:\/\/fastrlink.com\/#\/schema\/logo\/image\/\",\"url\":\"https:\/\/fastrlink.com\/wp-content\/uploads\/2024\/12\/responsive_logo.svg\",\"contentUrl\":\"https:\/\/fastrlink.com\/wp-content\/uploads\/2024\/12\/responsive_logo.svg\",\"width\":105,\"height\":14,\"caption\":\"Fastrlink.com\"},\"image\":{\"@id\":\"https:\/\/fastrlink.com\/#\/schema\/logo\/image\/\"},\"sameAs\":[\"https:\/\/facebook.com\/fastrlink\",\"https:\/\/instagram.com\/fastrlink\"]}]}<\/script>\n<!-- \/ Yoast SEO Premium plugin. -->","yoast_head_json":{"title":"How it works - Fastrlink.com","robots":{"index":"index","follow":"follow","max-snippet":"max-snippet:-1","max-image-preview":"max-image-preview:large","max-video-preview":"max-video-preview:-1"},"canonical":"https:\/\/fastrlink.com\/sq\/how-it-works\/","og_locale":"sq_AL","og_type":"article","og_title":"How it works","og_description":"01 Get a FastrTap product Select from variety of our different nfc digital products. DISCOVER 02 Create Your Profile Create your profile, add your info and your social media for free! FILL THE DATA 03 Activate Your Product Whenever you receive your product it will be activated. ACTIVATE 04 Start Networking You can now share [&hellip;]","og_url":"https:\/\/fastrlink.com\/sq\/how-it-works\/","og_site_name":"Fastrlink.com","article_publisher":"https:\/\/facebook.com\/fastrlink","article_modified_time":"2024-12-08T23:46:54+00:00","og_image":[{"width":1920,"height":1080,"url":"https:\/\/fastrlink.com\/wp-content\/uploads\/2024\/12\/wall.png","type":"image\/png"}],"twitter_card":"summary_large_image","twitter_misc":{"Est. reading time":"1 minut\u00eb"},"schema":{"@context":"https:\/\/schema.org","@graph":[{"@type":"WebPage","@id":"https:\/\/fastrlink.com\/how-it-works\/","url":"https:\/\/fastrlink.com\/how-it-works\/","name":"How it works - Fastrlink.com","isPartOf":{"@id":"https:\/\/fastrlink.com\/#website"},"primaryImageOfPage":{"@id":"https:\/\/fastrlink.com\/how-it-works\/#primaryimage"},"image":{"@id":"https:\/\/fastrlink.com\/how-it-works\/#primaryimage"},"thumbnailUrl":"https:\/\/fastrlink.com\/wp-content\/uploads\/2024\/12\/wall.png","datePublished":"2023-03-03T14:38:08+00:00","dateModified":"2024-12-08T23:46:54+00:00","breadcrumb":{"@id":"https:\/\/fastrlink.com\/how-it-works\/#breadcrumb"},"inLanguage":"sq","potentialAction":[{"@type":"ReadAction","target":["https:\/\/fastrlink.com\/how-it-works\/"]}]},{"@type":"ImageObject","inLanguage":"sq","@id":"https:\/\/fastrlink.com\/how-it-works\/#primaryimage","url":"https:\/\/fastrlink.com\/wp-content\/uploads\/2024\/12\/wall.png","contentUrl":"https:\/\/fastrlink.com\/wp-content\/uploads\/2024\/12\/wall.png","width":1920,"height":1080,"caption":"Fastrlink - NFC Digital Business Card - Prishtina, Kosova"},{"@type":"BreadcrumbList","@id":"https:\/\/fastrlink.com\/how-it-works\/#breadcrumb","itemListElement":[{"@type":"ListItem","position":1,"name":"Home","item":"https:\/\/fastrlink.com\/"},{"@type":"ListItem","position":2,"name":"How it works"}]},{"@type":"WebSite","@id":"https:\/\/fastrlink.com\/#website","url":"https:\/\/fastrlink.com\/","name":"Fastrlink.com","description":"Digital Business Cards","publisher":{"@id":"https:\/\/fastrlink.com\/#organization"},"potentialAction":[{"@type":"SearchAction","target":{"@type":"EntryPoint","urlTemplate":"https:\/\/fastrlink.com\/?s={search_term_string}"},"query-input":{"@type":"PropertyValueSpecification","valueRequired":true,"valueName":"search_term_string"}}],"inLanguage":"sq"},{"@type":"Organization","@id":"https:\/\/fastrlink.com\/#organization","name":"Fastrlink.com","url":"https:\/\/fastrlink.com\/","logo":{"@type":"ImageObject","inLanguage":"sq","@id":"https:\/\/fastrlink.com\/#\/schema\/logo\/image\/","url":"https:\/\/fastrlink.com\/wp-content\/uploads\/2024\/12\/responsive_logo.svg","contentUrl":"https:\/\/fastrlink.com\/wp-content\/uploads\/2024\/12\/responsive_logo.svg","width":105,"height":14,"caption":"Fastrlink.com"},"image":{"@id":"https:\/\/fastrlink.com\/#\/schema\/logo\/image\/"},"sameAs":["https:\/\/facebook.com\/fastrlink","https:\/\/instagram.com\/fastrlink"]}]}},"_links":{"self":[{"href":"https:\/\/fastrlink.com\/sq\/wp-json\/wp\/v2\/pages\/7607","targetHints":{"allow":["GET"]}}],"collection":[{"href":"https:\/\/fastrlink.com\/sq\/wp-json\/wp\/v2\/pages"}],"about":[{"href":"https:\/\/fastrlink.com\/sq\/wp-json\/wp\/v2\/types\/page"}],"author":[{"embeddable":true,"href":"https:\/\/fastrlink.com\/sq\/wp-json\/wp\/v2\/users\/1"}],"replies":[{"embeddable":true,"href":"https:\/\/fastrlink.com\/sq\/wp-json\/wp\/v2\/comments?post=7607"}],"version-history":[{"count":7,"href":"https:\/\/fastrlink.com\/sq\/wp-json\/wp\/v2\/pages\/7607\/revisions"}],"predecessor-version":[{"id":9969,"href":"https:\/\/fastrlink.com\/sq\/wp-json\/wp\/v2\/pages\/7607\/revisions\/9969"}],"wp:featuredmedia":[{"embeddable":true,"href":"https:\/\/fastrlink.com\/sq\/wp-json\/wp\/v2\/media\/9806"}],"wp:attachment":[{"href":"https:\/\/fastrlink.com\/sq\/wp-json\/wp\/v2\/media?parent=7607"}],"curies":[{"name":"wp","href":"https:\/\/api.w.org\/{rel}","templated":true}]}}